{"id":2850,"date":"2023-05-03T10:11:01","date_gmt":"2023-05-03T10:11:01","guid":{"rendered":"https:\/\/seedsecu.com\/vn\/?post_type=product&#038;p=2850"},"modified":"2024-01-29T02:12:24","modified_gmt":"2024-01-29T02:12:24","slug":"vi-cung-seedsecu-single","status":"publish","type":"product","link":"https:\/\/seedsecu.com\/vn\/product\/vi-cung-seedsecu-single\/","title":{"rendered":"V\u00ed C\u1ee9ng SeedSecu Single"},"content":{"rendered":"<h2><strong style=\"font-size: 15px; color: var(--text-color); letter-spacing: var(--text-tracking);\">V\u00ed c\u1ee9ng SeedSecu Single<\/strong><\/h2>\n<p>\u0110\u01b0\u1ee3c thi\u1ebft k\u1ebf b\u1eb1ng\u00a0 t\u1ea5m inox ch\u1eafc ch\u1eafn, an to\u00e0n, ch\u1ed1ng ch\u00e1y.<\/p>\n<p>K\u00edch th\u01b0\u1edbc s\u1ea3n ph\u1ea9m: 12.5 x 7.4 x 0.3 cm<\/p>\n<h2><span style=\"font-size: 15px; color: var(--text-color); letter-spacing: var(--text-tracking);\">S\u1eed d\u1ee5ng <\/span><strong style=\"font-size: 15px; color: var(--text-color); letter-spacing: var(--text-tracking);\">V\u00ed c\u1ee9ng SeedSecu Single <\/strong><span style=\"font-size: 15px; color: var(--text-color); letter-spacing: var(--text-tracking);\">b\u1ea1n c\u00f3 th\u1ec3:<\/span><\/h2>\n<ul>\n<li>V\u00ed tr\u1eef l\u1ea1nh l\u01b0u tr\u1eef b\u1ed9 kh\u00f3a c\u00e1 nh\u00e2n (private key &#8211; seed phrase) c\u1ee7a c\u00e1c lo\u1ea1i v\u00ed tr\u1eef l\u1ea1nh<\/li>\n<li>V\u00ed l\u01b0u tr\u1eef b\u1ed9 kh\u00f3a c\u00e1 nh\u00e2n (private key &#8211; seed phrase) c\u1ee7a c\u00e1c lo\u1ea1i v\u00ed n\u00f3ng, c\u00e1c lo\u1ea1i v\u00ed c\u1ee7a c\u00e1c coin, token<\/li>\n<li>V\u1edbi v\u00ed c\u1ee9ng SeedSecu S, b\u1ea1n s\u1ebd kh\u00f4ng s\u1ee3 b\u1ecb r\u00e1ch, b\u1ecb ch\u00e1y, b\u1ecb n\u01b0\u1edbc.<\/li>\n<\/ul>\n<h2>Hi\u1ec7u qu\u1ea3 an to\u00e0n<\/h2>\n<p><strong>V\u00ed c\u1ee9ng SeedSecu Model Single<\/strong> gi\u00fap b\u1ea1n l\u01b0u tr\u1eef b\u1ed9 kh\u00f3a c\u00e1 nh\u00e2n tuy\u1ec7t \u0111\u1ed1i an to\u00e0n. Cho d\u00f9 b\u1ea1n \u0111i xa b\u1ea1n v\u1eabn lu\u00f4n y\u00ean t\u00e2m v\u00ec \u0111\u00e3 c\u00f3 v\u00ed c\u1ee9ng SeedSecu Model Single l\u01b0u tr\u1eef 24 k\u00fd t\u1ef1 cho b\u1ea1n. Crypto c\u1ee7a b\u1ea1n lu\u00f4n \u0111\u01b0\u1ee3c an to\u00e0n v\u00e0 b\u1ea3o m\u1eadt.<\/p>\n<ul>\n<li>S\u1ea3n ph\u1ea5m thi\u1ebft k\u1ebf nh\u1ecf g\u1ecdn hi\u1ec7n \u0111\u1ea1i gi\u00fap thu\u1eadn ti\u1ec7n l\u01b0u tr\u1eef 24 k\u00fd t\u1ef1 b\u1ea3o m\u1eadt.<\/li>\n<li>H\u1ec7 th\u1ed1ng chuy\u1ec3n \u0111\u1ed5i t\u1eeb ch\u1eef (Word) sang s\u1ed1 (Number) \u0111\u1ec3 \u0111\u1ea3m b\u1ea3o an to\u00e0n n\u1ed9i dung cho 24 k\u00fd t\u1ef1.<\/li>\n<li>S\u1eed d\u1ee5ng ch\u1ea5t li\u1ec7u th\u00e9p kh\u00f4ng g\u1ec9 (304) l\u00e0 ch\u1ea5t li\u1ec7u ch\u1ed1ng ch\u00e1y \u0111\u01b0\u1ee3c s\u1eed d\u1ee5ng \u1edf c\u00e1c nh\u00e0 cao t\u1ea7ng, \u0111\u1ea3m b\u1ed9 \u0111\u1ed9 b\u1ec1n cho v\u00ed\u00a0 \u0111\u1ebfn m\u1ee9c tuy\u1ec7t \u0111\u1ed1i.<\/li>\n<li>H\u00e3y kh\u1eafc kh\u00f3a c\u00e1 nh\u00e2n c\u1ee7a b\u1ea1n v\u00e0o v\u00ed c\u1ee9ng SeedSecu thay v\u00ec ch\u1ec9 l\u01b0u v\u00e0o m\u1ed9t t\u1edd gi\u1ea5y ho\u1eb7c l\u01b0u v\u00e0o m\u00e1y t\u00ednh. Gia t\u0103ng \u0111\u1ed9 an to\u00e0n khi l\u01b0u tr\u1eef.<\/li>\n<li>C\u00e1c ch\u1eef s\u1ed1 v\u00e0 logo s\u1ea3n ph\u1ea9m \u0111\u01b0\u1ee3c s\u1eed d\u1ee5ng c\u00f4ng ngh\u1ec7 in Lazer, chu\u1ea9n m\u1ef1c \u0111\u1ebfn m\u1ee9c tuy\u1ec7t \u0111\u1ed1i.<\/li>\n<li>V\u00ed l\u1ea1nh ch\u00ednh h\u00e3ng thi\u1ebft k\u1ebf g\u1ecdn g\u00e0ng, v\u1eeba tay, tinh t\u1ebf. D\u1ec5 d\u00e0ng s\u1eed d\u1ee5ng.<\/li>\n<\/ul>\n<h2>T\u1ea5t c\u1ea3 c\u00e1c s\u1ea3n ph\u1ea9m b\u00e1n ra lu\u00f4n cam k\u1ebft \u0111\u1ea3m b\u1ea3o:<\/h2>\n<ul>\n<li>S\u1ea3n ph\u1ea9m ch\u00ednh h\u00e3ng SeedSecu. Cam k\u1ebft nguy\u00ean seal box, m\u1edbi 100%<\/li>\n<li>\u0110\u1ed5i m\u1edbi ngay l\u1eadp t\u1ee9c trong v\u00f2ng 7 ng\u00e0y \u0111\u1ea7u s\u1eed d\u1ee5ng &amp; b\u1ea3o h\u00e0nh ch\u00ednh h\u00e3ng 12 th\u00e1ng (n\u1ebfu c\u00f3 l\u1ed7i c\u1ee7a nh\u00e0 s\u1ea3n xu\u1ea5t)<\/li>\n<li>H\u1ed7 tr\u1ee3 k\u1ef9 thu\u1eadt mi\u1ec5n ph\u00ed tr\u1ecdn \u0111\u1eddi: H\u01b0\u1edbng d\u1eabn s\u1eed d\u1ee5ng, gi\u1ea3i \u0111\u00e1p th\u1eafc m\u1eafc trong su\u1ed1t qu\u00e1 tr\u00ecnh s\u1eed d\u1ee5ng.<\/li>\n<li>Giao t\u1eadn n\u01a1i To\u00e0n qu\u1ed1c.<\/li>\n<\/ul>\n<p><a href=\"https:\/\/seedsecu.com\/vn\/huong-dan-su-dung-vi-cung\/\" target=\"_blank\" rel=\"noopener\">H\u01b0\u1edbng d\u1eabn s\u1eed d\u1ee5ng <\/a><\/p>\n","protected":false},"excerpt":{"rendered":"<p>V\u00ed c\u1ee9ng SeedSecu Single \u0110\u01b0\u1ee3c thi\u1ebft k\u1ebf b\u1eb1ng\u00a0 t\u1ea5m inox ch\u1eafc ch\u1eafn, an to\u00e0n, ch\u1ed1ng ch\u00e1y. K\u00edch th\u01b0\u1edbc s\u1ea3n ph\u1ea9m: 12.5 x 7.4 x 0.3 cm S\u1eed d\u1ee5ng V\u00ed c\u1ee9ng SeedSecu Single b\u1ea1n c\u00f3 th\u1ec3: V\u00ed tr\u1eef l\u1ea1nh l\u01b0u tr\u1eef b\u1ed9 kh\u00f3a c\u00e1 nh\u00e2n (private key &#8211; seed phrase) c\u1ee7a c\u00e1c lo\u1ea1i v\u00ed tr\u1eef l\u1ea1nh <\/p>\n","protected":false},"featured_media":2857,"template":"","meta":{"_mi_skip_tracking":false},"product_cat":[50],"product_tag":[],"yoast_head":"<!-- This site is optimized with the Yoast SEO plugin v19.12 - https:\/\/yoast.com\/wordpress\/plugins\/seo\/ -->\n<title>V\u00ed C\u1ee9ng SeedSecu Single - V\u00ed C\u1ee9ng Seedsecu<\/title>\n<meta name=\"robots\" content=\"index, follow, max-snippet:-1, max-image-preview:large, max-video-preview:-1\" \/>\n<link rel=\"canonical\" href=\"https:\/\/seedsecu.com\/vn\/product\/vi-cung-seedsecu-single\/\" \/>\n<meta property=\"og:locale\" content=\"vi_VN\" \/>\n<meta property=\"og:type\" content=\"article\" \/>\n<meta property=\"og:title\" content=\"V\u00ed C\u1ee9ng SeedSecu Single - V\u00ed C\u1ee9ng Seedsecu\" \/>\n<meta property=\"og:description\" content=\"V\u00ed c\u1ee9ng SeedSecu Single \u0110\u01b0\u1ee3c thi\u1ebft k\u1ebf b\u1eb1ng\u00a0 t\u1ea5m inox ch\u1eafc ch\u1eafn, an to\u00e0n, ch\u1ed1ng ch\u00e1y. K\u00edch th\u01b0\u1edbc s\u1ea3n ph\u1ea9m: 12.5 x 7.4 x 0.3 cm S\u1eed d\u1ee5ng V\u00ed c\u1ee9ng SeedSecu Single b\u1ea1n c\u00f3 th\u1ec3: V\u00ed tr\u1eef l\u1ea1nh l\u01b0u tr\u1eef b\u1ed9 kh\u00f3a c\u00e1 nh\u00e2n (private key &#8211; seed phrase) c\u1ee7a c\u00e1c lo\u1ea1i v\u00ed tr\u1eef l\u1ea1nh\" \/>\n<meta property=\"og:url\" content=\"https:\/\/seedsecu.com\/vn\/product\/vi-cung-seedsecu-single\/\" \/>\n<meta property=\"og:site_name\" content=\"V\u00ed C\u1ee9ng Seedsecu\" \/>\n<meta property=\"article:modified_time\" content=\"2024-01-29T02:12:24+00:00\" \/>\n<meta property=\"og:image\" content=\"https:\/\/seedsecu.com\/vn\/wp-content\/uploads\/sites\/5\/2023\/05\/IMG_7203-scaled.jpg\" \/>\n\t<meta property=\"og:image:width\" content=\"2560\" \/>\n\t<meta property=\"og:image:height\" content=\"1707\" \/>\n\t<meta property=\"og:image:type\" content=\"image\/jpeg\" \/>\n<meta name=\"twitter:card\" content=\"summary_large_image\" \/>\n<meta name=\"twitter:label1\" content=\"\u01af\u1edbc t\u00ednh th\u1eddi gian \u0111\u1ecdc\" \/>\n\t<meta name=\"twitter:data1\" content=\"2 ph\u00fat\" \/>\n<script type=\"application\/ld+json\" class=\"yoast-schema-graph\">{\"@context\":\"https:\/\/schema.org\",\"@graph\":[{\"@type\":\"WebPage\",\"@id\":\"https:\/\/seedsecu.com\/vn\/product\/vi-cung-seedsecu-single\/\",\"url\":\"https:\/\/seedsecu.com\/vn\/product\/vi-cung-seedsecu-single\/\",\"name\":\"V\u00ed C\u1ee9ng SeedSecu Single - V\u00ed C\u1ee9ng Seedsecu\",\"isPartOf\":{\"@id\":\"https:\/\/seedsecu.com\/vn\/#website\"},\"datePublished\":\"2023-05-03T10:11:01+00:00\",\"dateModified\":\"2024-01-29T02:12:24+00:00\",\"breadcrumb\":{\"@id\":\"https:\/\/seedsecu.com\/vn\/product\/vi-cung-seedsecu-single\/#breadcrumb\"},\"inLanguage\":\"vi\",\"potentialAction\":[{\"@type\":\"ReadAction\",\"target\":[\"https:\/\/seedsecu.com\/vn\/product\/vi-cung-seedsecu-single\/\"]}]},{\"@type\":\"BreadcrumbList\",\"@id\":\"https:\/\/seedsecu.com\/vn\/product\/vi-cung-seedsecu-single\/#breadcrumb\",\"itemListElement\":[{\"@type\":\"ListItem\",\"position\":1,\"name\":\"Home\",\"item\":\"https:\/\/seedsecu.com\/vn\/\"},{\"@type\":\"ListItem\",\"position\":2,\"name\":\"Mua H\u00e0ng\",\"item\":\"https:\/\/seedsecu.com\/vn\/shop\/\"},{\"@type\":\"ListItem\",\"position\":3,\"name\":\"V\u00ed C\u1ee9ng SeedSecu Single\"}]},{\"@type\":\"WebSite\",\"@id\":\"https:\/\/seedsecu.com\/vn\/#website\",\"url\":\"https:\/\/seedsecu.com\/vn\/\",\"name\":\"V\u00ed C\u1ee9ng Seedsecu\",\"description\":\"V\u00ed C\u1ee9ng - V\u00ed L\u1ea1nh L\u01b0u Tr\u1eef Seed Phrase\",\"publisher\":{\"@id\":\"https:\/\/seedsecu.com\/vn\/#organization\"},\"potentialAction\":[{\"@type\":\"SearchAction\",\"target\":{\"@type\":\"EntryPoint\",\"urlTemplate\":\"https:\/\/seedsecu.com\/vn\/?s={search_term_string}\"},\"query-input\":\"required name=search_term_string\"}],\"inLanguage\":\"vi\"},{\"@type\":\"Organization\",\"@id\":\"https:\/\/seedsecu.com\/vn\/#organization\",\"name\":\"Seedsecu\",\"url\":\"https:\/\/seedsecu.com\/vn\/\",\"logo\":{\"@type\":\"ImageObject\",\"inLanguage\":\"vi\",\"@id\":\"https:\/\/seedsecu.com\/vn\/#\/schema\/logo\/image\/\",\"url\":\"https:\/\/seedsecu.com\/vn\/wp-content\/uploads\/sites\/5\/2022\/12\/seed-phrase-safe-1.png\",\"contentUrl\":\"https:\/\/seedsecu.com\/vn\/wp-content\/uploads\/sites\/5\/2022\/12\/seed-phrase-safe-1.png\",\"width\":311,\"height\":370,\"caption\":\"Seedsecu\"},\"image\":{\"@id\":\"https:\/\/seedsecu.com\/vn\/#\/schema\/logo\/image\/\"}}]}<\/script>\n<!-- \/ Yoast SEO plugin. -->","yoast_head_json":{"title":"V\u00ed C\u1ee9ng SeedSecu Single - V\u00ed C\u1ee9ng Seedsecu","robots":{"index":"index","follow":"follow","max-snippet":"max-snippet:-1","max-image-preview":"max-image-preview:large","max-video-preview":"max-video-preview:-1"},"canonical":"https:\/\/seedsecu.com\/vn\/product\/vi-cung-seedsecu-single\/","og_locale":"vi_VN","og_type":"article","og_title":"V\u00ed C\u1ee9ng SeedSecu Single - V\u00ed C\u1ee9ng Seedsecu","og_description":"V\u00ed c\u1ee9ng SeedSecu Single \u0110\u01b0\u1ee3c thi\u1ebft k\u1ebf b\u1eb1ng\u00a0 t\u1ea5m inox ch\u1eafc ch\u1eafn, an to\u00e0n, ch\u1ed1ng ch\u00e1y. K\u00edch th\u01b0\u1edbc s\u1ea3n ph\u1ea9m: 12.5 x 7.4 x 0.3 cm S\u1eed d\u1ee5ng V\u00ed c\u1ee9ng SeedSecu Single b\u1ea1n c\u00f3 th\u1ec3: V\u00ed tr\u1eef l\u1ea1nh l\u01b0u tr\u1eef b\u1ed9 kh\u00f3a c\u00e1 nh\u00e2n (private key &#8211; seed phrase) c\u1ee7a c\u00e1c lo\u1ea1i v\u00ed tr\u1eef l\u1ea1nh","og_url":"https:\/\/seedsecu.com\/vn\/product\/vi-cung-seedsecu-single\/","og_site_name":"V\u00ed C\u1ee9ng Seedsecu","article_modified_time":"2024-01-29T02:12:24+00:00","og_image":[{"width":2560,"height":1707,"url":"https:\/\/seedsecu.com\/vn\/wp-content\/uploads\/sites\/5\/2023\/05\/IMG_7203-scaled.jpg","type":"image\/jpeg"}],"twitter_card":"summary_large_image","twitter_misc":{"\u01af\u1edbc t\u00ednh th\u1eddi gian \u0111\u1ecdc":"2 ph\u00fat"},"schema":{"@context":"https:\/\/schema.org","@graph":[{"@type":"WebPage","@id":"https:\/\/seedsecu.com\/vn\/product\/vi-cung-seedsecu-single\/","url":"https:\/\/seedsecu.com\/vn\/product\/vi-cung-seedsecu-single\/","name":"V\u00ed C\u1ee9ng SeedSecu Single - V\u00ed C\u1ee9ng Seedsecu","isPartOf":{"@id":"https:\/\/seedsecu.com\/vn\/#website"},"datePublished":"2023-05-03T10:11:01+00:00","dateModified":"2024-01-29T02:12:24+00:00","breadcrumb":{"@id":"https:\/\/seedsecu.com\/vn\/product\/vi-cung-seedsecu-single\/#breadcrumb"},"inLanguage":"vi","potentialAction":[{"@type":"ReadAction","target":["https:\/\/seedsecu.com\/vn\/product\/vi-cung-seedsecu-single\/"]}]},{"@type":"BreadcrumbList","@id":"https:\/\/seedsecu.com\/vn\/product\/vi-cung-seedsecu-single\/#breadcrumb","itemListElement":[{"@type":"ListItem","position":1,"name":"Home","item":"https:\/\/seedsecu.com\/vn\/"},{"@type":"ListItem","position":2,"name":"Mua H\u00e0ng","item":"https:\/\/seedsecu.com\/vn\/shop\/"},{"@type":"ListItem","position":3,"name":"V\u00ed C\u1ee9ng SeedSecu Single"}]},{"@type":"WebSite","@id":"https:\/\/seedsecu.com\/vn\/#website","url":"https:\/\/seedsecu.com\/vn\/","name":"V\u00ed C\u1ee9ng Seedsecu","description":"V\u00ed C\u1ee9ng - V\u00ed L\u1ea1nh L\u01b0u Tr\u1eef Seed Phrase","publisher":{"@id":"https:\/\/seedsecu.com\/vn\/#organization"},"potentialAction":[{"@type":"SearchAction","target":{"@type":"EntryPoint","urlTemplate":"https:\/\/seedsecu.com\/vn\/?s={search_term_string}"},"query-input":"required name=search_term_string"}],"inLanguage":"vi"},{"@type":"Organization","@id":"https:\/\/seedsecu.com\/vn\/#organization","name":"Seedsecu","url":"https:\/\/seedsecu.com\/vn\/","logo":{"@type":"ImageObject","inLanguage":"vi","@id":"https:\/\/seedsecu.com\/vn\/#\/schema\/logo\/image\/","url":"https:\/\/seedsecu.com\/vn\/wp-content\/uploads\/sites\/5\/2022\/12\/seed-phrase-safe-1.png","contentUrl":"https:\/\/seedsecu.com\/vn\/wp-content\/uploads\/sites\/5\/2022\/12\/seed-phrase-safe-1.png","width":311,"height":370,"caption":"Seedsecu"},"image":{"@id":"https:\/\/seedsecu.com\/vn\/#\/schema\/logo\/image\/"}}]}},"_links":{"self":[{"href":"https:\/\/seedsecu.com\/vn\/wp-json\/wp\/v2\/product\/2850"}],"collection":[{"href":"https:\/\/seedsecu.com\/vn\/wp-json\/wp\/v2\/product"}],"about":[{"href":"https:\/\/seedsecu.com\/vn\/wp-json\/wp\/v2\/types\/product"}],"wp:featuredmedia":[{"embeddable":true,"href":"https:\/\/seedsecu.com\/vn\/wp-json\/wp\/v2\/media\/2857"}],"wp:attachment":[{"href":"https:\/\/seedsecu.com\/vn\/wp-json\/wp\/v2\/media?parent=2850"}],"wp:term":[{"taxonomy":"product_cat","embeddable":true,"href":"https:\/\/seedsecu.com\/vn\/wp-json\/wp\/v2\/product_cat?post=2850"},{"taxonomy":"product_tag","embeddable":true,"href":"https:\/\/seedsecu.com\/vn\/wp-json\/wp\/v2\/product_tag?post=2850"}],"curies":[{"name":"wp","href":"https:\/\/api.w.org\/{rel}","templated":true}]}}