{"id":853,"date":"2017-03-16T19:25:18","date_gmt":"2017-03-16T19:25:18","guid":{"rendered":"https:\/\/cheerup.theme-sphere.com\/magazine\/?page_id=853"},"modified":"2024-01-26T04:47:24","modified_gmt":"2024-01-26T04:47:24","slug":"homepage","status":"publish","type":"page","link":"https:\/\/seedsecu.com\/vn\/","title":{"rendered":"V\u00ed L\u1ea1nh &#8211; V\u00ed C\u1ee9ng L\u01b0u Tr\u1eef Kh\u00f3a C\u00e1 Nh\u00e2n"},"content":{"rendered":"<p>[vc_row][vc_column][vc_custom_heading text=&#8221;L\u00e0m b\u1eb1ng ch\u1ea5t li\u1ec7u th\u00e9p kh\u00f4ng g\u1ec9, ch\u1ed1ng ch\u00e1y. V\u00ed c\u1ee9ng l\u01b0u tr\u1eef b\u1ed9 kh\u00f3a h\u1ea1t gi\u1ed1ng crypto b\u1ea3o m\u1eadt tuy\u1ec7t \u0111\u1ed1i&#8221; font_container=&#8221;tag:p|text_align:center&#8221; google_fonts=&#8221;font_family:Comfortaa%3A300%2Cregular%2C700|font_style:400%20regular%3A400%3Anormal&#8221;][\/vc_column][\/vc_row][vc_row][vc_column width=&#8221;1\/4&#8243;][vc_cta h2=&#8221;Ghi ra 24 k\u00fd t\u1ef1 (Seed Phrase)&#8221;]Ghi 24 k\u00fd t\u1ef1 ra Conversation Sheet \u0111\u00e3 \u0111\u01b0\u1ee3c chu\u1ea9n b\u1ecb s\u1eb5n trong h\u1ed9p<\/p>\n<p><img decoding=\"async\" loading=\"lazy\" class=\"alignnone wp-image-2413 size-full\" src=\"https:\/\/seedsecu.com\/vn\/wp-content\/uploads\/sites\/5\/2022\/12\/hard_wallet_step_1_new.png\" alt=\"\" width=\"419\" height=\"203\" srcset=\"https:\/\/seedsecu.com\/vn\/wp-content\/uploads\/sites\/5\/2022\/12\/hard_wallet_step_1_new.png 419w, https:\/\/seedsecu.com\/vn\/wp-content\/uploads\/sites\/5\/2022\/12\/hard_wallet_step_1_new-300x145.png 300w, https:\/\/seedsecu.com\/vn\/wp-content\/uploads\/sites\/5\/2022\/12\/hard_wallet_step_1_new-175x85.png 175w\" sizes=\"(max-width: 419px) 100vw, 419px\" \/>[\/vc_cta][\/vc_column][vc_column width=&#8221;1\/4&#8243;][vc_cta h2=&#8221;T\u00ecm s\u1ed1 t\u01b0\u01a1ng \u1ee9ng v\u1edbi ch\u1eef&#8221;]D\u1ef1a v\u00e0o Word list (bip-0039), t\u00ecm s\u1ed1 t\u01b0\u01a1ng \u1ee9ng v\u1edbi c\u00e1c ch\u1eef trong b\u1ed9 kh\u00f3a<\/p>\n<p><img decoding=\"async\" loading=\"lazy\" class=\"aligncenter wp-image-2602 size-full\" src=\"https:\/\/seedsecu.com\/vn\/wp-content\/uploads\/sites\/5\/2022\/12\/hard_wallet_step_2_new.png\" alt=\"\" width=\"419\" height=\"203\" \/>[\/vc_cta][\/vc_column][vc_column width=&#8221;1\/4&#8243;][vc_cta h2=&#8221;Ghi l\u1ea1i s\u1ed1 t\u01b0\u01a1ng \u1ee9ng v\u1edbi ch\u1eef&#8221;]Vi\u1ebft c\u00e1c s\u1ed1 t\u01b0\u01a1ng \u1ee9ng v\u1edbi ch\u1eef v\u00e0o Conversion Sheet, ghi ngay b\u00ean d\u01b0\u1edbi c\u00e1c ch\u1eef t\u01b0\u01a1ng \u1ee9ng<\/p>\n<p><img decoding=\"async\" loading=\"lazy\" class=\"size-full wp-image-2603 aligncenter\" src=\"https:\/\/seedsecu.com\/vn\/wp-content\/uploads\/sites\/5\/2022\/12\/hard_wallet_step_3_new.png\" alt=\"\" width=\"419\" height=\"203\" \/>[\/vc_cta][\/vc_column][vc_column width=&#8221;1\/4&#8243;][vc_cta h2=&#8221;L\u01b0u tr\u1eef b\u1ed9 kh\u00f3a v\u0129nh vi\u1ec5n&#8221;]Kh\u1eafc c\u00e1c s\u1ed1 v\u00e0o v\u00ed c\u1ee9ng SEEDSECU, v\u00e0 l\u01b0u tr\u1eef v\u0129nh vi\u1ec5n v\u00e0 y\u00ean t\u00e2m l\u01b0u tr\u1eef<\/p>\n<p><img decoding=\"async\" loading=\"lazy\" class=\"size-full wp-image-2604 aligncenter\" src=\"https:\/\/seedsecu.com\/vn\/wp-content\/uploads\/sites\/5\/2022\/12\/hard_wallet_step_4.png\" alt=\"\" width=\"412\" height=\"203\" \/>[\/vc_cta][\/vc_column][\/vc_row][vc_row][vc_column css=&#8221;.vc_custom_1672906804869{margin-top: 10px !important;margin-bottom: 10px !important;}&#8221;][vc_single_image image=&#8221;2741&#8243; img_size=&#8221;full&#8221;][vc_custom_heading text=&#8221;B\u1ec1n c\u00f9ng th\u1eddi gian<br \/>\nCh\u1eafc ch\u1eafn v\u00e0 tinh t\u1ebf&#8221; font_container=&#8221;tag:p|text_align:center&#8221; google_fonts=&#8221;font_family:Comfortaa%3A300%2Cregular%2C700|font_style:400%20regular%3A400%3Anormal&#8221;][\/vc_column][\/vc_row][vc_row][vc_column width=&#8221;1\/2&#8243;][vc_hoverbox image=&#8221;2737&#8243; primary_title=&#8221;&#8221; hover_title=&#8221;&#8221; css=&#8221;.vc_custom_1673233585881{margin-bottom: 5px !important;}&#8221;]Durable[\/vc_hoverbox][\/vc_column][vc_column width=&#8221;1\/2&#8243;][vc_hoverbox image=&#8221;2738&#8243; primary_title=&#8221;&#8221; hover_title=&#8221;&#8221; css=&#8221;.vc_custom_1673233636433{margin-bottom: 5px !important;}&#8221;]Super hard[\/vc_hoverbox][\/vc_column][\/vc_row][vc_row][vc_column css=&#8221;.vc_custom_1672906972153{margin-top: 20px !important;margin-bottom: 10px !important;}&#8221;][vc_custom_heading text=&#8221;Ch\u1ed1ng n\u01b0\u1edbc v\u00e0 ch\u1ed1ng ch\u00e1y&#8221; font_container=&#8221;tag:p|text_align:center&#8221; google_fonts=&#8221;font_family:Comfortaa%3A300%2Cregular%2C700|font_style:400%20regular%3A400%3Anormal&#8221;][\/vc_column][\/vc_row][vc_row][vc_column width=&#8221;1\/2&#8243;][vc_hoverbox image=&#8221;2739&#8243; primary_title=&#8221;&#8221; hover_title=&#8221;&#8221; css=&#8221;.vc_custom_1673233677848{margin-bottom: 5px !important;}&#8221;]Waterproof[\/vc_hoverbox][\/vc_column][vc_column width=&#8221;1\/2&#8243;][vc_hoverbox image=&#8221;2740&#8243; primary_title=&#8221;&#8221; hover_title=&#8221;&#8221; css=&#8221;.vc_custom_1673233727993{margin-bottom: 5px !important;}&#8221;]Fire protection[\/vc_hoverbox][\/vc_column][\/vc_row][vc_row css=&#8221;.vc_custom_1670899657164{margin-top: 10px !important;}&#8221;][vc_column][vc_custom_heading text=&#8221;L\u01b0u tr\u1eef kh\u00f3a c\u00e1 nh\u00e2n an to\u00e0n tuy\u1ec7t \u0111\u1ed1i&#8221; font_container=&#8221;tag:p|font_size:48|text_align:center|color:%23000000&#8243; google_fonts=&#8221;font_family:Comfortaa%3A300%2Cregular%2C700|font_style:400%20regular%3A400%3Anormal&#8221;][\/vc_column][\/vc_row][vc_row content_placement=&#8221;middle&#8221;][vc_column width=&#8221;3\/4&#8243;][vc_single_image image=&#8221;2773&#8243; img_size=&#8221;full&#8221;][\/vc_column][vc_column width=&#8221;1\/4&#8243;][vc_btn title=&#8221;Kh\u00e1m Ph\u00e1&#8221; style=&#8221;3d&#8221; color=&#8221;black&#8221; align=&#8221;center&#8221; button_block=&#8221;true&#8221; link=&#8221;url:https%3A%2F%2Fseedsecu.com%2Fvn%2Fhard-wallet-seedsecu%2F&#8221;][vc_btn title=&#8221;Mua Ngay&#8221; style=&#8221;3d&#8221; align=&#8221;center&#8221; button_block=&#8221;true&#8221; link=&#8221;url:https%3A%2F%2Fseedsecu.com%2Fvn%2Fmua-vi-tru-lanh%2F&#8221;][\/vc_column][\/vc_row]<\/p>\n","protected":false},"excerpt":{"rendered":"<p>[vc_row][vc_column][vc_custom_heading text=&#8221;L\u00e0m b\u1eb1ng ch\u1ea5t li\u1ec7u th\u00e9p kh\u00f4ng g\u1ec9, ch\u1ed1ng ch\u00e1y. V\u00ed c\u1ee9ng l\u01b0u tr\u1eef b\u1ed9 kh\u00f3a h\u1ea1t gi\u1ed1ng crypto b\u1ea3o m\u1eadt tuy\u1ec7t \u0111\u1ed1i&#8221; font_container=&#8221;tag:p|text_align:center&#8221; google_fonts=&#8221;font_family:Comfortaa%3A300%2Cregular%2C700|font_style:400%20regular%3A400%3Anormal&#8221;][\/vc_column][\/vc_row][vc_row][vc_column width=&#8221;1\/4&#8243;][vc_cta h2=&#8221;Ghi ra 24 k\u00fd t\u1ef1 (Seed Phrase)&#8221;]Ghi 24 k\u00fd t\u1ef1 ra Conversation Sheet \u0111\u00e3 \u0111\u01b0\u1ee3c chu\u1ea9n b\u1ecb s\u1eb5n trong h\u1ed9p [\/vc_cta][\/vc_column][vc_column width=&#8221;1\/4&#8243;][vc_cta h2=&#8221;T\u00ecm s\u1ed1 t\u01b0\u01a1ng \u1ee9ng v\u1edbi ch\u1eef&#8221;]D\u1ef1a v\u00e0o <\/p>\n","protected":false},"author":1,"featured_media":2775,"parent":0,"menu_order":0,"comment_status":"closed","ping_status":"closed","template":"page-blocks.php","meta":{"_mi_skip_tracking":false},"yoast_head":"<!-- This site is optimized with the Yoast SEO plugin v19.12 - https:\/\/yoast.com\/wordpress\/plugins\/seo\/ -->\n<title>V\u00ed L\u1ea1nh - V\u00ed C\u1ee9ng L\u01b0u Tr\u1eef Kh\u00f3a C\u00e1 Nh\u00e2n - V\u00ed C\u1ee9ng Seedsecu<\/title>\n<meta name=\"description\" content=\"V\u00ed tr\u1eef l\u1ea1nh l\u01b0u tr\u1eef 24 k\u00fd t\u1ef1 (word seed phrase) crypto. V\u00ed tr\u1eef l\u1ea1nh l\u00e0m b\u1eb1ng th\u00e9p kh\u00f4ng r\u1ec9 304, ch\u1eafc ch\u1eafn v\u00e0 ch\u1ed1ng ch\u00e1y. L\u01b0u tr\u1eef kh\u00f3a c\u00e1 nh\u00e2n\" \/>\n<meta name=\"robots\" content=\"index, follow, max-snippet:-1, max-image-preview:large, max-video-preview:-1\" \/>\n<link rel=\"canonical\" href=\"https:\/\/seedsecu.com\/vn\/\" \/>\n<meta property=\"og:locale\" content=\"vi_VN\" \/>\n<meta property=\"og:type\" content=\"article\" \/>\n<meta property=\"og:title\" content=\"V\u00ed L\u1ea1nh - V\u00ed C\u1ee9ng L\u01b0u Tr\u1eef Kh\u00f3a C\u00e1 Nh\u00e2n - V\u00ed C\u1ee9ng Seedsecu\" \/>\n<meta property=\"og:description\" content=\"V\u00ed tr\u1eef l\u1ea1nh l\u01b0u tr\u1eef 24 k\u00fd t\u1ef1 (word seed phrase) crypto. V\u00ed tr\u1eef l\u1ea1nh l\u00e0m b\u1eb1ng th\u00e9p kh\u00f4ng r\u1ec9 304, ch\u1eafc ch\u1eafn v\u00e0 ch\u1ed1ng ch\u00e1y. L\u01b0u tr\u1eef kh\u00f3a c\u00e1 nh\u00e2n\" \/>\n<meta property=\"og:url\" content=\"https:\/\/seedsecu.com\/vn\/\" \/>\n<meta property=\"og:site_name\" content=\"V\u00ed C\u1ee9ng Seedsecu\" \/>\n<meta property=\"article:modified_time\" content=\"2024-01-26T04:47:24+00:00\" \/>\n<meta property=\"og:image\" content=\"https:\/\/seedsecu.com\/vn\/wp-content\/uploads\/sites\/5\/2023\/01\/vi_lanh_luu_24_ky_tu_seedsecu-scaled.jpg\" \/>\n\t<meta property=\"og:image:width\" content=\"2560\" \/>\n\t<meta property=\"og:image:height\" content=\"1707\" \/>\n\t<meta property=\"og:image:type\" content=\"image\/jpeg\" \/>\n<meta name=\"twitter:card\" content=\"summary_large_image\" \/>\n<meta name=\"twitter:label1\" content=\"\u01af\u1edbc t\u00ednh th\u1eddi gian \u0111\u1ecdc\" \/>\n\t<meta name=\"twitter:data1\" content=\"2 ph\u00fat\" \/>\n<script type=\"application\/ld+json\" class=\"yoast-schema-graph\">{\"@context\":\"https:\/\/schema.org\",\"@graph\":[{\"@type\":\"WebPage\",\"@id\":\"https:\/\/seedsecu.com\/vn\/\",\"url\":\"https:\/\/seedsecu.com\/vn\/\",\"name\":\"V\u00ed L\u1ea1nh - V\u00ed C\u1ee9ng L\u01b0u Tr\u1eef Kh\u00f3a C\u00e1 Nh\u00e2n - V\u00ed C\u1ee9ng Seedsecu\",\"isPartOf\":{\"@id\":\"https:\/\/seedsecu.com\/vn\/#website\"},\"datePublished\":\"2017-03-16T19:25:18+00:00\",\"dateModified\":\"2024-01-26T04:47:24+00:00\",\"description\":\"V\u00ed tr\u1eef l\u1ea1nh l\u01b0u tr\u1eef 24 k\u00fd t\u1ef1 (word seed phrase) crypto. V\u00ed tr\u1eef l\u1ea1nh l\u00e0m b\u1eb1ng th\u00e9p kh\u00f4ng r\u1ec9 304, ch\u1eafc ch\u1eafn v\u00e0 ch\u1ed1ng ch\u00e1y. L\u01b0u tr\u1eef kh\u00f3a c\u00e1 nh\u00e2n\",\"breadcrumb\":{\"@id\":\"https:\/\/seedsecu.com\/vn\/#breadcrumb\"},\"inLanguage\":\"vi\",\"potentialAction\":[{\"@type\":\"ReadAction\",\"target\":[\"https:\/\/seedsecu.com\/vn\/\"]}]},{\"@type\":\"BreadcrumbList\",\"@id\":\"https:\/\/seedsecu.com\/vn\/#breadcrumb\",\"itemListElement\":[{\"@type\":\"ListItem\",\"position\":1,\"name\":\"Home\",\"item\":\"https:\/\/seedsecu.com\/vn\/\"},{\"@type\":\"ListItem\",\"position\":2,\"name\":\"V\u00ed L\u1ea1nh &#8211; V\u00ed C\u1ee9ng L\u01b0u Tr\u1eef Kh\u00f3a C\u00e1 Nh\u00e2n\"}]},{\"@type\":\"WebSite\",\"@id\":\"https:\/\/seedsecu.com\/vn\/#website\",\"url\":\"https:\/\/seedsecu.com\/vn\/\",\"name\":\"V\u00ed C\u1ee9ng Seedsecu\",\"description\":\"V\u00ed C\u1ee9ng - V\u00ed L\u1ea1nh L\u01b0u Tr\u1eef Seed Phrase\",\"publisher\":{\"@id\":\"https:\/\/seedsecu.com\/vn\/#organization\"},\"potentialAction\":[{\"@type\":\"SearchAction\",\"target\":{\"@type\":\"EntryPoint\",\"urlTemplate\":\"https:\/\/seedsecu.com\/vn\/?s={search_term_string}\"},\"query-input\":\"required name=search_term_string\"}],\"inLanguage\":\"vi\"},{\"@type\":\"Organization\",\"@id\":\"https:\/\/seedsecu.com\/vn\/#organization\",\"name\":\"Seedsecu\",\"url\":\"https:\/\/seedsecu.com\/vn\/\",\"logo\":{\"@type\":\"ImageObject\",\"inLanguage\":\"vi\",\"@id\":\"https:\/\/seedsecu.com\/vn\/#\/schema\/logo\/image\/\",\"url\":\"https:\/\/seedsecu.com\/vn\/wp-content\/uploads\/sites\/5\/2022\/12\/seed-phrase-safe-1.png\",\"contentUrl\":\"https:\/\/seedsecu.com\/vn\/wp-content\/uploads\/sites\/5\/2022\/12\/seed-phrase-safe-1.png\",\"width\":311,\"height\":370,\"caption\":\"Seedsecu\"},\"image\":{\"@id\":\"https:\/\/seedsecu.com\/vn\/#\/schema\/logo\/image\/\"}}]}<\/script>\n<!-- \/ Yoast SEO plugin. -->","yoast_head_json":{"title":"V\u00ed L\u1ea1nh - V\u00ed C\u1ee9ng L\u01b0u Tr\u1eef Kh\u00f3a C\u00e1 Nh\u00e2n - V\u00ed C\u1ee9ng Seedsecu","description":"V\u00ed tr\u1eef l\u1ea1nh l\u01b0u tr\u1eef 24 k\u00fd t\u1ef1 (word seed phrase) crypto. V\u00ed tr\u1eef l\u1ea1nh l\u00e0m b\u1eb1ng th\u00e9p kh\u00f4ng r\u1ec9 304, ch\u1eafc ch\u1eafn v\u00e0 ch\u1ed1ng ch\u00e1y. L\u01b0u tr\u1eef kh\u00f3a c\u00e1 nh\u00e2n","robots":{"index":"index","follow":"follow","max-snippet":"max-snippet:-1","max-image-preview":"max-image-preview:large","max-video-preview":"max-video-preview:-1"},"canonical":"https:\/\/seedsecu.com\/vn\/","og_locale":"vi_VN","og_type":"article","og_title":"V\u00ed L\u1ea1nh - V\u00ed C\u1ee9ng L\u01b0u Tr\u1eef Kh\u00f3a C\u00e1 Nh\u00e2n - V\u00ed C\u1ee9ng Seedsecu","og_description":"V\u00ed tr\u1eef l\u1ea1nh l\u01b0u tr\u1eef 24 k\u00fd t\u1ef1 (word seed phrase) crypto. V\u00ed tr\u1eef l\u1ea1nh l\u00e0m b\u1eb1ng th\u00e9p kh\u00f4ng r\u1ec9 304, ch\u1eafc ch\u1eafn v\u00e0 ch\u1ed1ng ch\u00e1y. L\u01b0u tr\u1eef kh\u00f3a c\u00e1 nh\u00e2n","og_url":"https:\/\/seedsecu.com\/vn\/","og_site_name":"V\u00ed C\u1ee9ng Seedsecu","article_modified_time":"2024-01-26T04:47:24+00:00","og_image":[{"width":2560,"height":1707,"url":"https:\/\/seedsecu.com\/vn\/wp-content\/uploads\/sites\/5\/2023\/01\/vi_lanh_luu_24_ky_tu_seedsecu-scaled.jpg","type":"image\/jpeg"}],"twitter_card":"summary_large_image","twitter_misc":{"\u01af\u1edbc t\u00ednh th\u1eddi gian \u0111\u1ecdc":"2 ph\u00fat"},"schema":{"@context":"https:\/\/schema.org","@graph":[{"@type":"WebPage","@id":"https:\/\/seedsecu.com\/vn\/","url":"https:\/\/seedsecu.com\/vn\/","name":"V\u00ed L\u1ea1nh - V\u00ed C\u1ee9ng L\u01b0u Tr\u1eef Kh\u00f3a C\u00e1 Nh\u00e2n - V\u00ed C\u1ee9ng Seedsecu","isPartOf":{"@id":"https:\/\/seedsecu.com\/vn\/#website"},"datePublished":"2017-03-16T19:25:18+00:00","dateModified":"2024-01-26T04:47:24+00:00","description":"V\u00ed tr\u1eef l\u1ea1nh l\u01b0u tr\u1eef 24 k\u00fd t\u1ef1 (word seed phrase) crypto. V\u00ed tr\u1eef l\u1ea1nh l\u00e0m b\u1eb1ng th\u00e9p kh\u00f4ng r\u1ec9 304, ch\u1eafc ch\u1eafn v\u00e0 ch\u1ed1ng ch\u00e1y. L\u01b0u tr\u1eef kh\u00f3a c\u00e1 nh\u00e2n","breadcrumb":{"@id":"https:\/\/seedsecu.com\/vn\/#breadcrumb"},"inLanguage":"vi","potentialAction":[{"@type":"ReadAction","target":["https:\/\/seedsecu.com\/vn\/"]}]},{"@type":"BreadcrumbList","@id":"https:\/\/seedsecu.com\/vn\/#breadcrumb","itemListElement":[{"@type":"ListItem","position":1,"name":"Home","item":"https:\/\/seedsecu.com\/vn\/"},{"@type":"ListItem","position":2,"name":"V\u00ed L\u1ea1nh &#8211; V\u00ed C\u1ee9ng L\u01b0u Tr\u1eef Kh\u00f3a C\u00e1 Nh\u00e2n"}]},{"@type":"WebSite","@id":"https:\/\/seedsecu.com\/vn\/#website","url":"https:\/\/seedsecu.com\/vn\/","name":"V\u00ed C\u1ee9ng Seedsecu","description":"V\u00ed C\u1ee9ng - V\u00ed L\u1ea1nh L\u01b0u Tr\u1eef Seed Phrase","publisher":{"@id":"https:\/\/seedsecu.com\/vn\/#organization"},"potentialAction":[{"@type":"SearchAction","target":{"@type":"EntryPoint","urlTemplate":"https:\/\/seedsecu.com\/vn\/?s={search_term_string}"},"query-input":"required name=search_term_string"}],"inLanguage":"vi"},{"@type":"Organization","@id":"https:\/\/seedsecu.com\/vn\/#organization","name":"Seedsecu","url":"https:\/\/seedsecu.com\/vn\/","logo":{"@type":"ImageObject","inLanguage":"vi","@id":"https:\/\/seedsecu.com\/vn\/#\/schema\/logo\/image\/","url":"https:\/\/seedsecu.com\/vn\/wp-content\/uploads\/sites\/5\/2022\/12\/seed-phrase-safe-1.png","contentUrl":"https:\/\/seedsecu.com\/vn\/wp-content\/uploads\/sites\/5\/2022\/12\/seed-phrase-safe-1.png","width":311,"height":370,"caption":"Seedsecu"},"image":{"@id":"https:\/\/seedsecu.com\/vn\/#\/schema\/logo\/image\/"}}]}},"_links":{"self":[{"href":"https:\/\/seedsecu.com\/vn\/wp-json\/wp\/v2\/pages\/853"}],"collection":[{"href":"https:\/\/seedsecu.com\/vn\/wp-json\/wp\/v2\/pages"}],"about":[{"href":"https:\/\/seedsecu.com\/vn\/wp-json\/wp\/v2\/types\/page"}],"author":[{"embeddable":true,"href":"https:\/\/seedsecu.com\/vn\/wp-json\/wp\/v2\/users\/1"}],"replies":[{"embeddable":true,"href":"https:\/\/seedsecu.com\/vn\/wp-json\/wp\/v2\/comments?post=853"}],"version-history":[{"count":30,"href":"https:\/\/seedsecu.com\/vn\/wp-json\/wp\/v2\/pages\/853\/revisions"}],"predecessor-version":[{"id":2913,"href":"https:\/\/seedsecu.com\/vn\/wp-json\/wp\/v2\/pages\/853\/revisions\/2913"}],"wp:featuredmedia":[{"embeddable":true,"href":"https:\/\/seedsecu.com\/vn\/wp-json\/wp\/v2\/media\/2775"}],"wp:attachment":[{"href":"https:\/\/seedsecu.com\/vn\/wp-json\/wp\/v2\/media?parent=853"}],"curies":[{"name":"wp","href":"https:\/\/api.w.org\/{rel}","templated":true}]}}