{"id":290,"date":"2016-05-24T16:06:45","date_gmt":"2016-05-24T16:06:45","guid":{"rendered":"https:\/\/cheerup.theme-sphere.com\/magazine\/?page_id=290"},"modified":"2022-12-16T08:42:43","modified_gmt":"2022-12-16T08:42:43","slug":"contact-us","status":"publish","type":"page","link":"https:\/\/seedsecu.com\/vn\/contact-us\/","title":{"rendered":"Li\u00ean h\u1ec7 v\u1edbi ch\u00fang t\u00f4i"},"content":{"rendered":"<p><img decoding=\"async\" loading=\"lazy\" class=\"aligncenter wp-image-2577 size-full\" src=\"https:\/\/seedsecu.com\/vn\/wp-content\/uploads\/sites\/5\/2022\/12\/contact_us.png\" alt=\"\" width=\"1366\" height=\"241\" srcset=\"https:\/\/seedsecu.com\/vn\/wp-content\/uploads\/sites\/5\/2022\/12\/contact_us.png 1366w, https:\/\/seedsecu.com\/vn\/wp-content\/uploads\/sites\/5\/2022\/12\/contact_us-600x106.png 600w, https:\/\/seedsecu.com\/vn\/wp-content\/uploads\/sites\/5\/2022\/12\/contact_us-1024x181.png 1024w, https:\/\/seedsecu.com\/vn\/wp-content\/uploads\/sites\/5\/2022\/12\/contact_us-768x135.png 768w\" sizes=\"(max-width: 1366px) 100vw, 1366px\" \/>C\u1ea3m \u01a1n b\u1ea1n \u0111\u00e3 li\u00ean h\u1ec7 v\u1edbi ch\u00fang t\u00f4i. B\u1ea1n vui l\u00f2ng d\u00e0nh ch\u00fat th\u1eddi gian \u0111\u1ec3 \u0111i\u1ec3n v\u00e0o form d\u01b0\u1edbi \u0111\u00e2y, ch\u00fang t\u00f4i s\u1ebd s\u1eed d\u1ee5ng th\u00f4ng tin n\u00e0y \u0111\u1ec3 li\u00ean h\u1ec7 l\u1ea1i b\u1ea1n.<br \/>\n(N\u1ebfu b\u1ea1n \u0111ang c\u00f3 d\u1ef1 \u0111\u1ecbnh tr\u1edf th\u00e0nh nh\u00e0 ph\u00e2n ph\u1ed1i s\u1ea3n ph\u1ea9m,\u00a0 vui l\u00f2ng s\u1eed d\u1ee5ng trang <a href=\"https:\/\/seedsecu.com\/vn\/become-a-reseller\/\">Tr\u1edf Th\u00e0nh Nh\u00e0 Ph\u00e2n Ph\u1ed1i<\/a>)<\/p>\n<div class=\"wpcf7 no-js\" id=\"wpcf7-f292-o1\" lang=\"en-US\" dir=\"ltr\">\n<div class=\"screen-reader-response\"><p role=\"status\" aria-live=\"polite\" aria-atomic=\"true\"><\/p> <ul><\/ul><\/div>\n<form action=\"\/vn\/wp-json\/wp\/v2\/pages\/290#wpcf7-f292-o1\" method=\"post\" class=\"wpcf7-form init\" aria-label=\"Contact form\" novalidate=\"novalidate\" data-status=\"init\">\n<div style=\"display: none;\">\n<input type=\"hidden\" name=\"_wpcf7\" value=\"292\" \/>\n<input type=\"hidden\" name=\"_wpcf7_version\" value=\"5.7\" \/>\n<input type=\"hidden\" name=\"_wpcf7_locale\" value=\"en_US\" \/>\n<input type=\"hidden\" name=\"_wpcf7_unit_tag\" value=\"wpcf7-f292-o1\" \/>\n<input type=\"hidden\" name=\"_wpcf7_container_post\" value=\"0\" \/>\n<input type=\"hidden\" name=\"_wpcf7_posted_data_hash\" value=\"\" \/>\n<input type=\"hidden\" name=\"_wpcf7_recaptcha_response\" value=\"\" \/>\n<\/div>\n<p><label> T\u00ean c\u1ee7a b\u1ea1n*<br \/>\n<span class=\"wpcf7-form-control-wrap\" data-name=\"your-name\"><input size=\"40\" class=\"wpcf7-form-control wpcf7-text wpcf7-validates-as-required\" aria-required=\"true\" aria-invalid=\"false\" value=\"\" type=\"text\" name=\"your-name\" \/><\/span> <\/label><br \/>\n<label> Email c\u1ee7a b\u1ea1n*<br \/>\n<span class=\"wpcf7-form-control-wrap\" data-name=\"your-email\"><input size=\"40\" class=\"wpcf7-form-control wpcf7-text wpcf7-email wpcf7-validates-as-required wpcf7-validates-as-email\" aria-required=\"true\" aria-invalid=\"false\" value=\"\" type=\"email\" name=\"your-email\" \/><\/span> <\/label><br \/>\n<label> S\u1ed1 \u0111i\u1ec7n tho\u1ea1i ch\u00fang t\u00f4i c\u00f3 th\u1ec3 li\u00ean h\u1ec7 b\u1ea1n (kh\u00f4ng b\u1eaft bu\u1ed9c)<br \/>\n<span class=\"wpcf7-form-control-wrap\" data-name=\"your-phone\"><input size=\"40\" class=\"wpcf7-form-control wpcf7-text wpcf7-tel wpcf7-validates-as-tel\" aria-invalid=\"false\" value=\"\" type=\"tel\" name=\"your-phone\" \/><\/span> <\/label><br \/>\n<label> Tin nh\u1eafn*<br \/>\n<span class=\"wpcf7-form-control-wrap\" data-name=\"your-message\"><textarea cols=\"40\" rows=\"10\" class=\"wpcf7-form-control wpcf7-textarea wpcf7-validates-as-required\" aria-required=\"true\" aria-invalid=\"false\" name=\"your-message\"><\/textarea><\/span> <\/label><br \/>\n<span class=\"wpcf7-form-control-wrap\" data-name=\"checkbox-accept\"><span class=\"wpcf7-form-control wpcf7-checkbox wpcf7-validates-as-required\"><span class=\"wpcf7-list-item first last\"><label><input type=\"checkbox\" name=\"checkbox-accept[]\" value=\"T\u00f4i \u0111\u00e3 \u0111\u1ecdc v\u00e0 \u0111\u1ed3ng \u00fd v\u1edbi\" tabindex=\"\" \/><span class=\"wpcf7-list-item-label\">T\u00f4i \u0111\u00e3 \u0111\u1ecdc v\u00e0 \u0111\u1ed3ng \u00fd v\u1edbi<\/span><\/label><\/span><\/span><\/span> <a href='https:\/\/seedsecu.com\/vn\/privacy-notice\/' target='_blank'>Th\u00f4ng b\u00e1o v\u1ec1 quy\u1ec1n ri\u00eang t\u01b0<\/a><br \/>\n<\/p>\n<span class=\"wpcf7-form-control-wrap recaptcha\" data-name=\"recaptcha\"><span data-sitekey=\"6LfCGUAjAAAAAMOGa-HFyRHi0MDj-yzz9NxadLA4\" class=\"wpcf7-form-control g-recaptcha wpcf7-recaptcha\"><\/span>\r\n<noscript>\r\n\t<div class=\"grecaptcha-noscript\">\r\n\t\t<iframe src=\"https:\/\/www.google.com\/recaptcha\/api\/fallback?k=6LfCGUAjAAAAAMOGa-HFyRHi0MDj-yzz9NxadLA4\" frameborder=\"0\" scrolling=\"no\" width=\"310\" height=\"430\">\r\n\t\t<\/iframe>\r\n\t\t<textarea name=\"g-recaptcha-response\" rows=\"3\" cols=\"40\" placeholder=\"reCaptcha Response Here\">\r\n\t\t<\/textarea>\r\n\t<\/div>\r\n<\/noscript>\r\n<\/span>\n<p><input class=\"wpcf7-form-control has-spinner wpcf7-submit\" type=\"submit\" value=\"G\u1eedi\" \/>\n<\/p><div class=\"wpcf7-response-output\" aria-hidden=\"true\"><\/div><\/form><\/div>\n","protected":false},"excerpt":{"rendered":"<p>C\u1ea3m \u01a1n b\u1ea1n \u0111\u00e3 li\u00ean h\u1ec7 v\u1edbi ch\u00fang t\u00f4i. B\u1ea1n vui l\u00f2ng d\u00e0nh ch\u00fat th\u1eddi gian \u0111\u1ec3 \u0111i\u1ec3n v\u00e0o form d\u01b0\u1edbi \u0111\u00e2y, ch\u00fang t\u00f4i s\u1ebd s\u1eed d\u1ee5ng th\u00f4ng tin n\u00e0y \u0111\u1ec3 li\u00ean h\u1ec7 l\u1ea1i b\u1ea1n. (N\u1ebfu b\u1ea1n \u0111ang c\u00f3 d\u1ef1 \u0111\u1ecbnh tr\u1edf th\u00e0nh nh\u00e0 ph\u00e2n ph\u1ed1i s\u1ea3n ph\u1ea9m,\u00a0 vui l\u00f2ng s\u1eed d\u1ee5ng trang Tr\u1edf Th\u00e0nh <\/p>\n","protected":false},"author":1,"featured_media":0,"parent":0,"menu_order":0,"comment_status":"closed","ping_status":"closed","template":"","meta":{"_mi_skip_tracking":false},"yoast_head":"<!-- This site is optimized with the Yoast SEO plugin v19.12 - https:\/\/yoast.com\/wordpress\/plugins\/seo\/ -->\n<title>Li\u00ean h\u1ec7 v\u1edbi ch\u00fang t\u00f4i - V\u00ed C\u1ee9ng Seedsecu<\/title>\n<meta name=\"description\" content=\"Trang li\u00ean h\u1ec7 SeedSecu - V\u00ed c\u1ee9ng, v\u00ed tr\u1eef l\u1ea1nh, d\u1ee5ng c\u1ee5 l\u01b0u tr\u1eef seed phrase an to\u00e0n, ch\u1ed1ng ch\u00e1y, ch\u1ed1ng n\u01b0\u1edbc. An to\u00e0n.\" \/>\n<meta name=\"robots\" content=\"index, follow, max-snippet:-1, max-image-preview:large, max-video-preview:-1\" \/>\n<link rel=\"canonical\" href=\"https:\/\/seedsecu.com\/vn\/contact-us\/\" \/>\n<meta property=\"og:locale\" content=\"vi_VN\" \/>\n<meta property=\"og:type\" content=\"article\" \/>\n<meta property=\"og:title\" content=\"Li\u00ean h\u1ec7 v\u1edbi ch\u00fang t\u00f4i - V\u00ed C\u1ee9ng Seedsecu\" \/>\n<meta property=\"og:description\" content=\"Trang li\u00ean h\u1ec7 SeedSecu - V\u00ed c\u1ee9ng, v\u00ed tr\u1eef l\u1ea1nh, d\u1ee5ng c\u1ee5 l\u01b0u tr\u1eef seed phrase an to\u00e0n, ch\u1ed1ng ch\u00e1y, ch\u1ed1ng n\u01b0\u1edbc. An to\u00e0n.\" \/>\n<meta property=\"og:url\" content=\"https:\/\/seedsecu.com\/vn\/contact-us\/\" \/>\n<meta property=\"og:site_name\" content=\"V\u00ed C\u1ee9ng Seedsecu\" \/>\n<meta property=\"article:modified_time\" content=\"2022-12-16T08:42:43+00:00\" \/>\n<meta property=\"og:image\" content=\"https:\/\/seedsecu.com\/vn\/wp-content\/uploads\/sites\/5\/2022\/12\/contact_us.png\" \/>\n<meta name=\"twitter:card\" content=\"summary_large_image\" \/>\n<meta name=\"twitter:label1\" content=\"Est. reading time\" \/>\n\t<meta name=\"twitter:data1\" content=\"1 ph\u00fat\" \/>\n<script type=\"application\/ld+json\" class=\"yoast-schema-graph\">{\"@context\":\"https:\/\/schema.org\",\"@graph\":[{\"@type\":\"WebPage\",\"@id\":\"https:\/\/seedsecu.com\/vn\/contact-us\/\",\"url\":\"https:\/\/seedsecu.com\/vn\/contact-us\/\",\"name\":\"Li\u00ean h\u1ec7 v\u1edbi ch\u00fang t\u00f4i - V\u00ed C\u1ee9ng Seedsecu\",\"isPartOf\":{\"@id\":\"https:\/\/seedsecu.com\/vn\/#website\"},\"datePublished\":\"2016-05-24T16:06:45+00:00\",\"dateModified\":\"2022-12-16T08:42:43+00:00\",\"description\":\"Trang li\u00ean h\u1ec7 SeedSecu - V\u00ed c\u1ee9ng, v\u00ed tr\u1eef l\u1ea1nh, d\u1ee5ng c\u1ee5 l\u01b0u tr\u1eef seed phrase an to\u00e0n, ch\u1ed1ng ch\u00e1y, ch\u1ed1ng n\u01b0\u1edbc. An to\u00e0n.\",\"breadcrumb\":{\"@id\":\"https:\/\/seedsecu.com\/vn\/contact-us\/#breadcrumb\"},\"inLanguage\":\"vi\",\"potentialAction\":[{\"@type\":\"ReadAction\",\"target\":[\"https:\/\/seedsecu.com\/vn\/contact-us\/\"]}]},{\"@type\":\"BreadcrumbList\",\"@id\":\"https:\/\/seedsecu.com\/vn\/contact-us\/#breadcrumb\",\"itemListElement\":[{\"@type\":\"ListItem\",\"position\":1,\"name\":\"Home\",\"item\":\"https:\/\/seedsecu.com\/vn\/\"},{\"@type\":\"ListItem\",\"position\":2,\"name\":\"Li\u00ean h\u1ec7 v\u1edbi ch\u00fang t\u00f4i\"}]},{\"@type\":\"WebSite\",\"@id\":\"https:\/\/seedsecu.com\/vn\/#website\",\"url\":\"https:\/\/seedsecu.com\/vn\/\",\"name\":\"V\u00ed C\u1ee9ng Seedsecu\",\"description\":\"V\u00ed C\u1ee9ng - V\u00ed L\u1ea1nh L\u01b0u Tr\u1eef Seed Phrase\",\"publisher\":{\"@id\":\"https:\/\/seedsecu.com\/vn\/#organization\"},\"potentialAction\":[{\"@type\":\"SearchAction\",\"target\":{\"@type\":\"EntryPoint\",\"urlTemplate\":\"https:\/\/seedsecu.com\/vn\/?s={search_term_string}\"},\"query-input\":\"required name=search_term_string\"}],\"inLanguage\":\"vi\"},{\"@type\":\"Organization\",\"@id\":\"https:\/\/seedsecu.com\/vn\/#organization\",\"name\":\"Seedsecu\",\"url\":\"https:\/\/seedsecu.com\/vn\/\",\"logo\":{\"@type\":\"ImageObject\",\"inLanguage\":\"vi\",\"@id\":\"https:\/\/seedsecu.com\/vn\/#\/schema\/logo\/image\/\",\"url\":\"https:\/\/seedsecu.com\/vn\/wp-content\/uploads\/sites\/5\/2022\/12\/seed-phrase-safe-1.png\",\"contentUrl\":\"https:\/\/seedsecu.com\/vn\/wp-content\/uploads\/sites\/5\/2022\/12\/seed-phrase-safe-1.png\",\"width\":311,\"height\":370,\"caption\":\"Seedsecu\"},\"image\":{\"@id\":\"https:\/\/seedsecu.com\/vn\/#\/schema\/logo\/image\/\"}}]}<\/script>\n<!-- \/ Yoast SEO plugin. -->","yoast_head_json":{"title":"Li\u00ean h\u1ec7 v\u1edbi ch\u00fang t\u00f4i - V\u00ed C\u1ee9ng Seedsecu","description":"Trang li\u00ean h\u1ec7 SeedSecu - V\u00ed c\u1ee9ng, v\u00ed tr\u1eef l\u1ea1nh, d\u1ee5ng c\u1ee5 l\u01b0u tr\u1eef seed phrase an to\u00e0n, ch\u1ed1ng ch\u00e1y, ch\u1ed1ng n\u01b0\u1edbc. An to\u00e0n.","robots":{"index":"index","follow":"follow","max-snippet":"max-snippet:-1","max-image-preview":"max-image-preview:large","max-video-preview":"max-video-preview:-1"},"canonical":"https:\/\/seedsecu.com\/vn\/contact-us\/","og_locale":"vi_VN","og_type":"article","og_title":"Li\u00ean h\u1ec7 v\u1edbi ch\u00fang t\u00f4i - V\u00ed C\u1ee9ng Seedsecu","og_description":"Trang li\u00ean h\u1ec7 SeedSecu - V\u00ed c\u1ee9ng, v\u00ed tr\u1eef l\u1ea1nh, d\u1ee5ng c\u1ee5 l\u01b0u tr\u1eef seed phrase an to\u00e0n, ch\u1ed1ng ch\u00e1y, ch\u1ed1ng n\u01b0\u1edbc. An to\u00e0n.","og_url":"https:\/\/seedsecu.com\/vn\/contact-us\/","og_site_name":"V\u00ed C\u1ee9ng Seedsecu","article_modified_time":"2022-12-16T08:42:43+00:00","og_image":[{"url":"https:\/\/seedsecu.com\/vn\/wp-content\/uploads\/sites\/5\/2022\/12\/contact_us.png"}],"twitter_card":"summary_large_image","twitter_misc":{"Est. reading time":"1 ph\u00fat"},"schema":{"@context":"https:\/\/schema.org","@graph":[{"@type":"WebPage","@id":"https:\/\/seedsecu.com\/vn\/contact-us\/","url":"https:\/\/seedsecu.com\/vn\/contact-us\/","name":"Li\u00ean h\u1ec7 v\u1edbi ch\u00fang t\u00f4i - V\u00ed C\u1ee9ng Seedsecu","isPartOf":{"@id":"https:\/\/seedsecu.com\/vn\/#website"},"datePublished":"2016-05-24T16:06:45+00:00","dateModified":"2022-12-16T08:42:43+00:00","description":"Trang li\u00ean h\u1ec7 SeedSecu - V\u00ed c\u1ee9ng, v\u00ed tr\u1eef l\u1ea1nh, d\u1ee5ng c\u1ee5 l\u01b0u tr\u1eef seed phrase an to\u00e0n, ch\u1ed1ng ch\u00e1y, ch\u1ed1ng n\u01b0\u1edbc. An to\u00e0n.","breadcrumb":{"@id":"https:\/\/seedsecu.com\/vn\/contact-us\/#breadcrumb"},"inLanguage":"vi","potentialAction":[{"@type":"ReadAction","target":["https:\/\/seedsecu.com\/vn\/contact-us\/"]}]},{"@type":"BreadcrumbList","@id":"https:\/\/seedsecu.com\/vn\/contact-us\/#breadcrumb","itemListElement":[{"@type":"ListItem","position":1,"name":"Home","item":"https:\/\/seedsecu.com\/vn\/"},{"@type":"ListItem","position":2,"name":"Li\u00ean h\u1ec7 v\u1edbi ch\u00fang t\u00f4i"}]},{"@type":"WebSite","@id":"https:\/\/seedsecu.com\/vn\/#website","url":"https:\/\/seedsecu.com\/vn\/","name":"V\u00ed C\u1ee9ng Seedsecu","description":"V\u00ed C\u1ee9ng - V\u00ed L\u1ea1nh L\u01b0u Tr\u1eef Seed Phrase","publisher":{"@id":"https:\/\/seedsecu.com\/vn\/#organization"},"potentialAction":[{"@type":"SearchAction","target":{"@type":"EntryPoint","urlTemplate":"https:\/\/seedsecu.com\/vn\/?s={search_term_string}"},"query-input":"required name=search_term_string"}],"inLanguage":"vi"},{"@type":"Organization","@id":"https:\/\/seedsecu.com\/vn\/#organization","name":"Seedsecu","url":"https:\/\/seedsecu.com\/vn\/","logo":{"@type":"ImageObject","inLanguage":"vi","@id":"https:\/\/seedsecu.com\/vn\/#\/schema\/logo\/image\/","url":"https:\/\/seedsecu.com\/vn\/wp-content\/uploads\/sites\/5\/2022\/12\/seed-phrase-safe-1.png","contentUrl":"https:\/\/seedsecu.com\/vn\/wp-content\/uploads\/sites\/5\/2022\/12\/seed-phrase-safe-1.png","width":311,"height":370,"caption":"Seedsecu"},"image":{"@id":"https:\/\/seedsecu.com\/vn\/#\/schema\/logo\/image\/"}}]}},"_links":{"self":[{"href":"https:\/\/seedsecu.com\/vn\/wp-json\/wp\/v2\/pages\/290"}],"collection":[{"href":"https:\/\/seedsecu.com\/vn\/wp-json\/wp\/v2\/pages"}],"about":[{"href":"https:\/\/seedsecu.com\/vn\/wp-json\/wp\/v2\/types\/page"}],"author":[{"embeddable":true,"href":"https:\/\/seedsecu.com\/vn\/wp-json\/wp\/v2\/users\/1"}],"replies":[{"embeddable":true,"href":"https:\/\/seedsecu.com\/vn\/wp-json\/wp\/v2\/comments?post=290"}],"version-history":[{"count":1,"href":"https:\/\/seedsecu.com\/vn\/wp-json\/wp\/v2\/pages\/290\/revisions"}],"predecessor-version":[{"id":2653,"href":"https:\/\/seedsecu.com\/vn\/wp-json\/wp\/v2\/pages\/290\/revisions\/2653"}],"wp:attachment":[{"href":"https:\/\/seedsecu.com\/vn\/wp-json\/wp\/v2\/media?parent=290"}],"curies":[{"name":"wp","href":"https:\/\/api.w.org\/{rel}","templated":true}]}}