{"id":2304,"date":"2022-12-07T02:41:31","date_gmt":"2022-12-07T02:41:31","guid":{"rendered":"https:\/\/seedsecu.com\/vn\/?page_id=2304"},"modified":"2023-08-21T06:08:52","modified_gmt":"2023-08-21T06:08:52","slug":"huong-dan-su-dung-vi-cung","status":"publish","type":"page","link":"https:\/\/seedsecu.com\/vn\/huong-dan-su-dung-vi-cung\/","title":{"rendered":"H\u01b0\u1edbng D\u1eabn S\u1eed D\u1ee5ng V\u00ed L\u01b0u Tr\u1eef Word Seed"},"content":{"rendered":"<p>[vc_row][vc_column][vc_column_text single_style=&#8221;&#8221;]<img decoding=\"async\" loading=\"lazy\" class=\"aligncenter wp-image-2575 size-full\" src=\"https:\/\/seedsecu.com\/vn\/wp-content\/uploads\/sites\/5\/2022\/12\/step-by-step.png\" alt=\"\" width=\"1366\" height=\"319\" srcset=\"https:\/\/seedsecu.com\/vn\/wp-content\/uploads\/sites\/5\/2022\/12\/step-by-step.png 1366w, https:\/\/seedsecu.com\/vn\/wp-content\/uploads\/sites\/5\/2022\/12\/step-by-step-600x140.png 600w, https:\/\/seedsecu.com\/vn\/wp-content\/uploads\/sites\/5\/2022\/12\/step-by-step-1024x239.png 1024w, https:\/\/seedsecu.com\/vn\/wp-content\/uploads\/sites\/5\/2022\/12\/step-by-step-768x179.png 768w\" sizes=\"(max-width: 1366px) 100vw, 1366px\" \/>H\u01b0\u1edbng d\u1eabn t\u1eebng b\u01b0\u1edbc s\u1eed d\u1ee5ng v\u00ed c\u1ee9ng l\u01b0u tr\u1eef 24 k\u00fd t\u1ef1 (seed phrase) SEEDSECU<\/p>\n\n<h2><img decoding=\"async\" loading=\"lazy\" class=\"aligncenter wp-image-2808 size-full\" src=\"https:\/\/seedsecu.com\/vn\/wp-content\/uploads\/sites\/5\/2023\/01\/vi_lanh_vi_cung_luu_tru-1-scaled.jpg\" alt=\"\" width=\"2560\" height=\"1707\" srcset=\"https:\/\/seedsecu.com\/vn\/wp-content\/uploads\/sites\/5\/2023\/01\/vi_lanh_vi_cung_luu_tru-1-scaled.jpg 2560w, https:\/\/seedsecu.com\/vn\/wp-content\/uploads\/sites\/5\/2023\/01\/vi_lanh_vi_cung_luu_tru-1-600x400.jpg 600w, https:\/\/seedsecu.com\/vn\/wp-content\/uploads\/sites\/5\/2023\/01\/vi_lanh_vi_cung_luu_tru-1-1024x683.jpg 1024w, https:\/\/seedsecu.com\/vn\/wp-content\/uploads\/sites\/5\/2023\/01\/vi_lanh_vi_cung_luu_tru-1-768x512.jpg 768w, https:\/\/seedsecu.com\/vn\/wp-content\/uploads\/sites\/5\/2023\/01\/vi_lanh_vi_cung_luu_tru-1-270x180.jpg 270w\" sizes=\"(max-width: 2560px) 100vw, 2560px\" \/><\/h2>\n<h2>Ghi ra 24 k\u00fd t\u1ef1 v\u00e0o Conversation sheet<\/h2>\n<p><img decoding=\"async\" loading=\"lazy\" class=\"size-medium wp-image-2313 alignleft\" src=\"https:\/\/seedsecu.com\/vn\/wp-content\/uploads\/sites\/5\/2022\/12\/conversation_sheet-300x180.png\" alt=\"\" width=\"300\" height=\"180\" srcset=\"https:\/\/seedsecu.com\/vn\/wp-content\/uploads\/sites\/5\/2022\/12\/conversation_sheet-300x180.png 300w, https:\/\/seedsecu.com\/vn\/wp-content\/uploads\/sites\/5\/2022\/12\/conversation_sheet-768x460.png 768w, https:\/\/seedsecu.com\/vn\/wp-content\/uploads\/sites\/5\/2022\/12\/conversation_sheet-175x105.png 175w, https:\/\/seedsecu.com\/vn\/wp-content\/uploads\/sites\/5\/2022\/12\/conversation_sheet-450x270.png 450w, https:\/\/seedsecu.com\/vn\/wp-content\/uploads\/sites\/5\/2022\/12\/conversation_sheet-600x359.png 600w, https:\/\/seedsecu.com\/vn\/wp-content\/uploads\/sites\/5\/2022\/12\/conversation_sheet.png 808w\" sizes=\"(max-width: 300px) 100vw, 300px\" \/>Trong h\u1ed9p s\u1ea3n ph\u1ea9m \u0111\u00e3 chu\u1ea9n b\u1ecb s\u1eb5n 2 t\u1edd Conversation sheet.<br \/>\nT\u1edd 1 \u0111\u00e3 \u0111\u01b0\u1ee3c \u0111\u00e1nh s\u1ed1 th\u1ee9 t\u1ef1 t\u1eeb 1 \u0111\u1ebfn 12. T\u1edd 2 th\u00ec \u0111\u01b0\u1ee3c s\u1ed1 t\u1eeb 13 \u0111\u1ebfn 24.<\/p>\n<p>Ghi 24 k\u00fd t\u1ef1 theo \u0111\u00fang th\u1ee9 t\u1ef1 v\u00e0o hai t\u1edd Conversation sheet. M\u1ee5c \u0111\u00edch l\u00e0 \u0111\u1ec3 chuy\u1ec3n \u0111\u1ed5i 24 k\u00fd t\u1ef1 n\u00e0y th\u00e0nh s\u1ed1, \u1edf b\u01b0\u1edbc ti\u1ebfp theo<\/p>\n<p>&nbsp;<\/p>\n<input type='hidden' bg_collapse_expand='69f35662412855041532771' value='69f35662412855041532771'><input type='hidden' id='bg-show-more-text-69f35662412855041532771' value='Xem v\u00ed d\u1ee5'><input type='hidden' id='bg-show-less-text-69f35662412855041532771' value='\u1ea8n v\u00ed d\u1ee5'><button id='bg-showmore-action-69f35662412855041532771' class='bg-showmore-plg-button bg-blue-button bg-eye '   style=\" color:#ffffff;\">Xem v\u00ed d\u1ee5<\/button><div id='bg-showmore-hidden-69f35662412855041532771' ><br \/>\n<img decoding=\"async\" loading=\"lazy\" class=\"aligncenter wp-image-2317 \" src=\"https:\/\/seedsecu.com\/vn\/wp-content\/uploads\/sites\/5\/2022\/12\/store_24_word_seed_safe.png\" alt=\"\" width=\"473\" height=\"293\" srcset=\"https:\/\/seedsecu.com\/vn\/wp-content\/uploads\/sites\/5\/2022\/12\/store_24_word_seed_safe.png 758w, https:\/\/seedsecu.com\/vn\/wp-content\/uploads\/sites\/5\/2022\/12\/store_24_word_seed_safe-300x186.png 300w, https:\/\/seedsecu.com\/vn\/wp-content\/uploads\/sites\/5\/2022\/12\/store_24_word_seed_safe-175x108.png 175w, https:\/\/seedsecu.com\/vn\/wp-content\/uploads\/sites\/5\/2022\/12\/store_24_word_seed_safe-450x278.png 450w, https:\/\/seedsecu.com\/vn\/wp-content\/uploads\/sites\/5\/2022\/12\/store_24_word_seed_safe-600x371.png 600w\" sizes=\"(max-width: 473px) 100vw, 473px\" \/><\/div>\n<h2>Chuy\u1ec3n \u0111\u1ed5i 24 k\u00fd t\u1ef1 th\u00e0nh s\u1ed1.<\/h2>\n<p><img decoding=\"async\" loading=\"lazy\" class=\"size-full wp-image-2374 alignleft\" src=\"https:\/\/seedsecu.com\/vn\/wp-content\/uploads\/sites\/5\/2022\/12\/word_list-1.png\" alt=\"\" width=\"262\" height=\"146\" srcset=\"https:\/\/seedsecu.com\/vn\/wp-content\/uploads\/sites\/5\/2022\/12\/word_list-1.png 262w, https:\/\/seedsecu.com\/vn\/wp-content\/uploads\/sites\/5\/2022\/12\/word_list-1-175x98.png 175w\" sizes=\"(max-width: 262px) 100vw, 262px\" \/>D\u1ef1a v\u00e0o word list trong <strong>s\u1ed5 h\u01b0\u1edbng d\u1eabn<\/strong> ( ho\u1eb7c d\u00f9ng <a href=\"https:\/\/seedsecu.com\/vn\/bip-39\/\" target=\"_blank\" rel=\"noopener\">link word list<\/a>) th\u00ec m\u1ed9t ch\u1eef s\u1ebd t\u01b0\u01a1ng \u1ee9ng v\u1edbi m\u1ed9t con s\u1ed1.<\/p>\n<p>(Link word list ch\u00ednh th\u1ee9c c\u1ee7a Bitcoin:<a href=\"https:\/\/github.com\/bitcoin\/bips\/blob\/master\/bip-0039\/english.txt\" target=\"_blank\" rel=\"noopener\"> https:\/\/github.com\/bitcoin\/bips\/blob\/master\/bip-0039\/english.txt<\/a>)<\/p>\n<p>T\u00ecm c\u00e1c c\u00e1c con s\u1ed1 t\u01b0\u01a1ng \u1ee9ng v\u1edbi c\u00e1c ch\u1eef c\u00f3 trong b\u1ed9 kh\u00f3a c\u1ee7a b\u1ea1n.<\/p>\n<input type='hidden' bg_collapse_expand='69f35662412d66075282615' value='69f35662412d66075282615'><input type='hidden' id='bg-show-more-text-69f35662412d66075282615' value='Xem v\u00ed d\u1ee5'><input type='hidden' id='bg-show-less-text-69f35662412d66075282615' value='\u1ea8n v\u00ed d\u1ee5'><button id='bg-showmore-action-69f35662412d66075282615' class='bg-showmore-plg-button bg-blue-button bg-eye '   style=\" color:#ffffff;\">Xem v\u00ed d\u1ee5<\/button><div id='bg-showmore-hidden-69f35662412d66075282615' ><\/p>\n<p>V\u00ed d\u1ee5 nh\u01b0:<br \/>\n&#8211; Ch\u1eef &#8220;<strong>abandon<\/strong>&#8221; th\u00ec t\u01b0\u01a1ng \u1ee9ng c\u1ee7a n\u00f3 l\u00e0 s\u1ed1 <strong>0001<\/strong><\/p>\n<p><img decoding=\"async\" loading=\"lazy\" class=\"wp-image-2309 size-full aligncenter\" src=\"https:\/\/seedsecu.com\/vn\/wp-content\/uploads\/sites\/5\/2022\/12\/abandon.png\" alt=\"\" width=\"756\" height=\"256\" srcset=\"https:\/\/seedsecu.com\/vn\/wp-content\/uploads\/sites\/5\/2022\/12\/abandon.png 756w, https:\/\/seedsecu.com\/vn\/wp-content\/uploads\/sites\/5\/2022\/12\/abandon-300x102.png 300w, https:\/\/seedsecu.com\/vn\/wp-content\/uploads\/sites\/5\/2022\/12\/abandon-175x59.png 175w, https:\/\/seedsecu.com\/vn\/wp-content\/uploads\/sites\/5\/2022\/12\/abandon-450x152.png 450w, https:\/\/seedsecu.com\/vn\/wp-content\/uploads\/sites\/5\/2022\/12\/abandon-600x203.png 600w\" sizes=\"(max-width: 756px) 100vw, 756px\" \/><\/p>\n<p>&#8211; Hay l\u00e0 ch\u1eef &#8220;<strong>castle<\/strong>&#8221; th\u00ec t\u01b0\u01a1ng \u01b0ng c\u1ee7a n\u00f3 l\u00e0 s\u1ed1 <strong>0285<\/strong><br \/>\n<img decoding=\"async\" loading=\"lazy\" class=\"aligncenter wp-image-2311 size-full\" src=\"https:\/\/seedsecu.com\/vn\/wp-content\/uploads\/sites\/5\/2022\/12\/castle.png\" alt=\"\" width=\"729\" height=\"260\" srcset=\"https:\/\/seedsecu.com\/vn\/wp-content\/uploads\/sites\/5\/2022\/12\/castle.png 729w, https:\/\/seedsecu.com\/vn\/wp-content\/uploads\/sites\/5\/2022\/12\/castle-300x107.png 300w, https:\/\/seedsecu.com\/vn\/wp-content\/uploads\/sites\/5\/2022\/12\/castle-175x62.png 175w, https:\/\/seedsecu.com\/vn\/wp-content\/uploads\/sites\/5\/2022\/12\/castle-450x160.png 450w, https:\/\/seedsecu.com\/vn\/wp-content\/uploads\/sites\/5\/2022\/12\/castle-600x214.png 600w\" sizes=\"(max-width: 729px) 100vw, 729px\" \/><\/p>\n<p><\/div>\n<h2>Ghi l\u1ea1i s\u1ed1 t\u01b0\u01a1ng \u1ee9ng c\u1ee7a ch\u1eef<\/h2>\n<p><strong><img decoding=\"async\" loading=\"lazy\" class=\"size-medium wp-image-2351 alignleft\" src=\"https:\/\/seedsecu.com\/vn\/wp-content\/uploads\/sites\/5\/2022\/12\/conversation_sheet_insert_number-300x180.png\" alt=\"\" width=\"300\" height=\"180\" srcset=\"https:\/\/seedsecu.com\/vn\/wp-content\/uploads\/sites\/5\/2022\/12\/conversation_sheet_insert_number-300x180.png 300w, https:\/\/seedsecu.com\/vn\/wp-content\/uploads\/sites\/5\/2022\/12\/conversation_sheet_insert_number-768x460.png 768w, https:\/\/seedsecu.com\/vn\/wp-content\/uploads\/sites\/5\/2022\/12\/conversation_sheet_insert_number-175x105.png 175w, https:\/\/seedsecu.com\/vn\/wp-content\/uploads\/sites\/5\/2022\/12\/conversation_sheet_insert_number-450x270.png 450w, https:\/\/seedsecu.com\/vn\/wp-content\/uploads\/sites\/5\/2022\/12\/conversation_sheet_insert_number-600x359.png 600w, https:\/\/seedsecu.com\/vn\/wp-content\/uploads\/sites\/5\/2022\/12\/conversation_sheet_insert_number.png 808w\" sizes=\"(max-width: 300px) 100vw, 300px\" \/><\/strong><\/p>\n<p>&nbsp;<\/p>\n<p>Ghi c\u00e1c con s\u1ed1 t\u01b0\u01a1ng \u1ee9ng v\u1edbi t\u1eebng ch\u1eef v\u00e0o Conversation sheet.<\/p>\n<p>&nbsp;<\/p>\n<input type='hidden' bg_collapse_expand='69f35662412f90008286729' value='69f35662412f90008286729'><input type='hidden' id='bg-show-more-text-69f35662412f90008286729' value='Xem v\u00ed d\u1ee5'><input type='hidden' id='bg-show-less-text-69f35662412f90008286729' value='\u1ea8n v\u00ed d\u1ee5'><button id='bg-showmore-action-69f35662412f90008286729' class='bg-showmore-plg-button bg-blue-button bg-eye '   style=\" color:#ffffff;\">Xem v\u00ed d\u1ee5<\/button><div id='bg-showmore-hidden-69f35662412f90008286729' ><br \/>\n<img decoding=\"async\" loading=\"lazy\" class=\"aligncenter wp-image-2319 size-full\" src=\"https:\/\/seedsecu.com\/vn\/wp-content\/uploads\/sites\/5\/2022\/12\/hard_wallet_convert_number.png\" alt=\"\" width=\"328\" height=\"220\" srcset=\"https:\/\/seedsecu.com\/vn\/wp-content\/uploads\/sites\/5\/2022\/12\/hard_wallet_convert_number.png 328w, https:\/\/seedsecu.com\/vn\/wp-content\/uploads\/sites\/5\/2022\/12\/hard_wallet_convert_number-300x201.png 300w, https:\/\/seedsecu.com\/vn\/wp-content\/uploads\/sites\/5\/2022\/12\/hard_wallet_convert_number-175x117.png 175w, https:\/\/seedsecu.com\/vn\/wp-content\/uploads\/sites\/5\/2022\/12\/hard_wallet_convert_number-270x180.png 270w\" sizes=\"(max-width: 328px) 100vw, 328px\" \/><\/p>\n<p><\/div>\n<h2>Kh\u1eafc c\u00e1c s\u1ed1 v\u00e0o v\u00ed c\u1ee9ng SeedSecu<\/h2>\n<p><img decoding=\"async\" loading=\"lazy\" class=\"aligncenter wp-image-2793 size-full\" src=\"https:\/\/seedsecu.com\/vn\/wp-content\/uploads\/sites\/5\/2023\/01\/lazer-1-scaled.jpg\" alt=\"\" width=\"2560\" height=\"1707\" srcset=\"https:\/\/seedsecu.com\/vn\/wp-content\/uploads\/sites\/5\/2023\/01\/lazer-1-scaled.jpg 2560w, https:\/\/seedsecu.com\/vn\/wp-content\/uploads\/sites\/5\/2023\/01\/lazer-1-600x400.jpg 600w, https:\/\/seedsecu.com\/vn\/wp-content\/uploads\/sites\/5\/2023\/01\/lazer-1-1024x683.jpg 1024w, https:\/\/seedsecu.com\/vn\/wp-content\/uploads\/sites\/5\/2023\/01\/lazer-1-768x512.jpg 768w, https:\/\/seedsecu.com\/vn\/wp-content\/uploads\/sites\/5\/2023\/01\/lazer-1-270x180.jpg 270w\" sizes=\"(max-width: 2560px) 100vw, 2560px\" \/><\/p>\n<p>Trong v\u00ed SeedSecu \u0111\u00e3 \u0111\u00e1nh s\u1ed1 s\u1eb5n t\u1eeb 1 &#8211; 24 t\u01b0\u01a1ng \u1ee9ng v\u1edbi 24 t\u1eeb trong b\u1ed9 kh\u00f3a c\u1ee7a b\u1ea1n. M\u1ed7i t\u1eeb t\u01b0\u01a1ng \u1ee9ng v\u1edbi 4 ch\u1eef s\u1ed1 m\u00e0 b\u1ea1n \u0111\u00e3 ghi \u1edf b\u01b0\u1edbc tr\u01b0\u1edbc.<\/p>\n<p>D\u1ef1a theo n\u1ed9i dung Conversation sheet, kh\u1eafc c\u00e1c s\u1ed1 theo \u0111\u00fang th\u1ee9 t\u1ef1 t\u01b0\u01a1ng \u1ee9ng v\u1edbi t\u1eebng ch\u1eef v\u00e0o v\u00ed c\u1ee9ng, b\u1eb1ng c\u00e1ch s\u1eed d\u1ee5ng c\u00e2y b\u00fat \u0111\u00e3 c\u00f3 s\u1eb5n trong h\u1ed9p, \u0111\u01b0a \u0111\u1ea7u b\u00fat v\u00e0o ch\u1ed7 mu\u1ed1n kh\u1eafc, v\u00e0 d\u00f9ng tay nh\u1ea5n c\u00e2y b\u00fat cho \u0111\u1ebfn khi nghe ti\u1ebfng &#8220;t\u00e1ch&#8221;.<\/p>\n<p><img decoding=\"async\" loading=\"lazy\" class=\"aligncenter wp-image-2777 size-full\" style=\"-webkit-font-smoothing: var(--base-aa); margin: var(--p-media-margin) auto; font-size: 15px; font-family: Lato, Arial, sans-serif; opacity: 0.84;\" src=\"https:\/\/seedsecu.com\/vn\/wp-content\/uploads\/sites\/5\/2023\/01\/vi_lanh_vi_cung_luu_tru-scaled.jpg\" alt=\"\" width=\"2560\" height=\"1707\" srcset=\"https:\/\/seedsecu.com\/vn\/wp-content\/uploads\/sites\/5\/2023\/01\/vi_lanh_vi_cung_luu_tru-scaled.jpg 2560w, https:\/\/seedsecu.com\/vn\/wp-content\/uploads\/sites\/5\/2023\/01\/vi_lanh_vi_cung_luu_tru-600x400.jpg 600w, https:\/\/seedsecu.com\/vn\/wp-content\/uploads\/sites\/5\/2023\/01\/vi_lanh_vi_cung_luu_tru-1024x683.jpg 1024w, https:\/\/seedsecu.com\/vn\/wp-content\/uploads\/sites\/5\/2023\/01\/vi_lanh_vi_cung_luu_tru-768x512.jpg 768w, https:\/\/seedsecu.com\/vn\/wp-content\/uploads\/sites\/5\/2023\/01\/vi_lanh_vi_cung_luu_tru-270x180.jpg 270w\" sizes=\"(max-width: 2560px) 100vw, 2560px\" \/><\/p>\n<p>&nbsp;<\/p>\n<input type='hidden' bg_collapse_expand='69f35662413193015105634' value='69f35662413193015105634'><input type='hidden' id='bg-show-more-text-69f35662413193015105634' value='Xem v\u00ed d\u1ee5'><input type='hidden' id='bg-show-less-text-69f35662413193015105634' value='\u1ea8n v\u00ed d\u1ee5'><button id='bg-showmore-action-69f35662413193015105634' class='bg-showmore-plg-button bg-blue-button bg-eye '   style=\" color:#ffffff;\">Xem v\u00ed d\u1ee5<\/button><div id='bg-showmore-hidden-69f35662413193015105634' ><\/p>\n<p>Trong h\u00ecnh \u1ea3nh sau th\u00ec ch\u1eef \u0111\u1ea7u ti\u00ean l\u00e0 <strong>0001<\/strong>, ch\u1eef th\u1ee9 2 l\u00e0 <strong>0285<\/strong>.. ch\u1eef th\u1ee9 7 l\u00e0 <strong>1349<\/strong>, ch\u1ee9 th\u1ee9 8 l\u00e0 <strong>1964<\/strong><\/p>\n<p><img decoding=\"async\" loading=\"lazy\" class=\"alignnone wp-image-2696 size-full\" src=\"https:\/\/seedsecu.com\/vn\/wp-content\/uploads\/sites\/5\/2022\/12\/vi_tru_lanh_step_4.png\" alt=\"\" width=\"2721\" height=\"1514\" srcset=\"https:\/\/seedsecu.com\/vn\/wp-content\/uploads\/sites\/5\/2022\/12\/vi_tru_lanh_step_4.png 2721w, https:\/\/seedsecu.com\/vn\/wp-content\/uploads\/sites\/5\/2022\/12\/vi_tru_lanh_step_4-600x334.png 600w, https:\/\/seedsecu.com\/vn\/wp-content\/uploads\/sites\/5\/2022\/12\/vi_tru_lanh_step_4-1024x570.png 1024w, https:\/\/seedsecu.com\/vn\/wp-content\/uploads\/sites\/5\/2022\/12\/vi_tru_lanh_step_4-768x427.png 768w\" sizes=\"(max-width: 2721px) 100vw, 2721px\" \/><\/div>\n<h2>Ho\u00e0n t\u1ea5t s\u1eed d\u1ee5ng v\u00ed l\u01b0u tr\u1eef seed phrase<\/h2>\n<p>Xong r\u1ed3i \u0111\u1ea5y, th\u1eadt tuy\u1ec7t! B\u1ea1n c\u00f3 th\u1ec3 \u0111\u1ed1t Conversation sheet \u0111i, v\u00e0 Seed phrase c\u1ee7a b\u1ea1n \u0111\u00e3 \u0111\u01b0\u1ee3c l\u01b0u tr\u1eef an to\u00e0n.<\/p>\n<p>C\u1ea3m \u01a1n \u0111\u00e3 s\u1eed d\u1ee5ng d\u1ee5ng c\u1ee5 l\u01b0u tr\u1eef 24 k\u00fd t\u1ef1 SeedSecu.[\/vc_column_text][\/vc_column][vc_column][\/vc_column][\/vc_row][vc_row][vc_column][vc_column_text]<\/p>\n<p>[\/vc_column_text][\/vc_column][\/vc_row]<\/p>\n","protected":false},"excerpt":{"rendered":"<p>[vc_row][vc_column][vc_column_text single_style=&#8221;&#8221;]H\u01b0\u1edbng d\u1eabn t\u1eebng b\u01b0\u1edbc s\u1eed d\u1ee5ng v\u00ed c\u1ee9ng l\u01b0u tr\u1eef 24 k\u00fd t\u1ef1 (seed phrase) SEEDSECU Ghi ra 24 k\u00fd t\u1ef1 v\u00e0o Conversation sheet Trong h\u1ed9p s\u1ea3n ph\u1ea9m \u0111\u00e3 chu\u1ea9n b\u1ecb s\u1eb5n 2 t\u1edd Conversation sheet. T\u1edd 1 \u0111\u00e3 \u0111\u01b0\u1ee3c \u0111\u00e1nh s\u1ed1 th\u1ee9 t\u1ef1 t\u1eeb 1 \u0111\u1ebfn 12. T\u1edd 2 th\u00ec \u0111\u01b0\u1ee3c s\u1ed1 t\u1eeb <\/p>\n","protected":false},"author":1,"featured_media":2777,"parent":0,"menu_order":0,"comment_status":"closed","ping_status":"closed","template":"page-blocks.php","meta":{"_mi_skip_tracking":false},"yoast_head":"<!-- This site is optimized with the Yoast SEO plugin v19.12 - https:\/\/yoast.com\/wordpress\/plugins\/seo\/ -->\n<title>H\u01b0\u1edbng D\u1eabn S\u1eed D\u1ee5ng V\u00ed L\u01b0u Tr\u1eef Word Seed - V\u00ed C\u1ee9ng Seedsecu<\/title>\n<meta name=\"description\" content=\"H\u01b0\u1edbng chi ti\u1ebft c\u00e1ch s\u1eed d\u1ee5ng v\u00ed c\u1ee9ng l\u01b0u tr\u1eef b\u1ed9 kh\u00f3a c\u00e1 nh\u00e2n (private key - seed phrase) cho v\u00ed l\u1ea1nh, v\u00ed n\u00f3ng l\u01b0u tr\u1eef crypto\" \/>\n<meta name=\"robots\" content=\"index, follow, max-snippet:-1, max-image-preview:large, max-video-preview:-1\" \/>\n<link rel=\"canonical\" href=\"https:\/\/seedsecu.com\/vn\/huong-dan-su-dung-vi-cung\/\" \/>\n<meta property=\"og:locale\" content=\"vi_VN\" \/>\n<meta property=\"og:type\" content=\"article\" \/>\n<meta property=\"og:title\" content=\"H\u01b0\u1edbng D\u1eabn S\u1eed D\u1ee5ng V\u00ed L\u01b0u Tr\u1eef Word Seed - V\u00ed C\u1ee9ng Seedsecu\" \/>\n<meta property=\"og:description\" content=\"H\u01b0\u1edbng chi ti\u1ebft c\u00e1ch s\u1eed d\u1ee5ng v\u00ed c\u1ee9ng l\u01b0u tr\u1eef b\u1ed9 kh\u00f3a c\u00e1 nh\u00e2n (private key - seed phrase) cho v\u00ed l\u1ea1nh, v\u00ed n\u00f3ng l\u01b0u tr\u1eef crypto\" \/>\n<meta property=\"og:url\" content=\"https:\/\/seedsecu.com\/vn\/huong-dan-su-dung-vi-cung\/\" \/>\n<meta property=\"og:site_name\" content=\"V\u00ed C\u1ee9ng Seedsecu\" \/>\n<meta property=\"article:modified_time\" content=\"2023-08-21T06:08:52+00:00\" \/>\n<meta property=\"og:image\" content=\"https:\/\/seedsecu.com\/vn\/wp-content\/uploads\/sites\/5\/2023\/01\/vi_lanh_vi_cung_luu_tru-scaled.jpg\" \/>\n\t<meta property=\"og:image:width\" content=\"2560\" \/>\n\t<meta property=\"og:image:height\" content=\"1707\" \/>\n\t<meta property=\"og:image:type\" content=\"image\/jpeg\" \/>\n<meta name=\"twitter:card\" content=\"summary_large_image\" \/>\n<meta name=\"twitter:label1\" content=\"\u01af\u1edbc t\u00ednh th\u1eddi gian \u0111\u1ecdc\" \/>\n\t<meta name=\"twitter:data1\" content=\"5 ph\u00fat\" \/>\n<script type=\"application\/ld+json\" class=\"yoast-schema-graph\">{\"@context\":\"https:\/\/schema.org\",\"@graph\":[{\"@type\":\"WebPage\",\"@id\":\"https:\/\/seedsecu.com\/vn\/huong-dan-su-dung-vi-cung\/\",\"url\":\"https:\/\/seedsecu.com\/vn\/huong-dan-su-dung-vi-cung\/\",\"name\":\"H\u01b0\u1edbng D\u1eabn S\u1eed D\u1ee5ng V\u00ed L\u01b0u Tr\u1eef Word Seed - V\u00ed C\u1ee9ng Seedsecu\",\"isPartOf\":{\"@id\":\"https:\/\/seedsecu.com\/vn\/#website\"},\"datePublished\":\"2022-12-07T02:41:31+00:00\",\"dateModified\":\"2023-08-21T06:08:52+00:00\",\"description\":\"H\u01b0\u1edbng chi ti\u1ebft c\u00e1ch s\u1eed d\u1ee5ng v\u00ed c\u1ee9ng l\u01b0u tr\u1eef b\u1ed9 kh\u00f3a c\u00e1 nh\u00e2n (private key - seed phrase) cho v\u00ed l\u1ea1nh, v\u00ed n\u00f3ng l\u01b0u tr\u1eef crypto\",\"breadcrumb\":{\"@id\":\"https:\/\/seedsecu.com\/vn\/huong-dan-su-dung-vi-cung\/#breadcrumb\"},\"inLanguage\":\"vi\",\"potentialAction\":[{\"@type\":\"ReadAction\",\"target\":[\"https:\/\/seedsecu.com\/vn\/huong-dan-su-dung-vi-cung\/\"]}]},{\"@type\":\"BreadcrumbList\",\"@id\":\"https:\/\/seedsecu.com\/vn\/huong-dan-su-dung-vi-cung\/#breadcrumb\",\"itemListElement\":[{\"@type\":\"ListItem\",\"position\":1,\"name\":\"Home\",\"item\":\"https:\/\/seedsecu.com\/vn\/\"},{\"@type\":\"ListItem\",\"position\":2,\"name\":\"H\u01b0\u1edbng D\u1eabn S\u1eed D\u1ee5ng V\u00ed L\u01b0u Tr\u1eef Word Seed\"}]},{\"@type\":\"WebSite\",\"@id\":\"https:\/\/seedsecu.com\/vn\/#website\",\"url\":\"https:\/\/seedsecu.com\/vn\/\",\"name\":\"V\u00ed C\u1ee9ng Seedsecu\",\"description\":\"V\u00ed C\u1ee9ng - V\u00ed L\u1ea1nh L\u01b0u Tr\u1eef Seed Phrase\",\"publisher\":{\"@id\":\"https:\/\/seedsecu.com\/vn\/#organization\"},\"potentialAction\":[{\"@type\":\"SearchAction\",\"target\":{\"@type\":\"EntryPoint\",\"urlTemplate\":\"https:\/\/seedsecu.com\/vn\/?s={search_term_string}\"},\"query-input\":\"required name=search_term_string\"}],\"inLanguage\":\"vi\"},{\"@type\":\"Organization\",\"@id\":\"https:\/\/seedsecu.com\/vn\/#organization\",\"name\":\"Seedsecu\",\"url\":\"https:\/\/seedsecu.com\/vn\/\",\"logo\":{\"@type\":\"ImageObject\",\"inLanguage\":\"vi\",\"@id\":\"https:\/\/seedsecu.com\/vn\/#\/schema\/logo\/image\/\",\"url\":\"https:\/\/seedsecu.com\/vn\/wp-content\/uploads\/sites\/5\/2022\/12\/seed-phrase-safe-1.png\",\"contentUrl\":\"https:\/\/seedsecu.com\/vn\/wp-content\/uploads\/sites\/5\/2022\/12\/seed-phrase-safe-1.png\",\"width\":311,\"height\":370,\"caption\":\"Seedsecu\"},\"image\":{\"@id\":\"https:\/\/seedsecu.com\/vn\/#\/schema\/logo\/image\/\"}}]}<\/script>\n<!-- \/ Yoast SEO plugin. -->","yoast_head_json":{"title":"H\u01b0\u1edbng D\u1eabn S\u1eed D\u1ee5ng V\u00ed L\u01b0u Tr\u1eef Word Seed - V\u00ed C\u1ee9ng Seedsecu","description":"H\u01b0\u1edbng chi ti\u1ebft c\u00e1ch s\u1eed d\u1ee5ng v\u00ed c\u1ee9ng l\u01b0u tr\u1eef b\u1ed9 kh\u00f3a c\u00e1 nh\u00e2n (private key - seed phrase) cho v\u00ed l\u1ea1nh, v\u00ed n\u00f3ng l\u01b0u tr\u1eef crypto","robots":{"index":"index","follow":"follow","max-snippet":"max-snippet:-1","max-image-preview":"max-image-preview:large","max-video-preview":"max-video-preview:-1"},"canonical":"https:\/\/seedsecu.com\/vn\/huong-dan-su-dung-vi-cung\/","og_locale":"vi_VN","og_type":"article","og_title":"H\u01b0\u1edbng D\u1eabn S\u1eed D\u1ee5ng V\u00ed L\u01b0u Tr\u1eef Word Seed - V\u00ed C\u1ee9ng Seedsecu","og_description":"H\u01b0\u1edbng chi ti\u1ebft c\u00e1ch s\u1eed d\u1ee5ng v\u00ed c\u1ee9ng l\u01b0u tr\u1eef b\u1ed9 kh\u00f3a c\u00e1 nh\u00e2n (private key - seed phrase) cho v\u00ed l\u1ea1nh, v\u00ed n\u00f3ng l\u01b0u tr\u1eef crypto","og_url":"https:\/\/seedsecu.com\/vn\/huong-dan-su-dung-vi-cung\/","og_site_name":"V\u00ed C\u1ee9ng Seedsecu","article_modified_time":"2023-08-21T06:08:52+00:00","og_image":[{"width":2560,"height":1707,"url":"https:\/\/seedsecu.com\/vn\/wp-content\/uploads\/sites\/5\/2023\/01\/vi_lanh_vi_cung_luu_tru-scaled.jpg","type":"image\/jpeg"}],"twitter_card":"summary_large_image","twitter_misc":{"\u01af\u1edbc t\u00ednh th\u1eddi gian \u0111\u1ecdc":"5 ph\u00fat"},"schema":{"@context":"https:\/\/schema.org","@graph":[{"@type":"WebPage","@id":"https:\/\/seedsecu.com\/vn\/huong-dan-su-dung-vi-cung\/","url":"https:\/\/seedsecu.com\/vn\/huong-dan-su-dung-vi-cung\/","name":"H\u01b0\u1edbng D\u1eabn S\u1eed D\u1ee5ng V\u00ed L\u01b0u Tr\u1eef Word Seed - V\u00ed C\u1ee9ng Seedsecu","isPartOf":{"@id":"https:\/\/seedsecu.com\/vn\/#website"},"datePublished":"2022-12-07T02:41:31+00:00","dateModified":"2023-08-21T06:08:52+00:00","description":"H\u01b0\u1edbng chi ti\u1ebft c\u00e1ch s\u1eed d\u1ee5ng v\u00ed c\u1ee9ng l\u01b0u tr\u1eef b\u1ed9 kh\u00f3a c\u00e1 nh\u00e2n (private key - seed phrase) cho v\u00ed l\u1ea1nh, v\u00ed n\u00f3ng l\u01b0u tr\u1eef crypto","breadcrumb":{"@id":"https:\/\/seedsecu.com\/vn\/huong-dan-su-dung-vi-cung\/#breadcrumb"},"inLanguage":"vi","potentialAction":[{"@type":"ReadAction","target":["https:\/\/seedsecu.com\/vn\/huong-dan-su-dung-vi-cung\/"]}]},{"@type":"BreadcrumbList","@id":"https:\/\/seedsecu.com\/vn\/huong-dan-su-dung-vi-cung\/#breadcrumb","itemListElement":[{"@type":"ListItem","position":1,"name":"Home","item":"https:\/\/seedsecu.com\/vn\/"},{"@type":"ListItem","position":2,"name":"H\u01b0\u1edbng D\u1eabn S\u1eed D\u1ee5ng V\u00ed L\u01b0u Tr\u1eef Word Seed"}]},{"@type":"WebSite","@id":"https:\/\/seedsecu.com\/vn\/#website","url":"https:\/\/seedsecu.com\/vn\/","name":"V\u00ed C\u1ee9ng Seedsecu","description":"V\u00ed C\u1ee9ng - V\u00ed L\u1ea1nh L\u01b0u Tr\u1eef Seed Phrase","publisher":{"@id":"https:\/\/seedsecu.com\/vn\/#organization"},"potentialAction":[{"@type":"SearchAction","target":{"@type":"EntryPoint","urlTemplate":"https:\/\/seedsecu.com\/vn\/?s={search_term_string}"},"query-input":"required name=search_term_string"}],"inLanguage":"vi"},{"@type":"Organization","@id":"https:\/\/seedsecu.com\/vn\/#organization","name":"Seedsecu","url":"https:\/\/seedsecu.com\/vn\/","logo":{"@type":"ImageObject","inLanguage":"vi","@id":"https:\/\/seedsecu.com\/vn\/#\/schema\/logo\/image\/","url":"https:\/\/seedsecu.com\/vn\/wp-content\/uploads\/sites\/5\/2022\/12\/seed-phrase-safe-1.png","contentUrl":"https:\/\/seedsecu.com\/vn\/wp-content\/uploads\/sites\/5\/2022\/12\/seed-phrase-safe-1.png","width":311,"height":370,"caption":"Seedsecu"},"image":{"@id":"https:\/\/seedsecu.com\/vn\/#\/schema\/logo\/image\/"}}]}},"_links":{"self":[{"href":"https:\/\/seedsecu.com\/vn\/wp-json\/wp\/v2\/pages\/2304"}],"collection":[{"href":"https:\/\/seedsecu.com\/vn\/wp-json\/wp\/v2\/pages"}],"about":[{"href":"https:\/\/seedsecu.com\/vn\/wp-json\/wp\/v2\/types\/page"}],"author":[{"embeddable":true,"href":"https:\/\/seedsecu.com\/vn\/wp-json\/wp\/v2\/users\/1"}],"replies":[{"embeddable":true,"href":"https:\/\/seedsecu.com\/vn\/wp-json\/wp\/v2\/comments?post=2304"}],"version-history":[{"count":23,"href":"https:\/\/seedsecu.com\/vn\/wp-json\/wp\/v2\/pages\/2304\/revisions"}],"predecessor-version":[{"id":2872,"href":"https:\/\/seedsecu.com\/vn\/wp-json\/wp\/v2\/pages\/2304\/revisions\/2872"}],"wp:featuredmedia":[{"embeddable":true,"href":"https:\/\/seedsecu.com\/vn\/wp-json\/wp\/v2\/media\/2777"}],"wp:attachment":[{"href":"https:\/\/seedsecu.com\/vn\/wp-json\/wp\/v2\/media?parent=2304"}],"curies":[{"name":"wp","href":"https:\/\/api.w.org\/{rel}","templated":true}]}}