{"id":2195,"date":"2022-11-29T03:01:13","date_gmt":"2022-11-29T03:01:13","guid":{"rendered":"https:\/\/seedsecu.com\/vn\/?page_id=2195"},"modified":"2022-12-16T08:48:02","modified_gmt":"2022-12-16T08:48:02","slug":"privacy-notice","status":"publish","type":"page","link":"https:\/\/seedsecu.com\/vn\/privacy-notice\/","title":{"rendered":"Privacy Notice"},"content":{"rendered":"\n<p>Ch\u00fang t\u00f4i thu th\u1eadp th\u00f4ng tin v\u1ec1 b\u1ea1n trong qu\u00e1 tr\u00ecnh thanh to\u00e1n t\u1ea1i c\u1eeda h\u00e0ng c\u1ee7a ch\u00fang t\u00f4i.<\/p>\n<h2>Seedsecu thu th\u1eadp v\u00e0 l\u01b0u tr\u1eef \u0111i\u1ec1u g\u00ec<\/h2>\n<p>Trong khi b\u1ea1n v\u00e0o trang web, Seedsecu s\u1ebd theo d\u00f5i:<br \/>\nV\u1ecb tr\u00ed, \u0111\u1ecba ch\u1ec9 IP v\u00e0 lo\u1ea1i tr\u00ecnh duy\u1ec7t: Seedsecu s\u1ebd s\u1eed d\u1ee5ng cho c\u00e1c m\u1ee5c \u0111\u00edch giao h\u00e0ng v\u00e0 b\u1ea3o h\u00e0nh.<br \/>\n\u0110\u1ecba ch\u1ec9 giao h\u00e0ng: Seedsecu s\u1ebd y\u00eau c\u1ea7u b\u1ea1n \u0111i\u1ec1n th\u00f4ng tin \u0111\u1ec3 Seedsecu c\u00f3 th\u1ec3 v\u00ed d\u1ee5: \u01b0\u1edbc t\u00ednh chi ph\u00ed giao h\u00e0ng tr\u01b0\u1edbc khi b\u1ea1n \u0111\u1eb7t h\u00e0ng, v\u00e0 g\u1eedi \u0111\u01a1n h\u00e0ng cho b\u1ea1n!<br \/>\nSeedsecu s\u1ebd s\u1eed d\u1ee5ng cookies \u0111\u1ec3 theo d\u00f5i n\u1ed9i dung gi\u1ecf h\u00e0ng trong khi b\u1ea1n v\u00e0o trang web c\u1ee7a Seedsecu<\/p>\n<p>Khi b\u1ea1n mua h\u00e0ng t\u1eeb Seedsecu, Seedsecu s\u1ebd y\u00eau c\u1ea7u b\u1ea1n cung c\u1ea5p th\u00f4ng tin bao g\u1ed3m: T\u00ean, \u0111\u1ecba ch\u1ec9 thanh to\u00e1n, \u0111\u1ecba ch\u1ec9 giao h\u00e0ng, \u0111\u1ecba ch\u1ec9 email, s\u1ed1 \u0111i\u1ec7n tho\u1ea1i, credit card\/th\u00f4ng tin thanh to\u00e1n v\u00e0 th\u00f4ng tin t\u00e0i kho\u1ea3n b\u1ed5 sung nh\u01b0 t\u00ean t\u00e0i kho\u1ea3n v\u00e0 m\u1eadt kh\u1ea9u. Seedsecu s\u1eed d\u1ee5ng th\u00f4ng tin n\u00e0y cho nhi\u1ec1u m\u1ee5c \u0111\u00edch, v\u00ed d\u1ee5 nh\u01b0:<\/p>\n<p>G\u1eedi cho b\u1ea1n th\u00f4ng tin v\u1ec1 t\u00e0i kho\u1ea3n v\u00e0 \u0111\u01a1n h\u00e0ng m\u00e0 b\u1ea1n \u0111\u00e3 \u0111\u1eb7t<br \/>\nTr\u1ea3 l\u1eddi c\u00e1c y\u00eau c\u1ea7u c\u1ee7a b\u1ea1n, bao g\u1ed3m c\u1ea3 vi\u1ec7c ho\u00e0n l\u1ea1i ti\u1ec1n v\u00e0 khi\u1ebfu n\u1ea1i<br \/>\nX\u1eed l\u00fd thanh to\u00e1n v\u00e0 ng\u0103n ch\u1eb7n gian l\u1eadn.<br \/>\nThi\u1ebft l\u1eadp t\u00e0i kho\u1ea3n c\u1ee7a b\u1ea1n tr\u00ean d\u1ecbch v\u1ee5 c\u1ee7a Seedsecu<br \/>\nTu\u00e2n th\u1ee7 m\u1ecdi quy \u0111\u1ecbnh m\u00e0 Seedsecu \u0111\u1eb7t ra<br \/>\nC\u1ea3i thi\u1ec7n ch\u1ea5t l\u01b0\u1ee3ng d\u1ecbch v\u1ee5 b\u00e1n h\u00e0ng c\u1ee7a c\u1eeda h\u00e0ng Seedsecu<br \/>\nG\u1eedi cho b\u1ea1n tin nh\u1eafn khuy\u1ebfn m\u00e3i, n\u1ebfu b\u1ea1n nh\u1eadn \u0111\u01b0\u1ee3c ch\u00fang<br \/>\nN\u1ebfu b\u1ea1n t\u1ea1o 1 t\u00e0i kho\u1ea3n, Seedsecu s\u1ebd l\u01b0u l\u1ea1i t\u00ean, \u0111\u1ecba ch\u1ec9, email v\u00e0 s\u1ed1 \u0111i\u1ec7n tho\u1ea1i, \u0111\u1ec3 s\u1eed d\u1ee5ng cho c\u00e1c l\u1ea7n thanh to\u00e1n ti\u1ebfp theo.<\/p>\n<h2>Ai trong nh\u00f3m c\u1ee7a Seedsecu c\u00f3 quy\u1ec1n truy c\u1eadp<\/h2>\n<p>Th\u00e0nh vi\u00ean trong nh\u00f3m Seedsecu c\u00f3 th\u1ec3 truy c\u1eadp th\u00f4ng tin m\u00e0 b\u1ea1n cung c\u1ea5p. V\u00ed d\u1ee5: Qu\u1ea3n l\u00fd v\u00e0 Ch\u1ee7 c\u1eeda h\u00e0ng c\u00f3 th\u1ec3 truy c\u1eadp:<br \/>\nTh\u00f4ng tin \u0111\u01a1n h\u00e0ng nh\u01b0 mua nh\u1eefng g\u00ec, mua khi n\u00e0o v\u00e0 g\u1eedi h\u00e0ng t\u1edbi \u0111\u00e2u.<br \/>\nCung c\u1ea5p th\u00f4ng tin kh\u00e1ch h\u00e0ng nh\u01b0 t\u00ean, \u0111\u1ecba ch\u1ec9 email, th\u00f4ng tin thanh to\u00e1n, v\u00e0 \u0111\u1ecba ch\u1ec9 giao h\u00e0ng c\u1ee7a b\u1ea1n.<br \/>\nC\u00e1c th\u00e0nh vi\u00ean \u1edf trong nh\u00f3m c\u1ee7a Seedsecu c\u00f3 quy\u1ec1n truy c\u1eadp v\u00e0o th\u00f4ng tin n\u00e0y \u0111\u1ec3 gi\u00fap cho b\u1ea1n th\u1ef1c hi\u1ec7n \u0111\u01a1n h\u00e0ng, x\u1eed l\u00fd ti\u1ec1n ho\u00e0n l\u1ea1i v\u00e0 c\u0169ng nh\u01b0 h\u1ed7 tr\u1ee3 cho b\u1ea1n.<\/p>\n<h2>Seedsecu c\u00f3 th\u1ec3 chia s\u1ebb th\u00f4ng tin cho ai<\/h2>\n<p>Seedsecu chia s\u1ebb th\u00f4ng tin v\u1edbi b\u00ean th\u1ee9 ba \u0111\u1ec3 gi\u00fap Seedsecu \u00a0v\u1ec1 ph\u1ea7n d\u1ecbch v\u1ee5 giao nh\u1eadn<\/p>\n<h2>N\u1ebfu b\u1ea1n l\u00e0 Nh\u00e0 ph\u00e2n ph\u1ed1i (\u0110\u1ea1i l\u00fd) c\u1ee7a Seedsecu<\/h2>\n<p>SeedSecu thu th\u1eadp v\u00e0 s\u1eed d\u1ee5ng th\u00f4ng tin c\u1ee7a b\u1ea1n \u0111\u1ec3 c\u00f3 th\u1ec3 li\u00ean h\u1ec7 v\u00e0 h\u1ee3p t\u00e1c tr\u1edf th\u00e0nh nh\u00e0 ph\u00e2n ph\u1ed1i ch\u00ednh th\u1ee9c c\u1ee7a SeedSecu.<\/p>\n<p>D\u1eef li\u1ec7u c\u1ee7a b\u1ea1n ch\u1ec9 c\u00f3 th\u1ec3 \u0111\u01b0\u1ee3c truy c\u1eadp b\u1edfi SeedSecu m\u1ed9t c\u00e1ch an to\u00e0n v\u00e0 b\u1ea3o m\u1eadt.\u00a0 Th\u00f4ng tin \u0111\u01b0\u1ee3c gi\u1eef l\u1ea1i cho \u0111\u1ebfn khi h\u1ee3p \u0111\u1ed3ng c\u1ee7a hai b\u00ean ch\u1ea5p d\u1ee9t.<\/p>\n<p>B\u1ea1n c\u00f3 th\u1ec3 li\u00ean h\u1ec7 \u0111\u1ec3 ch\u1ec9nh s\u1eeda, y\u00eau c\u1ea7u x\u00f3a, th\u1ef1c hi\u1ec7n quy\u1ec1n c\u1ee7a b\u1ea1n \u0111\u1ed1i v\u1edbi d\u1eef li\u1ec7u ho\u1eb7c h\u1ea1n ch\u1ebf s\u1eed d\u1ee5ng d\u1eef li\u1ec7u. Sau khi li\u00ean h\u1ec7 v\u1edbi Seedsecu, b\u1ea1n s\u1ebd c\u00f3 th\u1ec3 th\u1ef1c hi\u1ec7n to\u00e0n b\u1ed9 quy\u1ec1n tr\u00ean d\u1eef li\u1ec7u c\u00e1 nh\u00e2n c\u1ee7a m\u00ecnh<\/p>\n","protected":false},"excerpt":{"rendered":"<p>Ch\u00fang t\u00f4i thu th\u1eadp th\u00f4ng tin v\u1ec1 b\u1ea1n trong qu\u00e1 tr\u00ecnh thanh to\u00e1n t\u1ea1i c\u1eeda h\u00e0ng c\u1ee7a ch\u00fang t\u00f4i. Seedsecu thu th\u1eadp v\u00e0 l\u01b0u tr\u1eef \u0111i\u1ec1u g\u00ec Trong khi b\u1ea1n v\u00e0o trang web, Seedsecu s\u1ebd theo d\u00f5i: V\u1ecb tr\u00ed, \u0111\u1ecba ch\u1ec9 IP v\u00e0 lo\u1ea1i tr\u00ecnh duy\u1ec7t: Seedsecu s\u1ebd s\u1eed d\u1ee5ng cho c\u00e1c m\u1ee5c \u0111\u00edch giao <\/p>\n","protected":false},"author":1,"featured_media":0,"parent":0,"menu_order":0,"comment_status":"closed","ping_status":"closed","template":"","meta":{"_mi_skip_tracking":false},"yoast_head":"<!-- This site is optimized with the Yoast SEO plugin v19.12 - https:\/\/yoast.com\/wordpress\/plugins\/seo\/ -->\n<title>Privacy Notice - V\u00ed C\u1ee9ng Seedsecu<\/title>\n<meta name=\"description\" content=\"Th\u00f4ng b\u00e1o v\u1ec1 quy\u1ec1n ri\u00eang t\u01b0 SeedSecu - V\u00ed c\u1ee9ng, v\u00ed l\u1ea1nh ch\u1ec9nh h\u00e3ng. thi\u1ebft b\u1ecb l\u01b0u tr\u1eef Seed phrase, kh\u00f3a c\u00e1 nh\u00e2n crypto\" \/>\n<meta name=\"robots\" content=\"index, follow, max-snippet:-1, max-image-preview:large, max-video-preview:-1\" \/>\n<link rel=\"canonical\" href=\"https:\/\/seedsecu.com\/vn\/privacy-notice\/\" \/>\n<meta property=\"og:locale\" content=\"vi_VN\" \/>\n<meta property=\"og:type\" content=\"article\" \/>\n<meta property=\"og:title\" content=\"Privacy Notice - V\u00ed C\u1ee9ng Seedsecu\" \/>\n<meta property=\"og:description\" content=\"Th\u00f4ng b\u00e1o v\u1ec1 quy\u1ec1n ri\u00eang t\u01b0 SeedSecu - V\u00ed c\u1ee9ng, v\u00ed l\u1ea1nh ch\u1ec9nh h\u00e3ng. thi\u1ebft b\u1ecb l\u01b0u tr\u1eef Seed phrase, kh\u00f3a c\u00e1 nh\u00e2n crypto\" \/>\n<meta property=\"og:url\" content=\"https:\/\/seedsecu.com\/vn\/privacy-notice\/\" \/>\n<meta property=\"og:site_name\" content=\"V\u00ed C\u1ee9ng Seedsecu\" \/>\n<meta property=\"article:modified_time\" content=\"2022-12-16T08:48:02+00:00\" \/>\n<meta name=\"twitter:card\" content=\"summary_large_image\" \/>\n<meta name=\"twitter:label1\" content=\"\u01af\u1edbc t\u00ednh th\u1eddi gian \u0111\u1ecdc\" \/>\n\t<meta name=\"twitter:data1\" content=\"4 ph\u00fat\" \/>\n<script type=\"application\/ld+json\" class=\"yoast-schema-graph\">{\"@context\":\"https:\/\/schema.org\",\"@graph\":[{\"@type\":\"WebPage\",\"@id\":\"https:\/\/seedsecu.com\/vn\/privacy-notice\/\",\"url\":\"https:\/\/seedsecu.com\/vn\/privacy-notice\/\",\"name\":\"Privacy Notice - V\u00ed C\u1ee9ng Seedsecu\",\"isPartOf\":{\"@id\":\"https:\/\/seedsecu.com\/vn\/#website\"},\"datePublished\":\"2022-11-29T03:01:13+00:00\",\"dateModified\":\"2022-12-16T08:48:02+00:00\",\"description\":\"Th\u00f4ng b\u00e1o v\u1ec1 quy\u1ec1n ri\u00eang t\u01b0 SeedSecu - V\u00ed c\u1ee9ng, v\u00ed l\u1ea1nh ch\u1ec9nh h\u00e3ng. thi\u1ebft b\u1ecb l\u01b0u tr\u1eef Seed phrase, kh\u00f3a c\u00e1 nh\u00e2n crypto\",\"breadcrumb\":{\"@id\":\"https:\/\/seedsecu.com\/vn\/privacy-notice\/#breadcrumb\"},\"inLanguage\":\"vi\",\"potentialAction\":[{\"@type\":\"ReadAction\",\"target\":[\"https:\/\/seedsecu.com\/vn\/privacy-notice\/\"]}]},{\"@type\":\"BreadcrumbList\",\"@id\":\"https:\/\/seedsecu.com\/vn\/privacy-notice\/#breadcrumb\",\"itemListElement\":[{\"@type\":\"ListItem\",\"position\":1,\"name\":\"Home\",\"item\":\"https:\/\/seedsecu.com\/vn\/\"},{\"@type\":\"ListItem\",\"position\":2,\"name\":\"Privacy Notice\"}]},{\"@type\":\"WebSite\",\"@id\":\"https:\/\/seedsecu.com\/vn\/#website\",\"url\":\"https:\/\/seedsecu.com\/vn\/\",\"name\":\"V\u00ed C\u1ee9ng Seedsecu\",\"description\":\"V\u00ed C\u1ee9ng - V\u00ed L\u1ea1nh L\u01b0u Tr\u1eef Seed Phrase\",\"publisher\":{\"@id\":\"https:\/\/seedsecu.com\/vn\/#organization\"},\"potentialAction\":[{\"@type\":\"SearchAction\",\"target\":{\"@type\":\"EntryPoint\",\"urlTemplate\":\"https:\/\/seedsecu.com\/vn\/?s={search_term_string}\"},\"query-input\":\"required name=search_term_string\"}],\"inLanguage\":\"vi\"},{\"@type\":\"Organization\",\"@id\":\"https:\/\/seedsecu.com\/vn\/#organization\",\"name\":\"Seedsecu\",\"url\":\"https:\/\/seedsecu.com\/vn\/\",\"logo\":{\"@type\":\"ImageObject\",\"inLanguage\":\"vi\",\"@id\":\"https:\/\/seedsecu.com\/vn\/#\/schema\/logo\/image\/\",\"url\":\"https:\/\/seedsecu.com\/vn\/wp-content\/uploads\/sites\/5\/2022\/12\/seed-phrase-safe-1.png\",\"contentUrl\":\"https:\/\/seedsecu.com\/vn\/wp-content\/uploads\/sites\/5\/2022\/12\/seed-phrase-safe-1.png\",\"width\":311,\"height\":370,\"caption\":\"Seedsecu\"},\"image\":{\"@id\":\"https:\/\/seedsecu.com\/vn\/#\/schema\/logo\/image\/\"}}]}<\/script>\n<!-- \/ Yoast SEO plugin. -->","yoast_head_json":{"title":"Privacy Notice - V\u00ed C\u1ee9ng Seedsecu","description":"Th\u00f4ng b\u00e1o v\u1ec1 quy\u1ec1n ri\u00eang t\u01b0 SeedSecu - V\u00ed c\u1ee9ng, v\u00ed l\u1ea1nh ch\u1ec9nh h\u00e3ng. thi\u1ebft b\u1ecb l\u01b0u tr\u1eef Seed phrase, kh\u00f3a c\u00e1 nh\u00e2n crypto","robots":{"index":"index","follow":"follow","max-snippet":"max-snippet:-1","max-image-preview":"max-image-preview:large","max-video-preview":"max-video-preview:-1"},"canonical":"https:\/\/seedsecu.com\/vn\/privacy-notice\/","og_locale":"vi_VN","og_type":"article","og_title":"Privacy Notice - V\u00ed C\u1ee9ng Seedsecu","og_description":"Th\u00f4ng b\u00e1o v\u1ec1 quy\u1ec1n ri\u00eang t\u01b0 SeedSecu - V\u00ed c\u1ee9ng, v\u00ed l\u1ea1nh ch\u1ec9nh h\u00e3ng. thi\u1ebft b\u1ecb l\u01b0u tr\u1eef Seed phrase, kh\u00f3a c\u00e1 nh\u00e2n crypto","og_url":"https:\/\/seedsecu.com\/vn\/privacy-notice\/","og_site_name":"V\u00ed C\u1ee9ng Seedsecu","article_modified_time":"2022-12-16T08:48:02+00:00","twitter_card":"summary_large_image","twitter_misc":{"\u01af\u1edbc t\u00ednh th\u1eddi gian \u0111\u1ecdc":"4 ph\u00fat"},"schema":{"@context":"https:\/\/schema.org","@graph":[{"@type":"WebPage","@id":"https:\/\/seedsecu.com\/vn\/privacy-notice\/","url":"https:\/\/seedsecu.com\/vn\/privacy-notice\/","name":"Privacy Notice - V\u00ed C\u1ee9ng Seedsecu","isPartOf":{"@id":"https:\/\/seedsecu.com\/vn\/#website"},"datePublished":"2022-11-29T03:01:13+00:00","dateModified":"2022-12-16T08:48:02+00:00","description":"Th\u00f4ng b\u00e1o v\u1ec1 quy\u1ec1n ri\u00eang t\u01b0 SeedSecu - V\u00ed c\u1ee9ng, v\u00ed l\u1ea1nh ch\u1ec9nh h\u00e3ng. thi\u1ebft b\u1ecb l\u01b0u tr\u1eef Seed phrase, kh\u00f3a c\u00e1 nh\u00e2n crypto","breadcrumb":{"@id":"https:\/\/seedsecu.com\/vn\/privacy-notice\/#breadcrumb"},"inLanguage":"vi","potentialAction":[{"@type":"ReadAction","target":["https:\/\/seedsecu.com\/vn\/privacy-notice\/"]}]},{"@type":"BreadcrumbList","@id":"https:\/\/seedsecu.com\/vn\/privacy-notice\/#breadcrumb","itemListElement":[{"@type":"ListItem","position":1,"name":"Home","item":"https:\/\/seedsecu.com\/vn\/"},{"@type":"ListItem","position":2,"name":"Privacy Notice"}]},{"@type":"WebSite","@id":"https:\/\/seedsecu.com\/vn\/#website","url":"https:\/\/seedsecu.com\/vn\/","name":"V\u00ed C\u1ee9ng Seedsecu","description":"V\u00ed C\u1ee9ng - V\u00ed L\u1ea1nh L\u01b0u Tr\u1eef Seed Phrase","publisher":{"@id":"https:\/\/seedsecu.com\/vn\/#organization"},"potentialAction":[{"@type":"SearchAction","target":{"@type":"EntryPoint","urlTemplate":"https:\/\/seedsecu.com\/vn\/?s={search_term_string}"},"query-input":"required name=search_term_string"}],"inLanguage":"vi"},{"@type":"Organization","@id":"https:\/\/seedsecu.com\/vn\/#organization","name":"Seedsecu","url":"https:\/\/seedsecu.com\/vn\/","logo":{"@type":"ImageObject","inLanguage":"vi","@id":"https:\/\/seedsecu.com\/vn\/#\/schema\/logo\/image\/","url":"https:\/\/seedsecu.com\/vn\/wp-content\/uploads\/sites\/5\/2022\/12\/seed-phrase-safe-1.png","contentUrl":"https:\/\/seedsecu.com\/vn\/wp-content\/uploads\/sites\/5\/2022\/12\/seed-phrase-safe-1.png","width":311,"height":370,"caption":"Seedsecu"},"image":{"@id":"https:\/\/seedsecu.com\/vn\/#\/schema\/logo\/image\/"}}]}},"_links":{"self":[{"href":"https:\/\/seedsecu.com\/vn\/wp-json\/wp\/v2\/pages\/2195"}],"collection":[{"href":"https:\/\/seedsecu.com\/vn\/wp-json\/wp\/v2\/pages"}],"about":[{"href":"https:\/\/seedsecu.com\/vn\/wp-json\/wp\/v2\/types\/page"}],"author":[{"embeddable":true,"href":"https:\/\/seedsecu.com\/vn\/wp-json\/wp\/v2\/users\/1"}],"replies":[{"embeddable":true,"href":"https:\/\/seedsecu.com\/vn\/wp-json\/wp\/v2\/comments?post=2195"}],"version-history":[{"count":1,"href":"https:\/\/seedsecu.com\/vn\/wp-json\/wp\/v2\/pages\/2195\/revisions"}],"predecessor-version":[{"id":2655,"href":"https:\/\/seedsecu.com\/vn\/wp-json\/wp\/v2\/pages\/2195\/revisions\/2655"}],"wp:attachment":[{"href":"https:\/\/seedsecu.com\/vn\/wp-json\/wp\/v2\/media?parent=2195"}],"curies":[{"name":"wp","href":"https:\/\/api.w.org\/{rel}","templated":true}]}}