{"id":2107,"date":"2022-11-28T03:43:10","date_gmt":"2022-11-28T03:43:10","guid":{"rendered":"https:\/\/seedsecu.com\/?page_id=2107"},"modified":"2023-05-04T07:21:58","modified_gmt":"2023-05-04T07:21:58","slug":"what-is-hard-wallet-seedsecu","status":"publish","type":"page","link":"https:\/\/seedsecu.com\/vn\/what-is-hard-wallet-seedsecu\/","title":{"rendered":"V\u00ed C\u1ee9ng L\u01b0u Tr\u1eef 24 K\u00fd T\u1ef1 (Seed Phrase) An To\u00e0n"},"content":{"rendered":"<p>[vc_row][vc_column][vc_column_text single_style=&#8221;&#8221;]<br \/>\n<img decoding=\"async\" loading=\"lazy\" class=\"aligncenter wp-image-2558 size-full\" src=\"https:\/\/seedsecu.com\/vn\/wp-content\/uploads\/sites\/5\/2022\/12\/Welcome-Hard-Wallet-SeedSecu-2.png\" alt=\"\" width=\"1366\" height=\"232\" srcset=\"https:\/\/seedsecu.com\/vn\/wp-content\/uploads\/sites\/5\/2022\/12\/Welcome-Hard-Wallet-SeedSecu-2.png 1366w, https:\/\/seedsecu.com\/vn\/wp-content\/uploads\/sites\/5\/2022\/12\/Welcome-Hard-Wallet-SeedSecu-2-600x102.png 600w, https:\/\/seedsecu.com\/vn\/wp-content\/uploads\/sites\/5\/2022\/12\/Welcome-Hard-Wallet-SeedSecu-2-1024x174.png 1024w, https:\/\/seedsecu.com\/vn\/wp-content\/uploads\/sites\/5\/2022\/12\/Welcome-Hard-Wallet-SeedSecu-2-768x130.png 768w\" sizes=\"(max-width: 1366px) 100vw, 1366px\" \/><\/p>\n<p><strong>Ch\u00e0o m\u1eebng b\u1ea1n \u0111\u1ebfn v\u1edbi SeedSecu!<\/strong><\/p>\n<p>Website ch\u00ednh th\u1ee9c c\u1ee7a ch\u00fang t\u00f4i: <a href=\"https:\/\/seedsecu.com\/\" target=\"_blank\" rel=\"noopener\">https:\/\/seedsecu.com\/<\/a>, s\u1ea3n ph\u1ea9m l\u00e0 nh\u1eefng c\u00f4ng c\u1ee5 l\u01b0u tr\u1eef 24 k\u00fd t\u1ef1 (seed phrase) b\u1eb1ng v\u1eadt l\u00fd, \u0111\u01b0\u1ee3c g\u1ecdi l\u00e0 v\u00ed tr\u1eef l\u1ea1nh v\u1eadt l\u00fd, v\u00ed c\u1ee9ng.<br \/>\nTh\u1eadt vui v\u00e0 c\u1ea3m \u01a1n b\u1ea1n \u0111\u00e3 \u1edf \u0111\u00e2y!<br \/>\n<img decoding=\"async\" loading=\"lazy\" class=\"aligncenter wp-image-2593 size-full\" src=\"https:\/\/seedsecu.com\/vn\/wp-content\/uploads\/sites\/5\/2022\/12\/bitcoin-safe-hand.png\" alt=\"\" width=\"1366\" height=\"241\" srcset=\"https:\/\/seedsecu.com\/vn\/wp-content\/uploads\/sites\/5\/2022\/12\/bitcoin-safe-hand.png 1366w, https:\/\/seedsecu.com\/vn\/wp-content\/uploads\/sites\/5\/2022\/12\/bitcoin-safe-hand-600x106.png 600w, https:\/\/seedsecu.com\/vn\/wp-content\/uploads\/sites\/5\/2022\/12\/bitcoin-safe-hand-1024x181.png 1024w, https:\/\/seedsecu.com\/vn\/wp-content\/uploads\/sites\/5\/2022\/12\/bitcoin-safe-hand-768x135.png 768w\" sizes=\"(max-width: 1366px) 100vw, 1366px\" \/><\/p>\n<h2>T\u1ea1i sao l\u00e0 d\u1ee5ng c\u1ee5 l\u01b0u tr\u1eef seed phrase SeedSecu?<\/h2>\n<p>Khi b\u1ea1n s\u1eed d\u1ee5ng c\u00e1c lo\u1ea1i v\u00ed l\u1ea1nh nh\u01b0: <strong>Ledger<\/strong>, <strong>Trezor<\/strong>, <strong>Keepkey<\/strong>, etc. ho\u1eb7c l\u00e0 s\u1eed d\u1ee5ng c\u00e1c lo\u1ea1i v\u00ed n\u00f3ng \u0111\u1ec3 l\u01b0u crypto (coin, token) nh\u01b0: <strong>Metamask<\/strong>, <strong>Trust Wallet<\/strong>, <b>v..v.. <\/b>b\u1ea1n th\u01b0\u1eddng l\u01b0u tr\u1eef 24 word seed (recover phrase) v\u00e0o m\u00e1y t\u00ednh ho\u1eb7c v\u00e0o gi\u1ea5y.<br \/>\nB\u1ea1n <strong>kh\u00f4ng n\u00ean l\u01b0u tr\u1eef v\u00e0o m\u00e1y t\u00ednh<\/strong>, \u0111i\u1ec1u n\u00e0y r\u1ea5t nguy hi\u1ec3m cho 24 word seed c\u1ee7a b\u1ea1n. Virus s\u1ebd d\u1ec5 d\u00e0ng lan truy\u1ec1n 24 word seed l\u00ean tr\u00ean internet khi m\u00e1y t\u00ednh b\u1ea1n \u0111\u01b0\u1ee3c online.<br \/>\nN\u1ebfu b\u1ea1n <strong>l\u01b0u tr\u1eef v\u00e0o gi\u1ea5y th\u00ec r\u1ea5t d\u1ec5 th\u1ea5t l\u1ea1c, ho\u1eb7c b\u1ecb ch\u00e1y.<\/strong> B\u1ea1n s\u1ebd m\u1ea5t lu\u00f4n t\u1ea5t c\u1ea3 t\u00e0i s\u1ea3n c\u1ee7a b\u1ea1n v\u00e0 kh\u00f4ng c\u00e1ch n\u00e0o l\u1ea5y l\u1ea1i \u0111\u01b0\u1ee3c.<\/p>\n<p><img decoding=\"async\" loading=\"lazy\" class=\"aligncenter wp-image-2595 size-full\" src=\"https:\/\/seedsecu.com\/vn\/wp-content\/uploads\/sites\/5\/2022\/12\/hard-wallet-stay-safe.png\" alt=\"\" width=\"1366\" height=\"241\" srcset=\"https:\/\/seedsecu.com\/vn\/wp-content\/uploads\/sites\/5\/2022\/12\/hard-wallet-stay-safe.png 1366w, https:\/\/seedsecu.com\/vn\/wp-content\/uploads\/sites\/5\/2022\/12\/hard-wallet-stay-safe-600x106.png 600w, https:\/\/seedsecu.com\/vn\/wp-content\/uploads\/sites\/5\/2022\/12\/hard-wallet-stay-safe-1024x181.png 1024w, https:\/\/seedsecu.com\/vn\/wp-content\/uploads\/sites\/5\/2022\/12\/hard-wallet-stay-safe-768x135.png 768w\" sizes=\"(max-width: 1366px) 100vw, 1366px\" \/><br \/>\n<strong>Hard wallet SeedSecu<\/strong> l\u00e0 m\u1ed9t v\u1eadt d\u1ee5ng l\u00e0m b\u1eb1ng inox, gi\u00fap b\u1ea1n l\u01b0u tr\u1eef 24 word seed c\u1ee7a b\u1ea1n an to\u00e0n. B\u1ea1n s\u1ebd kh\u1eafc 24 word seed v\u00e0o trong hard wallet SeedSecu v\u00e0 c\u1ea5t v\u00e0o t\u1ee7, b\u1ea1n s\u1ebd kh\u00f4ng s\u1ee3 n\u00f3 b\u1ecb ch\u00e1y hay b\u1ecb h\u1ee7y ho\u1ea1i theo th\u1eddi gian.<br \/>\nB\u1ed9 l\u01b0u tr\u1eef 24 k\u00fd t\u1ef1 SeedSecu cung c\u1ea5p c\u00e1ch convert 24 word seed c\u1ee7a b\u1ea1n th\u00e0nh c\u00e1c con s\u1ed1, d\u1ef1a v\u00e0o bip-0039-wordlist:<a href=\"https:\/\/github.com\/bitcoin\/bips\/blob\/master\/bip-0039\/english.txt\" target=\"_blank\" rel=\"noopener\"> https:\/\/github.com\/bitcoin\/bips\/blob\/master\/bip-0039\/bip-0039-wordlists.md<\/a> \u0111\u1ec3 b\u1ea1n kh\u1eafc v\u00e0o SeedSecu.<\/p>\n<h2><img decoding=\"async\" loading=\"lazy\" class=\"aligncenter wp-image-2571 size-full\" src=\"https:\/\/seedsecu.com\/vn\/wp-content\/uploads\/sites\/5\/2022\/12\/hardware-wallet-bitcoin-seedphrase.png\" alt=\"\" width=\"1366\" height=\"319\" srcset=\"https:\/\/seedsecu.com\/vn\/wp-content\/uploads\/sites\/5\/2022\/12\/hardware-wallet-bitcoin-seedphrase.png 1366w, https:\/\/seedsecu.com\/vn\/wp-content\/uploads\/sites\/5\/2022\/12\/hardware-wallet-bitcoin-seedphrase-600x140.png 600w, https:\/\/seedsecu.com\/vn\/wp-content\/uploads\/sites\/5\/2022\/12\/hardware-wallet-bitcoin-seedphrase-1024x239.png 1024w, https:\/\/seedsecu.com\/vn\/wp-content\/uploads\/sites\/5\/2022\/12\/hardware-wallet-bitcoin-seedphrase-768x179.png 768w\" sizes=\"(max-width: 1366px) 100vw, 1366px\" \/>What is Hardwallet SeedSecu?<\/h2>\n<p>Hard wallet SeedSecu s\u1eed d\u1ee5ng <strong>inox 304 l\u00e0 lo\u1ea1i inox ch\u1ed1ng ch\u00e1y l\u00ean \u0111\u1ebfn 1400-1450\u00b0C<\/strong> (2552-2642\u00b0F), l\u00e0 v\u1eadt li\u1ec7u s\u1eed d\u1ee5ng \u0111\u1ec3 ch\u1ed1ng ch\u00e1y \u1edf c\u00e1c nh\u00e0 cao t\u1ea7ng, chung c\u01b0, nh\u00e0 x\u01b0\u1edfng. N\u00f3 kh\u00f4ng r\u1ec9 s\u00e9t v\u00e0 \u0111\u01b0\u01a1ng nhi\u00ean l\u00e0 n\u00f3 ch\u1ed1ng \u0111\u01b0\u1ee3c n\u01b0\u1edbc. B\u1ea1n s\u1ebd kh\u00f4ng c\u00f2n lo l\u1eafng l\u00e0 n\u00f3 b\u1ecb r\u00e1ch ho\u1eb7c b\u1ecb ch\u00e1y.<\/p>\n<p>Tuy\u1ec7t \u0111\u1ed1i, \u0111\u1eebng l\u01b0u 24 word seed l\u00ean m\u00e1y t\u00ednh. Cho d\u00f9 l\u00e0 b\u1ea1n \u0111ang l\u01b0u ch\u00fang \u1edf gi\u1ea5y th\u00ec <strong>h\u00e3y l\u01b0u 24 word seed v\u00e0o hard wallet SeedSecu<\/strong> v\u00e0 \u0111\u1ed1t t\u1edd gi\u1ea5y \u0111\u00f3 \u0111i. Khi s\u1eed d\u1ee5ng hard wallet SeedSecu b\u1ea1n s\u1ebd <strong>y\u00ean t\u00e2m ho\u00e0n to\u00e0n v\u1ec1 vi\u1ec7c b\u1ea3o m\u1eadt v\u00e0 gi\u1eef g\u00ecn 24 word seed c\u1ee7a b\u1ea1n<\/strong>.<\/p>\n<p><strong><em>Blockchain s\u1ebd c\u00f2n ph\u00e1t tri\u1ec3n v\u00e0 SeedSecu s\u1ebd lu\u00f4n \u1ee7ng h\u1ed9 v\u00e0 \u0111\u1ed3ng h\u00e0nh<\/em><\/strong>.<\/p>\n<p><img decoding=\"async\" loading=\"lazy\" class=\"aligncenter wp-image-2573 size-full\" src=\"https:\/\/seedsecu.com\/vn\/wp-content\/uploads\/sites\/5\/2022\/12\/go-together-bitcoin-wallet.png\" alt=\"\" width=\"1366\" height=\"319\" srcset=\"https:\/\/seedsecu.com\/vn\/wp-content\/uploads\/sites\/5\/2022\/12\/go-together-bitcoin-wallet.png 1366w, https:\/\/seedsecu.com\/vn\/wp-content\/uploads\/sites\/5\/2022\/12\/go-together-bitcoin-wallet-600x140.png 600w, https:\/\/seedsecu.com\/vn\/wp-content\/uploads\/sites\/5\/2022\/12\/go-together-bitcoin-wallet-1024x239.png 1024w, https:\/\/seedsecu.com\/vn\/wp-content\/uploads\/sites\/5\/2022\/12\/go-together-bitcoin-wallet-768x179.png 768w\" sizes=\"(max-width: 1366px) 100vw, 1366px\" \/>[\/vc_column_text][\/vc_column][\/vc_row][vc_row][vc_column][vc_btn title=&#8221;T\u00ecm hi\u1ec3u th\u00eam&#8221; align=&#8221;center&#8221; button_block=&#8221;true&#8221; link=&#8221;url:https%3A%2F%2Fseedsecu.com%2Fhard-wallet-seedsecu%2F|title:V%C3%AD%20C%E1%BB%A9ng%20SeedSecu&#8221;][\/vc_column][\/vc_row]<\/p>\n","protected":false},"excerpt":{"rendered":"<p>[vc_row][vc_column][vc_column_text single_style=&#8221;&#8221;] Ch\u00e0o m\u1eebng b\u1ea1n \u0111\u1ebfn v\u1edbi SeedSecu! Website ch\u00ednh th\u1ee9c c\u1ee7a ch\u00fang t\u00f4i: https:\/\/seedsecu.com\/, s\u1ea3n ph\u1ea9m l\u00e0 nh\u1eefng c\u00f4ng c\u1ee5 l\u01b0u tr\u1eef 24 k\u00fd t\u1ef1 (seed phrase) b\u1eb1ng v\u1eadt l\u00fd, \u0111\u01b0\u1ee3c g\u1ecdi l\u00e0 v\u00ed tr\u1eef l\u1ea1nh v\u1eadt l\u00fd, v\u00ed c\u1ee9ng. Th\u1eadt vui v\u00e0 c\u1ea3m \u01a1n b\u1ea1n \u0111\u00e3 \u1edf \u0111\u00e2y! T\u1ea1i sao l\u00e0 d\u1ee5ng c\u1ee5 <\/p>\n","protected":false},"author":1,"featured_media":0,"parent":0,"menu_order":0,"comment_status":"closed","ping_status":"closed","template":"page-blocks.php","meta":{"_mi_skip_tracking":false},"yoast_head":"<!-- This site is optimized with the Yoast SEO plugin v19.12 - https:\/\/yoast.com\/wordpress\/plugins\/seo\/ -->\n<title>V\u00ed C\u1ee9ng L\u01b0u Tr\u1eef 24 K\u00fd T\u1ef1 (Seed Phrase) An To\u00e0n - V\u00ed C\u1ee9ng Seedsecu<\/title>\n<meta name=\"description\" content=\"V\u00ed c\u1ee9ng l\u00e0 g\u00ec? V\u00ed tr\u1eef l\u1ea1nh l\u00e0 g\u00ec? L\u00e0m sao \u0111\u1ec3 l\u01b0u tr\u1eef kh\u00f3a c\u00e1 nh\u00e2n, seed phrase crypto an to\u00e0n? T\u00ecm hi\u1ec3u v\u1ec1 c\u00e1ch l\u01b0u tr\u1eef kh\u00f3a c\u00e1 nh\u00e2n\" \/>\n<meta name=\"robots\" content=\"index, follow, max-snippet:-1, max-image-preview:large, max-video-preview:-1\" \/>\n<link rel=\"canonical\" href=\"https:\/\/seedsecu.com\/vn\/what-is-hard-wallet-seedsecu\/\" \/>\n<meta property=\"og:locale\" content=\"vi_VN\" \/>\n<meta property=\"og:type\" content=\"article\" \/>\n<meta property=\"og:title\" content=\"V\u00ed C\u1ee9ng L\u01b0u Tr\u1eef 24 K\u00fd T\u1ef1 (Seed Phrase) An To\u00e0n - V\u00ed C\u1ee9ng Seedsecu\" \/>\n<meta property=\"og:description\" content=\"V\u00ed c\u1ee9ng l\u00e0 g\u00ec? V\u00ed tr\u1eef l\u1ea1nh l\u00e0 g\u00ec? L\u00e0m sao \u0111\u1ec3 l\u01b0u tr\u1eef kh\u00f3a c\u00e1 nh\u00e2n, seed phrase crypto an to\u00e0n? T\u00ecm hi\u1ec3u v\u1ec1 c\u00e1ch l\u01b0u tr\u1eef kh\u00f3a c\u00e1 nh\u00e2n\" \/>\n<meta property=\"og:url\" content=\"https:\/\/seedsecu.com\/vn\/what-is-hard-wallet-seedsecu\/\" \/>\n<meta property=\"og:site_name\" content=\"V\u00ed C\u1ee9ng Seedsecu\" \/>\n<meta property=\"article:modified_time\" content=\"2023-05-04T07:21:58+00:00\" \/>\n<meta property=\"og:image\" content=\"https:\/\/seedsecu.com\/vn\/wp-content\/uploads\/sites\/5\/2022\/12\/Welcome-Hard-Wallet-SeedSecu-2.png\" \/>\n<meta name=\"twitter:card\" content=\"summary_large_image\" \/>\n<meta name=\"twitter:label1\" content=\"\u01af\u1edbc t\u00ednh th\u1eddi gian \u0111\u1ecdc\" \/>\n\t<meta name=\"twitter:data1\" content=\"4 ph\u00fat\" \/>\n<script type=\"application\/ld+json\" class=\"yoast-schema-graph\">{\"@context\":\"https:\/\/schema.org\",\"@graph\":[{\"@type\":\"WebPage\",\"@id\":\"https:\/\/seedsecu.com\/vn\/what-is-hard-wallet-seedsecu\/\",\"url\":\"https:\/\/seedsecu.com\/vn\/what-is-hard-wallet-seedsecu\/\",\"name\":\"V\u00ed C\u1ee9ng L\u01b0u Tr\u1eef 24 K\u00fd T\u1ef1 (Seed Phrase) An To\u00e0n - V\u00ed C\u1ee9ng Seedsecu\",\"isPartOf\":{\"@id\":\"https:\/\/seedsecu.com\/vn\/#website\"},\"datePublished\":\"2022-11-28T03:43:10+00:00\",\"dateModified\":\"2023-05-04T07:21:58+00:00\",\"description\":\"V\u00ed c\u1ee9ng l\u00e0 g\u00ec? V\u00ed tr\u1eef l\u1ea1nh l\u00e0 g\u00ec? L\u00e0m sao \u0111\u1ec3 l\u01b0u tr\u1eef kh\u00f3a c\u00e1 nh\u00e2n, seed phrase crypto an to\u00e0n? T\u00ecm hi\u1ec3u v\u1ec1 c\u00e1ch l\u01b0u tr\u1eef kh\u00f3a c\u00e1 nh\u00e2n\",\"breadcrumb\":{\"@id\":\"https:\/\/seedsecu.com\/vn\/what-is-hard-wallet-seedsecu\/#breadcrumb\"},\"inLanguage\":\"vi\",\"potentialAction\":[{\"@type\":\"ReadAction\",\"target\":[\"https:\/\/seedsecu.com\/vn\/what-is-hard-wallet-seedsecu\/\"]}]},{\"@type\":\"BreadcrumbList\",\"@id\":\"https:\/\/seedsecu.com\/vn\/what-is-hard-wallet-seedsecu\/#breadcrumb\",\"itemListElement\":[{\"@type\":\"ListItem\",\"position\":1,\"name\":\"Home\",\"item\":\"https:\/\/seedsecu.com\/vn\/\"},{\"@type\":\"ListItem\",\"position\":2,\"name\":\"V\u00ed C\u1ee9ng L\u01b0u Tr\u1eef 24 K\u00fd T\u1ef1 (Seed Phrase) An To\u00e0n\"}]},{\"@type\":\"WebSite\",\"@id\":\"https:\/\/seedsecu.com\/vn\/#website\",\"url\":\"https:\/\/seedsecu.com\/vn\/\",\"name\":\"V\u00ed C\u1ee9ng Seedsecu\",\"description\":\"V\u00ed C\u1ee9ng - V\u00ed L\u1ea1nh L\u01b0u Tr\u1eef Seed Phrase\",\"publisher\":{\"@id\":\"https:\/\/seedsecu.com\/vn\/#organization\"},\"potentialAction\":[{\"@type\":\"SearchAction\",\"target\":{\"@type\":\"EntryPoint\",\"urlTemplate\":\"https:\/\/seedsecu.com\/vn\/?s={search_term_string}\"},\"query-input\":\"required name=search_term_string\"}],\"inLanguage\":\"vi\"},{\"@type\":\"Organization\",\"@id\":\"https:\/\/seedsecu.com\/vn\/#organization\",\"name\":\"Seedsecu\",\"url\":\"https:\/\/seedsecu.com\/vn\/\",\"logo\":{\"@type\":\"ImageObject\",\"inLanguage\":\"vi\",\"@id\":\"https:\/\/seedsecu.com\/vn\/#\/schema\/logo\/image\/\",\"url\":\"https:\/\/seedsecu.com\/vn\/wp-content\/uploads\/sites\/5\/2022\/12\/seed-phrase-safe-1.png\",\"contentUrl\":\"https:\/\/seedsecu.com\/vn\/wp-content\/uploads\/sites\/5\/2022\/12\/seed-phrase-safe-1.png\",\"width\":311,\"height\":370,\"caption\":\"Seedsecu\"},\"image\":{\"@id\":\"https:\/\/seedsecu.com\/vn\/#\/schema\/logo\/image\/\"}}]}<\/script>\n<!-- \/ Yoast SEO plugin. -->","yoast_head_json":{"title":"V\u00ed C\u1ee9ng L\u01b0u Tr\u1eef 24 K\u00fd T\u1ef1 (Seed Phrase) An To\u00e0n - V\u00ed C\u1ee9ng Seedsecu","description":"V\u00ed c\u1ee9ng l\u00e0 g\u00ec? V\u00ed tr\u1eef l\u1ea1nh l\u00e0 g\u00ec? L\u00e0m sao \u0111\u1ec3 l\u01b0u tr\u1eef kh\u00f3a c\u00e1 nh\u00e2n, seed phrase crypto an to\u00e0n? T\u00ecm hi\u1ec3u v\u1ec1 c\u00e1ch l\u01b0u tr\u1eef kh\u00f3a c\u00e1 nh\u00e2n","robots":{"index":"index","follow":"follow","max-snippet":"max-snippet:-1","max-image-preview":"max-image-preview:large","max-video-preview":"max-video-preview:-1"},"canonical":"https:\/\/seedsecu.com\/vn\/what-is-hard-wallet-seedsecu\/","og_locale":"vi_VN","og_type":"article","og_title":"V\u00ed C\u1ee9ng L\u01b0u Tr\u1eef 24 K\u00fd T\u1ef1 (Seed Phrase) An To\u00e0n - V\u00ed C\u1ee9ng Seedsecu","og_description":"V\u00ed c\u1ee9ng l\u00e0 g\u00ec? V\u00ed tr\u1eef l\u1ea1nh l\u00e0 g\u00ec? L\u00e0m sao \u0111\u1ec3 l\u01b0u tr\u1eef kh\u00f3a c\u00e1 nh\u00e2n, seed phrase crypto an to\u00e0n? T\u00ecm hi\u1ec3u v\u1ec1 c\u00e1ch l\u01b0u tr\u1eef kh\u00f3a c\u00e1 nh\u00e2n","og_url":"https:\/\/seedsecu.com\/vn\/what-is-hard-wallet-seedsecu\/","og_site_name":"V\u00ed C\u1ee9ng Seedsecu","article_modified_time":"2023-05-04T07:21:58+00:00","og_image":[{"url":"https:\/\/seedsecu.com\/vn\/wp-content\/uploads\/sites\/5\/2022\/12\/Welcome-Hard-Wallet-SeedSecu-2.png"}],"twitter_card":"summary_large_image","twitter_misc":{"\u01af\u1edbc t\u00ednh th\u1eddi gian \u0111\u1ecdc":"4 ph\u00fat"},"schema":{"@context":"https:\/\/schema.org","@graph":[{"@type":"WebPage","@id":"https:\/\/seedsecu.com\/vn\/what-is-hard-wallet-seedsecu\/","url":"https:\/\/seedsecu.com\/vn\/what-is-hard-wallet-seedsecu\/","name":"V\u00ed C\u1ee9ng L\u01b0u Tr\u1eef 24 K\u00fd T\u1ef1 (Seed Phrase) An To\u00e0n - V\u00ed C\u1ee9ng Seedsecu","isPartOf":{"@id":"https:\/\/seedsecu.com\/vn\/#website"},"datePublished":"2022-11-28T03:43:10+00:00","dateModified":"2023-05-04T07:21:58+00:00","description":"V\u00ed c\u1ee9ng l\u00e0 g\u00ec? V\u00ed tr\u1eef l\u1ea1nh l\u00e0 g\u00ec? L\u00e0m sao \u0111\u1ec3 l\u01b0u tr\u1eef kh\u00f3a c\u00e1 nh\u00e2n, seed phrase crypto an to\u00e0n? T\u00ecm hi\u1ec3u v\u1ec1 c\u00e1ch l\u01b0u tr\u1eef kh\u00f3a c\u00e1 nh\u00e2n","breadcrumb":{"@id":"https:\/\/seedsecu.com\/vn\/what-is-hard-wallet-seedsecu\/#breadcrumb"},"inLanguage":"vi","potentialAction":[{"@type":"ReadAction","target":["https:\/\/seedsecu.com\/vn\/what-is-hard-wallet-seedsecu\/"]}]},{"@type":"BreadcrumbList","@id":"https:\/\/seedsecu.com\/vn\/what-is-hard-wallet-seedsecu\/#breadcrumb","itemListElement":[{"@type":"ListItem","position":1,"name":"Home","item":"https:\/\/seedsecu.com\/vn\/"},{"@type":"ListItem","position":2,"name":"V\u00ed C\u1ee9ng L\u01b0u Tr\u1eef 24 K\u00fd T\u1ef1 (Seed Phrase) An To\u00e0n"}]},{"@type":"WebSite","@id":"https:\/\/seedsecu.com\/vn\/#website","url":"https:\/\/seedsecu.com\/vn\/","name":"V\u00ed C\u1ee9ng Seedsecu","description":"V\u00ed C\u1ee9ng - V\u00ed L\u1ea1nh L\u01b0u Tr\u1eef Seed Phrase","publisher":{"@id":"https:\/\/seedsecu.com\/vn\/#organization"},"potentialAction":[{"@type":"SearchAction","target":{"@type":"EntryPoint","urlTemplate":"https:\/\/seedsecu.com\/vn\/?s={search_term_string}"},"query-input":"required name=search_term_string"}],"inLanguage":"vi"},{"@type":"Organization","@id":"https:\/\/seedsecu.com\/vn\/#organization","name":"Seedsecu","url":"https:\/\/seedsecu.com\/vn\/","logo":{"@type":"ImageObject","inLanguage":"vi","@id":"https:\/\/seedsecu.com\/vn\/#\/schema\/logo\/image\/","url":"https:\/\/seedsecu.com\/vn\/wp-content\/uploads\/sites\/5\/2022\/12\/seed-phrase-safe-1.png","contentUrl":"https:\/\/seedsecu.com\/vn\/wp-content\/uploads\/sites\/5\/2022\/12\/seed-phrase-safe-1.png","width":311,"height":370,"caption":"Seedsecu"},"image":{"@id":"https:\/\/seedsecu.com\/vn\/#\/schema\/logo\/image\/"}}]}},"_links":{"self":[{"href":"https:\/\/seedsecu.com\/vn\/wp-json\/wp\/v2\/pages\/2107"}],"collection":[{"href":"https:\/\/seedsecu.com\/vn\/wp-json\/wp\/v2\/pages"}],"about":[{"href":"https:\/\/seedsecu.com\/vn\/wp-json\/wp\/v2\/types\/page"}],"author":[{"embeddable":true,"href":"https:\/\/seedsecu.com\/vn\/wp-json\/wp\/v2\/users\/1"}],"replies":[{"embeddable":true,"href":"https:\/\/seedsecu.com\/vn\/wp-json\/wp\/v2\/comments?post=2107"}],"version-history":[{"count":2,"href":"https:\/\/seedsecu.com\/vn\/wp-json\/wp\/v2\/pages\/2107\/revisions"}],"predecessor-version":[{"id":2864,"href":"https:\/\/seedsecu.com\/vn\/wp-json\/wp\/v2\/pages\/2107\/revisions\/2864"}],"wp:attachment":[{"href":"https:\/\/seedsecu.com\/vn\/wp-json\/wp\/v2\/media?parent=2107"}],"curies":[{"name":"wp","href":"https:\/\/api.w.org\/{rel}","templated":true}]}}