{"id":2073,"date":"2022-11-23T08:24:06","date_gmt":"2022-11-23T08:24:06","guid":{"rendered":"http:\/\/192.168.1.113\/seedsecu\/?page_id=2073"},"modified":"2023-01-05T08:08:10","modified_gmt":"2023-01-05T08:08:10","slug":"terms-and-conditions","status":"publish","type":"page","link":"https:\/\/seedsecu.com\/vn\/terms-and-conditions\/","title":{"rendered":"\u0110i\u1ec1u kho\u1ea3n v\u00e0 \u0111i\u1ec1u ki\u1ec7n"},"content":{"rendered":"<p>Ch\u00e0o m\u1eebng b\u1ea1n \u0111\u1ebfn v\u1edbi SeedSecu!<\/p>\n<p>Website ch\u00ednh th\u1ee9c c\u1ee7a ch\u00fang t\u00f4i l\u00e0 <a href=\"https:\/\/seedsecu.com\/\">https:\/\/seedsecu.com\/<\/a>, s\u1ea3n ph\u1ea9m c\u1ee7a ch\u00fang t\u00f4i l\u00e0 nh\u1eefng c\u00f4ng c\u1ee5 l\u01b0u tr\u1eef 24 k\u00fd t\u1ef1 (seed phrase) b\u1eb1ng v\u1eadt l\u00fd, \u0111\u01b0\u1ee3c g\u1ecdi l\u00e0 v\u00ed tr\u1eef l\u1ea1nh v\u1eadt l\u00fd, v\u00ed c\u1ee9ng.<br \/>\nTh\u1eadt vui v\u00e0 c\u1ea3m \u01a1n b\u1ea1n \u0111\u00e3 \u1edf \u0111\u00e2y, c\u00f9ng ch\u00fang t\u00f4i!<\/p>\n<h2>Gi\u1edbi thi\u1ec7u v\u1ec1 SeedSecu<\/h2>\n<p>Kho c\u1ee7a SeedSecu hi\u1ec7n t\u1ea1i \u0111ang \u1edf Ho Chi Minh City in VietNam.<\/p>\n<h2>\u0110\u1eb7t h\u00e0ng tr\u00ean SeedSecu Shoping &#8211; Mua s\u1eafm<\/h2>\n<p>B\u1ea1n ph\u1ea3i \u0111\u1ea3m b\u1ea3o tr\u00ean 18 tu\u1ed1i \u0111\u1ec3 \u0111\u1eb7t c\u00e1c m\u1eb7t h\u00e0ng online tr\u00ean website. N\u1ebfu b\u1ea1n \u0111\u1ea1i di\u1ec7n m\u1ed9t c\u00f4ng ty ho\u1eb7c t\u1ed5 ch\u1ee9c, b\u1ea1n c\u1ea7n \u0111\u1ea3m b\u1ea3o \u0111\u1ee7 quy\u1ec1n quy\u1ebft \u0111\u1ecbnh cho nh\u1eefng order c\u1ee7a c\u00f4ng ty, t\u1ed5 ch\u1ee9c c\u1ee7a m\u00ecnh.<\/p>\n<p>B\u1ea1n c\u00f3 tr\u00e1ch nhi\u1ec7m x\u00e1c \u0111\u1ecbnh m\u1eb7t h\u00e0ng m\u00ecnh c\u1ea7n mua, s\u1ed1 l\u01b0\u1ee3ng v\u00e0 \u0111\u1ea3m b\u1ea3o th\u00f4ng tin \u0111\u00e3 order. Ch\u00fang t\u00f4i \u0111\u00e3 thi\u1ebft k\u1ebf trang s\u1ea3n ph\u1ea9m th\u1eadt d\u1ec5 nh\u00ecn v\u00e0 d\u1ec5 thao t\u00e1c \u0111\u1ec3 b\u1ea1n d\u1ec5 d\u00e0ng l\u1ef1a ch\u1ecdn. H\u00e3y \u0111\u1ea3m b\u1ea3o s\u1ed1 l\u01b0\u1ee3ng m\u00e0 b\u1ea1n c\u1ea7n mua.<\/p>\n<p>H\u00e3y ch\u1ecdn s\u1ea3n ph\u1ea9m \u1edf m\u00e0n h\u00ecnh Mua s\u1eafm, th\u00eam s\u1ea3n ph\u1ea9m v\u00e0o gi\u1ecf h\u00e0ng. xem l\u1ea1i th\u00f4ng tin gi\u1ecf h\u00e0ng, nh\u1eadp th\u00f4ng tin \u0111\u1ec3 nh\u1eadn h\u00e0ng v\u00e0 th\u1ef1c hi\u1ec7n order. SeedSecu s\u1ebd x\u1eed l\u00fd \u0111\u01a1n h\u00e0ng c\u1ee7a b\u1ea1n v\u00e0 SeedSecu c\u00f3 th\u1ec3 g\u1ecdi \u0111i\u1ec7n tho\u1ea1i \u0111\u1ec3 x\u00e1c nh\u1eadn \u0111\u01a1n h\u00e0ng v\u00e0 g\u1eedi h\u00e0ng \u0111\u1ebfn cho b\u1ea1n.<\/p>\n<p>N\u1ebfu c\u00f3 c\u00e2u h\u1ecfi n\u00e0o, b\u1ea1n c\u00f3 th\u1ec3 s\u1eed d\u1ee5ng form li\u00ean h\u1ec7 \u0111\u1ec3 nh\u1eadn \u0111\u01b0\u1ee3c s\u1ef1 h\u1ed5 tr\u1ee3 c\u1ee7a ch\u00fang t\u00f4i.<\/p>\n<h2>Ch\u00ednh s\u00e1ch b\u1ea3o h\u00e0nh &#8211; \u0111\u1ed5i tr\u1ea3<\/h2>\n<p>\u0110\u1ed1i v\u1edbi hai t\u1ea5m l\u01b0u tr\u1eef Word seed, l\u00e0 ch\u1ea5t li\u1ec7u kim lo\u1ea1i n\u00ean ch\u00fang t\u00f4i \u0111\u1ea3m b\u1ea3o v\u1ec1 ch\u1ea5t l\u01b0\u1ee3ng v\u00e0 s\u1ef1 b\u1ec1n b\u1ec9. B\u1ea3o h\u00e0nh 12 th\u00e1ng \u0111\u1ed1i v\u1edbi c\u00e1c s\u1ea3n ph\u1ea9m c\u1ee7a SeedSecu.<\/p>\n<p>B\u1ea3o h\u00e0nh n\u00e0y kh\u00f4ng bao g\u1ed3m: Nh\u1eefng h\u01b0 h\u1ecfng kh\u00f4ng ph\u1ea3i do nh\u00e0 s\u1ea3n xu\u1ea5t. Nh\u1eefng h\u01b0 h\u1ecfng kh\u00f4ng g\u00e2y \u0111\u1ebfn vi\u1ec7c, l\u00e0m cho kh\u00f4ng th\u1ec3 s\u1eed d\u1ee5ng \u0111\u01b0\u1ee3c s\u1ea3n ph\u1ea9m. <span style=\"font-size: 14px; color: var(--text-color); letter-spacing: var(--text-tracking);\">S\u1ea3n ph\u1ea9m b\u1ecb h\u1ecfng do ng\u01b0\u1eddi d\u00f9ng s\u1eeda ch\u1eefa, thao t\u00e1c m\u1ea1nh, l\u00e0m r\u01a1i.<\/span><\/p>\n<p>\u0110\u1ec3 nh\u1eadn \u0111\u01b0\u1ee3c b\u1ea3o h\u00e0nh, b\u1ea1n vui l\u00f2ng g\u1eedi mail \u0111\u1ebfn ch\u00fang t\u00f4i qua form li\u00ean h\u1ec7 \u1edf website.<br \/>\nB\u1ea3o h\u00e0nh n\u00e0y ch\u1ec9 \u00e1p d\u1ee5ng \u0111\u1ed1i v\u1edbi c\u00e1c s\u1ea3n ph\u1ea9m mua t\u1eeb website, ho\u1eb7c \u0111\u1ed1i v\u1edbi c\u00e1c nh\u00e0 ph\u00e2n ph\u1ed1i ch\u00ednh th\u1ee9c c\u1ee7a SeedSecu.<\/p>\n<h2>\u0110\u1ed1i v\u1edbi c\u00e1c nh\u00e0 ph\u00e2n ph\u1ed1i<\/h2>\n<p>\u0110\u1ec3 tr\u1edf th\u00e0nh nh\u00e0 ph\u00e2n ph\u1ed1i c\u1ee7a SeedSecu, b\u1ea1n vui l\u00f2ng g\u1eedi \u0111\u01a1n \u1edf form: \u00a0<a href=\"https:\/\/seedsecu.com\/vn\/become-a-reseller\/\">Tr\u1edf Th\u00e0nh Nh\u00e0 Ph\u00e2n Ph\u1ed1i<\/a><\/p>\n<p>Ch\u00fang t\u00f4i s\u1ebd tr\u1ea3 l\u1eddi mail trong v\u00f2ng 24h l\u00e0m vi\u1ec7c.<\/p>\n<h2>Mi\u1ec5n tr\u1eeb tr\u00e1ch nhi\u1ec7m<\/h2>\n<p>SeedSecu kh\u00f4ng ch\u1ecbu tr\u00e1ch nhi\u1ec7m ph\u00e1p l\u00fd \u0111\u1ed1i v\u1edbi vi\u1ec7c m\u1ea5t t\u00e0i s\u1ea3n c\u00f3 gi\u00e1 tr\u1ecb. SeedSecu nh\u01b0 m\u1ed9t quy\u1ec3n s\u1ed5 ch\u1eafc ch\u1eafn \u0111\u1ec3 b\u1ea1n l\u01b0u l\u1ea1i, c\u00f2n vi\u1ec7c \u0111\u1ea3m b\u1ea3o an to\u00e0n cho quy\u1ec3n s\u1ed5 \u0111\u00f3 l\u00e0 \u1edf b\u1ea1n.<\/p>\n<p>&nbsp;<\/p>\n<p>&nbsp;<\/p>\n","protected":false},"excerpt":{"rendered":"<p>Ch\u00e0o m\u1eebng b\u1ea1n \u0111\u1ebfn v\u1edbi SeedSecu! Website ch\u00ednh th\u1ee9c c\u1ee7a ch\u00fang t\u00f4i l\u00e0 https:\/\/seedsecu.com\/, s\u1ea3n ph\u1ea9m c\u1ee7a ch\u00fang t\u00f4i l\u00e0 nh\u1eefng c\u00f4ng c\u1ee5 l\u01b0u tr\u1eef 24 k\u00fd t\u1ef1 (seed phrase) b\u1eb1ng v\u1eadt l\u00fd, \u0111\u01b0\u1ee3c g\u1ecdi l\u00e0 v\u00ed tr\u1eef l\u1ea1nh v\u1eadt l\u00fd, v\u00ed c\u1ee9ng. Th\u1eadt vui v\u00e0 c\u1ea3m \u01a1n b\u1ea1n \u0111\u00e3 \u1edf \u0111\u00e2y, c\u00f9ng ch\u00fang t\u00f4i! <\/p>\n","protected":false},"author":1,"featured_media":0,"parent":0,"menu_order":0,"comment_status":"closed","ping_status":"closed","template":"","meta":{"_mi_skip_tracking":false},"yoast_head":"<!-- This site is optimized with the Yoast SEO plugin v19.12 - https:\/\/yoast.com\/wordpress\/plugins\/seo\/ -->\n<title>\u0110i\u1ec1u kho\u1ea3n v\u00e0 \u0111i\u1ec1u ki\u1ec7n - V\u00ed C\u1ee9ng Seedsecu<\/title>\n<meta name=\"description\" content=\"\u0110i\u1ec1u ki\u1ec7n v\u00e0 \u0111i\u1ec1u kho\u1ea3n c\u1ee7a SeedSecu. Cung c\u1ea5p v\u00ed c\u1ee9ng, v\u00ed tr\u1eef l\u1ea1nh ch\u00ednh h\u00e3ng. D\u1ee5ng c\u1ee5 l\u01b0u tr\u1eef 24 k\u00fd t\u1ef1 ch\u1ed1ng ch\u00e1y. L\u01b0u tr\u1eef Seed Phrase.\" \/>\n<meta name=\"robots\" content=\"index, follow, max-snippet:-1, max-image-preview:large, max-video-preview:-1\" \/>\n<link rel=\"canonical\" href=\"https:\/\/seedsecu.com\/vn\/terms-and-conditions\/\" \/>\n<meta property=\"og:locale\" content=\"vi_VN\" \/>\n<meta property=\"og:type\" content=\"article\" \/>\n<meta property=\"og:title\" content=\"\u0110i\u1ec1u kho\u1ea3n v\u00e0 \u0111i\u1ec1u ki\u1ec7n - V\u00ed C\u1ee9ng Seedsecu\" \/>\n<meta property=\"og:description\" content=\"\u0110i\u1ec1u ki\u1ec7n v\u00e0 \u0111i\u1ec1u kho\u1ea3n c\u1ee7a SeedSecu. Cung c\u1ea5p v\u00ed c\u1ee9ng, v\u00ed tr\u1eef l\u1ea1nh ch\u00ednh h\u00e3ng. D\u1ee5ng c\u1ee5 l\u01b0u tr\u1eef 24 k\u00fd t\u1ef1 ch\u1ed1ng ch\u00e1y. L\u01b0u tr\u1eef Seed Phrase.\" \/>\n<meta property=\"og:url\" content=\"https:\/\/seedsecu.com\/vn\/terms-and-conditions\/\" \/>\n<meta property=\"og:site_name\" content=\"V\u00ed C\u1ee9ng Seedsecu\" \/>\n<meta property=\"article:modified_time\" content=\"2023-01-05T08:08:10+00:00\" \/>\n<meta name=\"twitter:card\" content=\"summary_large_image\" \/>\n<meta name=\"twitter:label1\" content=\"\u01af\u1edbc t\u00ednh th\u1eddi gian \u0111\u1ecdc\" \/>\n\t<meta name=\"twitter:data1\" content=\"3 ph\u00fat\" \/>\n<script type=\"application\/ld+json\" class=\"yoast-schema-graph\">{\"@context\":\"https:\/\/schema.org\",\"@graph\":[{\"@type\":\"WebPage\",\"@id\":\"https:\/\/seedsecu.com\/vn\/terms-and-conditions\/\",\"url\":\"https:\/\/seedsecu.com\/vn\/terms-and-conditions\/\",\"name\":\"\u0110i\u1ec1u kho\u1ea3n v\u00e0 \u0111i\u1ec1u ki\u1ec7n - V\u00ed C\u1ee9ng Seedsecu\",\"isPartOf\":{\"@id\":\"https:\/\/seedsecu.com\/vn\/#website\"},\"datePublished\":\"2022-11-23T08:24:06+00:00\",\"dateModified\":\"2023-01-05T08:08:10+00:00\",\"description\":\"\u0110i\u1ec1u ki\u1ec7n v\u00e0 \u0111i\u1ec1u kho\u1ea3n c\u1ee7a SeedSecu. Cung c\u1ea5p v\u00ed c\u1ee9ng, v\u00ed tr\u1eef l\u1ea1nh ch\u00ednh h\u00e3ng. D\u1ee5ng c\u1ee5 l\u01b0u tr\u1eef 24 k\u00fd t\u1ef1 ch\u1ed1ng ch\u00e1y. L\u01b0u tr\u1eef Seed Phrase.\",\"breadcrumb\":{\"@id\":\"https:\/\/seedsecu.com\/vn\/terms-and-conditions\/#breadcrumb\"},\"inLanguage\":\"vi\",\"potentialAction\":[{\"@type\":\"ReadAction\",\"target\":[\"https:\/\/seedsecu.com\/vn\/terms-and-conditions\/\"]}]},{\"@type\":\"BreadcrumbList\",\"@id\":\"https:\/\/seedsecu.com\/vn\/terms-and-conditions\/#breadcrumb\",\"itemListElement\":[{\"@type\":\"ListItem\",\"position\":1,\"name\":\"Home\",\"item\":\"https:\/\/seedsecu.com\/vn\/\"},{\"@type\":\"ListItem\",\"position\":2,\"name\":\"\u0110i\u1ec1u kho\u1ea3n v\u00e0 \u0111i\u1ec1u ki\u1ec7n\"}]},{\"@type\":\"WebSite\",\"@id\":\"https:\/\/seedsecu.com\/vn\/#website\",\"url\":\"https:\/\/seedsecu.com\/vn\/\",\"name\":\"V\u00ed C\u1ee9ng Seedsecu\",\"description\":\"V\u00ed C\u1ee9ng - V\u00ed L\u1ea1nh L\u01b0u Tr\u1eef Seed Phrase\",\"publisher\":{\"@id\":\"https:\/\/seedsecu.com\/vn\/#organization\"},\"potentialAction\":[{\"@type\":\"SearchAction\",\"target\":{\"@type\":\"EntryPoint\",\"urlTemplate\":\"https:\/\/seedsecu.com\/vn\/?s={search_term_string}\"},\"query-input\":\"required name=search_term_string\"}],\"inLanguage\":\"vi\"},{\"@type\":\"Organization\",\"@id\":\"https:\/\/seedsecu.com\/vn\/#organization\",\"name\":\"Seedsecu\",\"url\":\"https:\/\/seedsecu.com\/vn\/\",\"logo\":{\"@type\":\"ImageObject\",\"inLanguage\":\"vi\",\"@id\":\"https:\/\/seedsecu.com\/vn\/#\/schema\/logo\/image\/\",\"url\":\"https:\/\/seedsecu.com\/vn\/wp-content\/uploads\/sites\/5\/2022\/12\/seed-phrase-safe-1.png\",\"contentUrl\":\"https:\/\/seedsecu.com\/vn\/wp-content\/uploads\/sites\/5\/2022\/12\/seed-phrase-safe-1.png\",\"width\":311,\"height\":370,\"caption\":\"Seedsecu\"},\"image\":{\"@id\":\"https:\/\/seedsecu.com\/vn\/#\/schema\/logo\/image\/\"}}]}<\/script>\n<!-- \/ Yoast SEO plugin. -->","yoast_head_json":{"title":"\u0110i\u1ec1u kho\u1ea3n v\u00e0 \u0111i\u1ec1u ki\u1ec7n - V\u00ed C\u1ee9ng Seedsecu","description":"\u0110i\u1ec1u ki\u1ec7n v\u00e0 \u0111i\u1ec1u kho\u1ea3n c\u1ee7a SeedSecu. Cung c\u1ea5p v\u00ed c\u1ee9ng, v\u00ed tr\u1eef l\u1ea1nh ch\u00ednh h\u00e3ng. D\u1ee5ng c\u1ee5 l\u01b0u tr\u1eef 24 k\u00fd t\u1ef1 ch\u1ed1ng ch\u00e1y. L\u01b0u tr\u1eef Seed Phrase.","robots":{"index":"index","follow":"follow","max-snippet":"max-snippet:-1","max-image-preview":"max-image-preview:large","max-video-preview":"max-video-preview:-1"},"canonical":"https:\/\/seedsecu.com\/vn\/terms-and-conditions\/","og_locale":"vi_VN","og_type":"article","og_title":"\u0110i\u1ec1u kho\u1ea3n v\u00e0 \u0111i\u1ec1u ki\u1ec7n - V\u00ed C\u1ee9ng Seedsecu","og_description":"\u0110i\u1ec1u ki\u1ec7n v\u00e0 \u0111i\u1ec1u kho\u1ea3n c\u1ee7a SeedSecu. Cung c\u1ea5p v\u00ed c\u1ee9ng, v\u00ed tr\u1eef l\u1ea1nh ch\u00ednh h\u00e3ng. D\u1ee5ng c\u1ee5 l\u01b0u tr\u1eef 24 k\u00fd t\u1ef1 ch\u1ed1ng ch\u00e1y. L\u01b0u tr\u1eef Seed Phrase.","og_url":"https:\/\/seedsecu.com\/vn\/terms-and-conditions\/","og_site_name":"V\u00ed C\u1ee9ng Seedsecu","article_modified_time":"2023-01-05T08:08:10+00:00","twitter_card":"summary_large_image","twitter_misc":{"\u01af\u1edbc t\u00ednh th\u1eddi gian \u0111\u1ecdc":"3 ph\u00fat"},"schema":{"@context":"https:\/\/schema.org","@graph":[{"@type":"WebPage","@id":"https:\/\/seedsecu.com\/vn\/terms-and-conditions\/","url":"https:\/\/seedsecu.com\/vn\/terms-and-conditions\/","name":"\u0110i\u1ec1u kho\u1ea3n v\u00e0 \u0111i\u1ec1u ki\u1ec7n - V\u00ed C\u1ee9ng Seedsecu","isPartOf":{"@id":"https:\/\/seedsecu.com\/vn\/#website"},"datePublished":"2022-11-23T08:24:06+00:00","dateModified":"2023-01-05T08:08:10+00:00","description":"\u0110i\u1ec1u ki\u1ec7n v\u00e0 \u0111i\u1ec1u kho\u1ea3n c\u1ee7a SeedSecu. Cung c\u1ea5p v\u00ed c\u1ee9ng, v\u00ed tr\u1eef l\u1ea1nh ch\u00ednh h\u00e3ng. D\u1ee5ng c\u1ee5 l\u01b0u tr\u1eef 24 k\u00fd t\u1ef1 ch\u1ed1ng ch\u00e1y. L\u01b0u tr\u1eef Seed Phrase.","breadcrumb":{"@id":"https:\/\/seedsecu.com\/vn\/terms-and-conditions\/#breadcrumb"},"inLanguage":"vi","potentialAction":[{"@type":"ReadAction","target":["https:\/\/seedsecu.com\/vn\/terms-and-conditions\/"]}]},{"@type":"BreadcrumbList","@id":"https:\/\/seedsecu.com\/vn\/terms-and-conditions\/#breadcrumb","itemListElement":[{"@type":"ListItem","position":1,"name":"Home","item":"https:\/\/seedsecu.com\/vn\/"},{"@type":"ListItem","position":2,"name":"\u0110i\u1ec1u kho\u1ea3n v\u00e0 \u0111i\u1ec1u ki\u1ec7n"}]},{"@type":"WebSite","@id":"https:\/\/seedsecu.com\/vn\/#website","url":"https:\/\/seedsecu.com\/vn\/","name":"V\u00ed C\u1ee9ng Seedsecu","description":"V\u00ed C\u1ee9ng - V\u00ed L\u1ea1nh L\u01b0u Tr\u1eef Seed Phrase","publisher":{"@id":"https:\/\/seedsecu.com\/vn\/#organization"},"potentialAction":[{"@type":"SearchAction","target":{"@type":"EntryPoint","urlTemplate":"https:\/\/seedsecu.com\/vn\/?s={search_term_string}"},"query-input":"required name=search_term_string"}],"inLanguage":"vi"},{"@type":"Organization","@id":"https:\/\/seedsecu.com\/vn\/#organization","name":"Seedsecu","url":"https:\/\/seedsecu.com\/vn\/","logo":{"@type":"ImageObject","inLanguage":"vi","@id":"https:\/\/seedsecu.com\/vn\/#\/schema\/logo\/image\/","url":"https:\/\/seedsecu.com\/vn\/wp-content\/uploads\/sites\/5\/2022\/12\/seed-phrase-safe-1.png","contentUrl":"https:\/\/seedsecu.com\/vn\/wp-content\/uploads\/sites\/5\/2022\/12\/seed-phrase-safe-1.png","width":311,"height":370,"caption":"Seedsecu"},"image":{"@id":"https:\/\/seedsecu.com\/vn\/#\/schema\/logo\/image\/"}}]}},"_links":{"self":[{"href":"https:\/\/seedsecu.com\/vn\/wp-json\/wp\/v2\/pages\/2073"}],"collection":[{"href":"https:\/\/seedsecu.com\/vn\/wp-json\/wp\/v2\/pages"}],"about":[{"href":"https:\/\/seedsecu.com\/vn\/wp-json\/wp\/v2\/types\/page"}],"author":[{"embeddable":true,"href":"https:\/\/seedsecu.com\/vn\/wp-json\/wp\/v2\/users\/1"}],"replies":[{"embeddable":true,"href":"https:\/\/seedsecu.com\/vn\/wp-json\/wp\/v2\/comments?post=2073"}],"version-history":[{"count":1,"href":"https:\/\/seedsecu.com\/vn\/wp-json\/wp\/v2\/pages\/2073\/revisions"}],"predecessor-version":[{"id":2652,"href":"https:\/\/seedsecu.com\/vn\/wp-json\/wp\/v2\/pages\/2073\/revisions\/2652"}],"wp:attachment":[{"href":"https:\/\/seedsecu.com\/vn\/wp-json\/wp\/v2\/media?parent=2073"}],"curies":[{"name":"wp","href":"https:\/\/api.w.org\/{rel}","templated":true}]}}