{"id":2068,"date":"2022-11-23T08:15:26","date_gmt":"2022-11-23T08:15:26","guid":{"rendered":"http:\/\/192.168.1.113\/seedsecu\/?page_id=2068"},"modified":"2022-12-16T08:42:03","modified_gmt":"2022-12-16T08:42:03","slug":"cart","status":"publish","type":"page","link":"https:\/\/seedsecu.com\/vn\/cart\/","title":{"rendered":"Cart"},"content":{"rendered":"<p>[vc_row][vc_column][\/vc_column][\/vc_row]<\/p>\n","protected":false},"excerpt":{"rendered":"<p>[vc_row][vc_column][\/vc_column][\/vc_row]<\/p>\n","protected":false},"author":1,"featured_media":0,"parent":0,"menu_order":0,"comment_status":"closed","ping_status":"closed","template":"page-blocks.php","meta":{"_mi_skip_tracking":false},"yoast_head":"<!-- This site is optimized with the Yoast SEO plugin v19.12 - https:\/\/yoast.com\/wordpress\/plugins\/seo\/ -->\n<title>Cart - V\u00ed C\u1ee9ng Seedsecu<\/title>\n<meta name=\"description\" content=\"Gi\u1ecf h\u00e0ng mua s\u1eafm v\u00ed c\u1ee9ng - v\u00ed tr\u1eef l\u1ea1nh SeedSecu. Cung c\u1ea5p v\u00ed c\u1ee9ng l\u01b0u tr\u1eef b\u1ed9 kh\u00f3a c\u00e1 nh\u00e2n, seed phrase. V\u00ed l\u1ea1nh ch\u00ednh h\u00e3ng\" \/>\n<meta name=\"robots\" content=\"index, follow, max-snippet:-1, max-image-preview:large, max-video-preview:-1\" \/>\n<link rel=\"canonical\" href=\"https:\/\/seedsecu.com\/vn\/cart\/\" \/>\n<meta property=\"og:locale\" content=\"vi_VN\" \/>\n<meta property=\"og:type\" content=\"article\" \/>\n<meta property=\"og:title\" content=\"Cart - V\u00ed C\u1ee9ng Seedsecu\" \/>\n<meta property=\"og:description\" content=\"Gi\u1ecf h\u00e0ng mua s\u1eafm v\u00ed c\u1ee9ng - v\u00ed tr\u1eef l\u1ea1nh SeedSecu. Cung c\u1ea5p v\u00ed c\u1ee9ng l\u01b0u tr\u1eef b\u1ed9 kh\u00f3a c\u00e1 nh\u00e2n, seed phrase. V\u00ed l\u1ea1nh ch\u00ednh h\u00e3ng\" \/>\n<meta property=\"og:url\" content=\"https:\/\/seedsecu.com\/vn\/cart\/\" \/>\n<meta property=\"og:site_name\" content=\"V\u00ed C\u1ee9ng Seedsecu\" \/>\n<meta property=\"article:modified_time\" content=\"2022-12-16T08:42:03+00:00\" \/>\n<meta name=\"twitter:card\" content=\"summary_large_image\" \/>\n<meta name=\"twitter:label1\" content=\"\u01af\u1edbc t\u00ednh th\u1eddi gian \u0111\u1ecdc\" \/>\n\t<meta name=\"twitter:data1\" content=\"1 ph\u00fat\" \/>\n<script type=\"application\/ld+json\" class=\"yoast-schema-graph\">{\"@context\":\"https:\/\/schema.org\",\"@graph\":[{\"@type\":\"WebPage\",\"@id\":\"https:\/\/seedsecu.com\/vn\/cart\/\",\"url\":\"https:\/\/seedsecu.com\/vn\/cart\/\",\"name\":\"Cart - V\u00ed C\u1ee9ng Seedsecu\",\"isPartOf\":{\"@id\":\"https:\/\/seedsecu.com\/vn\/#website\"},\"datePublished\":\"2022-11-23T08:15:26+00:00\",\"dateModified\":\"2022-12-16T08:42:03+00:00\",\"description\":\"Gi\u1ecf h\u00e0ng mua s\u1eafm v\u00ed c\u1ee9ng - v\u00ed tr\u1eef l\u1ea1nh SeedSecu. Cung c\u1ea5p v\u00ed c\u1ee9ng l\u01b0u tr\u1eef b\u1ed9 kh\u00f3a c\u00e1 nh\u00e2n, seed phrase. V\u00ed l\u1ea1nh ch\u00ednh h\u00e3ng\",\"breadcrumb\":{\"@id\":\"https:\/\/seedsecu.com\/vn\/cart\/#breadcrumb\"},\"inLanguage\":\"vi\",\"potentialAction\":[{\"@type\":\"ReadAction\",\"target\":[\"https:\/\/seedsecu.com\/vn\/cart\/\"]}]},{\"@type\":\"BreadcrumbList\",\"@id\":\"https:\/\/seedsecu.com\/vn\/cart\/#breadcrumb\",\"itemListElement\":[{\"@type\":\"ListItem\",\"position\":1,\"name\":\"Home\",\"item\":\"https:\/\/seedsecu.com\/vn\/\"},{\"@type\":\"ListItem\",\"position\":2,\"name\":\"Cart\"}]},{\"@type\":\"WebSite\",\"@id\":\"https:\/\/seedsecu.com\/vn\/#website\",\"url\":\"https:\/\/seedsecu.com\/vn\/\",\"name\":\"V\u00ed C\u1ee9ng Seedsecu\",\"description\":\"V\u00ed C\u1ee9ng - V\u00ed L\u1ea1nh L\u01b0u Tr\u1eef Seed Phrase\",\"publisher\":{\"@id\":\"https:\/\/seedsecu.com\/vn\/#organization\"},\"potentialAction\":[{\"@type\":\"SearchAction\",\"target\":{\"@type\":\"EntryPoint\",\"urlTemplate\":\"https:\/\/seedsecu.com\/vn\/?s={search_term_string}\"},\"query-input\":\"required name=search_term_string\"}],\"inLanguage\":\"vi\"},{\"@type\":\"Organization\",\"@id\":\"https:\/\/seedsecu.com\/vn\/#organization\",\"name\":\"Seedsecu\",\"url\":\"https:\/\/seedsecu.com\/vn\/\",\"logo\":{\"@type\":\"ImageObject\",\"inLanguage\":\"vi\",\"@id\":\"https:\/\/seedsecu.com\/vn\/#\/schema\/logo\/image\/\",\"url\":\"https:\/\/seedsecu.com\/vn\/wp-content\/uploads\/sites\/5\/2022\/12\/seed-phrase-safe-1.png\",\"contentUrl\":\"https:\/\/seedsecu.com\/vn\/wp-content\/uploads\/sites\/5\/2022\/12\/seed-phrase-safe-1.png\",\"width\":311,\"height\":370,\"caption\":\"Seedsecu\"},\"image\":{\"@id\":\"https:\/\/seedsecu.com\/vn\/#\/schema\/logo\/image\/\"}}]}<\/script>\n<!-- \/ Yoast SEO plugin. -->","yoast_head_json":{"title":"Cart - V\u00ed C\u1ee9ng Seedsecu","description":"Gi\u1ecf h\u00e0ng mua s\u1eafm v\u00ed c\u1ee9ng - v\u00ed tr\u1eef l\u1ea1nh SeedSecu. Cung c\u1ea5p v\u00ed c\u1ee9ng l\u01b0u tr\u1eef b\u1ed9 kh\u00f3a c\u00e1 nh\u00e2n, seed phrase. V\u00ed l\u1ea1nh ch\u00ednh h\u00e3ng","robots":{"index":"index","follow":"follow","max-snippet":"max-snippet:-1","max-image-preview":"max-image-preview:large","max-video-preview":"max-video-preview:-1"},"canonical":"https:\/\/seedsecu.com\/vn\/cart\/","og_locale":"vi_VN","og_type":"article","og_title":"Cart - V\u00ed C\u1ee9ng Seedsecu","og_description":"Gi\u1ecf h\u00e0ng mua s\u1eafm v\u00ed c\u1ee9ng - v\u00ed tr\u1eef l\u1ea1nh SeedSecu. Cung c\u1ea5p v\u00ed c\u1ee9ng l\u01b0u tr\u1eef b\u1ed9 kh\u00f3a c\u00e1 nh\u00e2n, seed phrase. V\u00ed l\u1ea1nh ch\u00ednh h\u00e3ng","og_url":"https:\/\/seedsecu.com\/vn\/cart\/","og_site_name":"V\u00ed C\u1ee9ng Seedsecu","article_modified_time":"2022-12-16T08:42:03+00:00","twitter_card":"summary_large_image","twitter_misc":{"\u01af\u1edbc t\u00ednh th\u1eddi gian \u0111\u1ecdc":"1 ph\u00fat"},"schema":{"@context":"https:\/\/schema.org","@graph":[{"@type":"WebPage","@id":"https:\/\/seedsecu.com\/vn\/cart\/","url":"https:\/\/seedsecu.com\/vn\/cart\/","name":"Cart - V\u00ed C\u1ee9ng Seedsecu","isPartOf":{"@id":"https:\/\/seedsecu.com\/vn\/#website"},"datePublished":"2022-11-23T08:15:26+00:00","dateModified":"2022-12-16T08:42:03+00:00","description":"Gi\u1ecf h\u00e0ng mua s\u1eafm v\u00ed c\u1ee9ng - v\u00ed tr\u1eef l\u1ea1nh SeedSecu. Cung c\u1ea5p v\u00ed c\u1ee9ng l\u01b0u tr\u1eef b\u1ed9 kh\u00f3a c\u00e1 nh\u00e2n, seed phrase. V\u00ed l\u1ea1nh ch\u00ednh h\u00e3ng","breadcrumb":{"@id":"https:\/\/seedsecu.com\/vn\/cart\/#breadcrumb"},"inLanguage":"vi","potentialAction":[{"@type":"ReadAction","target":["https:\/\/seedsecu.com\/vn\/cart\/"]}]},{"@type":"BreadcrumbList","@id":"https:\/\/seedsecu.com\/vn\/cart\/#breadcrumb","itemListElement":[{"@type":"ListItem","position":1,"name":"Home","item":"https:\/\/seedsecu.com\/vn\/"},{"@type":"ListItem","position":2,"name":"Cart"}]},{"@type":"WebSite","@id":"https:\/\/seedsecu.com\/vn\/#website","url":"https:\/\/seedsecu.com\/vn\/","name":"V\u00ed C\u1ee9ng Seedsecu","description":"V\u00ed C\u1ee9ng - V\u00ed L\u1ea1nh L\u01b0u Tr\u1eef Seed Phrase","publisher":{"@id":"https:\/\/seedsecu.com\/vn\/#organization"},"potentialAction":[{"@type":"SearchAction","target":{"@type":"EntryPoint","urlTemplate":"https:\/\/seedsecu.com\/vn\/?s={search_term_string}"},"query-input":"required name=search_term_string"}],"inLanguage":"vi"},{"@type":"Organization","@id":"https:\/\/seedsecu.com\/vn\/#organization","name":"Seedsecu","url":"https:\/\/seedsecu.com\/vn\/","logo":{"@type":"ImageObject","inLanguage":"vi","@id":"https:\/\/seedsecu.com\/vn\/#\/schema\/logo\/image\/","url":"https:\/\/seedsecu.com\/vn\/wp-content\/uploads\/sites\/5\/2022\/12\/seed-phrase-safe-1.png","contentUrl":"https:\/\/seedsecu.com\/vn\/wp-content\/uploads\/sites\/5\/2022\/12\/seed-phrase-safe-1.png","width":311,"height":370,"caption":"Seedsecu"},"image":{"@id":"https:\/\/seedsecu.com\/vn\/#\/schema\/logo\/image\/"}}]}},"_links":{"self":[{"href":"https:\/\/seedsecu.com\/vn\/wp-json\/wp\/v2\/pages\/2068"}],"collection":[{"href":"https:\/\/seedsecu.com\/vn\/wp-json\/wp\/v2\/pages"}],"about":[{"href":"https:\/\/seedsecu.com\/vn\/wp-json\/wp\/v2\/types\/page"}],"author":[{"embeddable":true,"href":"https:\/\/seedsecu.com\/vn\/wp-json\/wp\/v2\/users\/1"}],"replies":[{"embeddable":true,"href":"https:\/\/seedsecu.com\/vn\/wp-json\/wp\/v2\/comments?post=2068"}],"version-history":[{"count":1,"href":"https:\/\/seedsecu.com\/vn\/wp-json\/wp\/v2\/pages\/2068\/revisions"}],"predecessor-version":[{"id":2650,"href":"https:\/\/seedsecu.com\/vn\/wp-json\/wp\/v2\/pages\/2068\/revisions\/2650"}],"wp:attachment":[{"href":"https:\/\/seedsecu.com\/vn\/wp-json\/wp\/v2\/media?parent=2068"}],"curies":[{"name":"wp","href":"https:\/\/api.w.org\/{rel}","templated":true}]}}