{"id":2059,"date":"2022-11-23T07:43:37","date_gmt":"2022-11-23T07:43:37","guid":{"rendered":"http:\/\/192.168.1.113\/seedsecu\/?page_id=2059"},"modified":"2024-12-12T07:26:09","modified_gmt":"2024-12-12T07:26:09","slug":"mua-vi-tru-lanh","status":"publish","type":"page","link":"https:\/\/seedsecu.com\/vn\/mua-vi-tru-lanh\/","title":{"rendered":"Mua V\u00ed Tr\u1eef L\u1ea1nh Ch\u00ednh H\u00e3ng"},"content":{"rendered":"<p>[vc_row][vc_column][vc_column_text single_style=&#8221;&#8221;]<\/p>\n<h2>D\u1ee5ng C\u1ee5 L\u01b0u Tr\u1eef 24 K\u00fd T\u1ef1<\/h2>\n<p>[\/vc_column_text]<div class=\"woocommerce columns-4 \"><ul class=\"products columns-4\">\n<li class=\"product type-product post-2535 status-publish first instock product_cat-seedsecu-wallet product_tag-dung-cu-luu-tru-24-ky-tu product_tag-dung-cu-luu-tru-khoa-ca-nhan product_tag-thiet-bi-luu-tru-seed-phrase-vi-lanh product_tag-vi-cung product_tag-vi-tien-bitcoin product_tag-vi-tru-lanh has-post-thumbnail shipping-taxable purchasable product-type-simple\">\n\t\n\t\t<div class=\"product-thumb\">\n\n\t\t<a href=\"https:\/\/seedsecu.com\/vn\/product\/vi-cung-seedsecu-double\/\" class=\"woocommerce-LoopProduct-link woocommerce-loop-product__link\"><img width=\"600\" height=\"400\" src=\"data:image\/svg+xml;base64,PHN2ZyB2aWV3Qm94PScwIDAgNjAwIDQwMCcgeG1sbnM9J2h0dHA6Ly93d3cudzMub3JnLzIwMDAvc3ZnJz48L3N2Zz4=\" class=\"attachment-woocommerce_thumbnail size-woocommerce_thumbnail lazyload\" alt=\"\" decoding=\"async\" loading=\"lazy\" sizes=\"(max-width: 600px) 100vw, 600px\" data-srcset=\"https:\/\/seedsecu.com\/vn\/wp-content\/uploads\/sites\/5\/2023\/01\/vi_tru_lanh_luu_tru_bo_khoa_crypto-600x400.jpg 600w, https:\/\/seedsecu.com\/vn\/wp-content\/uploads\/sites\/5\/2023\/01\/vi_tru_lanh_luu_tru_bo_khoa_crypto-1024x683.jpg 1024w, https:\/\/seedsecu.com\/vn\/wp-content\/uploads\/sites\/5\/2023\/01\/vi_tru_lanh_luu_tru_bo_khoa_crypto-768x512.jpg 768w, https:\/\/seedsecu.com\/vn\/wp-content\/uploads\/sites\/5\/2023\/01\/vi_tru_lanh_luu_tru_bo_khoa_crypto-270x180.jpg 270w\" data-src=\"https:\/\/seedsecu.com\/vn\/wp-content\/uploads\/sites\/5\/2023\/01\/vi_tru_lanh_luu_tru_bo_khoa_crypto-600x400.jpg\" \/><\/a><a href=\"?add-to-cart=2535\" data-quantity=\"1\" class=\"button wp-element-button product_type_simple add_to_cart_button ajax_add_to_cart\" data-product_id=\"2535\" data-product_sku=\"ssc-double\" aria-label=\"Th\u00eam &ldquo;V\u00ed C\u1ee9ng SeedSecu Double&rdquo; v\u00e0o gi\u1ecf h\u00e0ng\" rel=\"nofollow\">Th\u00eam v\u00e0o gi\u1ecf h\u00e0ng<\/a>\n\t\t<\/div>\n\t\t\n\t\t<a href=\"https:\/\/seedsecu.com\/vn\/product\/vi-cung-seedsecu-double\/\" class=\"woocommerce-LoopProduct-link woocommerce-loop-product__link\"><\/a><a href=\"https:\/\/seedsecu.com\/vn\/product-category\/seedsecu-wallet\/\" class=\"product-cat\">Seedsecu Wallet<\/a><\/li>\n<li class=\"product type-product post-2850 status-publish instock product_cat-seedsecu-wallet has-post-thumbnail shipping-taxable purchasable product-type-simple\">\n\t\n\t\t<div class=\"product-thumb\">\n\n\t\t<a href=\"https:\/\/seedsecu.com\/vn\/product\/vi-cung-seedsecu-single\/\" class=\"woocommerce-LoopProduct-link woocommerce-loop-product__link\"><img width=\"600\" height=\"400\" src=\"data:image\/svg+xml;base64,PHN2ZyB2aWV3Qm94PScwIDAgNjAwIDQwMCcgeG1sbnM9J2h0dHA6Ly93d3cudzMub3JnLzIwMDAvc3ZnJz48L3N2Zz4=\" class=\"attachment-woocommerce_thumbnail size-woocommerce_thumbnail lazyload\" alt=\"\" decoding=\"async\" loading=\"lazy\" sizes=\"(max-width: 600px) 100vw, 600px\" data-srcset=\"https:\/\/seedsecu.com\/vn\/wp-content\/uploads\/sites\/5\/2023\/05\/IMG_7203-600x400.jpg 600w, https:\/\/seedsecu.com\/vn\/wp-content\/uploads\/sites\/5\/2023\/05\/IMG_7203-1024x683.jpg 1024w, https:\/\/seedsecu.com\/vn\/wp-content\/uploads\/sites\/5\/2023\/05\/IMG_7203-768x512.jpg 768w, https:\/\/seedsecu.com\/vn\/wp-content\/uploads\/sites\/5\/2023\/05\/IMG_7203-270x180.jpg 270w\" data-src=\"https:\/\/seedsecu.com\/vn\/wp-content\/uploads\/sites\/5\/2023\/05\/IMG_7203-600x400.jpg\" \/><\/a><a href=\"?add-to-cart=2850\" data-quantity=\"1\" class=\"button wp-element-button product_type_simple add_to_cart_button ajax_add_to_cart\" data-product_id=\"2850\" data-product_sku=\"ssc-single\" aria-label=\"Th\u00eam &ldquo;V\u00ed C\u1ee9ng SeedSecu Single&rdquo; v\u00e0o gi\u1ecf h\u00e0ng\" rel=\"nofollow\">Th\u00eam v\u00e0o gi\u1ecf h\u00e0ng<\/a>\n\t\t<\/div>\n\t\t\n\t\t<a href=\"https:\/\/seedsecu.com\/vn\/product\/vi-cung-seedsecu-single\/\" class=\"woocommerce-LoopProduct-link woocommerce-loop-product__link\"><\/a><a href=\"https:\/\/seedsecu.com\/vn\/product-category\/seedsecu-wallet\/\" class=\"product-cat\">Seedsecu Wallet<\/a><\/li>\n<\/ul>\n<\/div>[\/vc_column][\/vc_row][vc_row][vc_column][vc_column_text single_style=&#8221;&#8221;]<\/p>\n<h2>V\u00ed Tr\u1eef L\u1ea1nh<\/h2>\n<p>[\/vc_column_text]<div class=\"woocommerce columns-4 \"><\/div>[\/vc_column][\/vc_row][vc_row][vc_column][vc_zigzag][\/vc_column][\/vc_row][vc_row][vc_column][\/vc_column][\/vc_row]<\/p>\n","protected":false},"excerpt":{"rendered":"<p>[vc_row][vc_column][vc_column_text single_style=&#8221;&#8221;] D\u1ee5ng C\u1ee5 L\u01b0u Tr\u1eef 24 K\u00fd T\u1ef1 [\/vc_column_text][\/vc_column][\/vc_row][vc_row][vc_column][vc_column_text single_style=&#8221;&#8221;] V\u00ed Tr\u1eef L\u1ea1nh [\/vc_column_text][\/vc_column][\/vc_row][vc_row][vc_column][vc_zigzag][\/vc_column][\/vc_row][vc_row][vc_column][\/vc_column][\/vc_row]<\/p>\n","protected":false},"author":1,"featured_media":0,"parent":0,"menu_order":0,"comment_status":"closed","ping_status":"closed","template":"page-blocks.php","meta":{"_mi_skip_tracking":false},"yoast_head":"<!-- This site is optimized with the Yoast SEO plugin v19.12 - https:\/\/yoast.com\/wordpress\/plugins\/seo\/ -->\n<title>Mua V\u00ed Tr\u1eef L\u1ea1nh Ch\u00ednh H\u00e3ng - V\u00ed C\u1ee9ng Seedsecu<\/title>\n<meta name=\"description\" content=\"Danh s\u00e1ch c\u00e1c s\u1ea3n ph\u1ea9m v\u00ed c\u1ee9ng, v\u00ed l\u1ea1nh ch\u00ednh h\u00e3ng SeedSecu - D\u1ee5ng c\u1ee5, thi\u1ebft b\u1ecb l\u01b0u tr\u1eef kh\u00f3a c\u00e1 nh\u00e2n, Seed phrase. Mua v\u00ed l\u1ea1nh ch\u00ednh h\u00e3ng\" \/>\n<meta name=\"robots\" content=\"index, follow, max-snippet:-1, max-image-preview:large, max-video-preview:-1\" \/>\n<link rel=\"canonical\" href=\"https:\/\/seedsecu.com\/vn\/mua-vi-tru-lanh\/\" \/>\n<meta property=\"og:locale\" content=\"vi_VN\" \/>\n<meta property=\"og:type\" content=\"article\" \/>\n<meta property=\"og:title\" content=\"Mua V\u00ed Tr\u1eef L\u1ea1nh Ch\u00ednh H\u00e3ng - V\u00ed C\u1ee9ng Seedsecu\" \/>\n<meta property=\"og:description\" content=\"Danh s\u00e1ch c\u00e1c s\u1ea3n ph\u1ea9m v\u00ed c\u1ee9ng, v\u00ed l\u1ea1nh ch\u00ednh h\u00e3ng SeedSecu - D\u1ee5ng c\u1ee5, thi\u1ebft b\u1ecb l\u01b0u tr\u1eef kh\u00f3a c\u00e1 nh\u00e2n, Seed phrase. Mua v\u00ed l\u1ea1nh ch\u00ednh h\u00e3ng\" \/>\n<meta property=\"og:url\" content=\"https:\/\/seedsecu.com\/vn\/mua-vi-tru-lanh\/\" \/>\n<meta property=\"og:site_name\" content=\"V\u00ed C\u1ee9ng Seedsecu\" \/>\n<meta property=\"article:modified_time\" content=\"2024-12-12T07:26:09+00:00\" \/>\n<meta name=\"twitter:card\" content=\"summary_large_image\" \/>\n<meta name=\"twitter:label1\" content=\"\u01af\u1edbc t\u00ednh th\u1eddi gian \u0111\u1ecdc\" \/>\n\t<meta name=\"twitter:data1\" content=\"1 ph\u00fat\" \/>\n<script type=\"application\/ld+json\" class=\"yoast-schema-graph\">{\"@context\":\"https:\/\/schema.org\",\"@graph\":[{\"@type\":\"WebPage\",\"@id\":\"https:\/\/seedsecu.com\/vn\/mua-vi-tru-lanh\/\",\"url\":\"https:\/\/seedsecu.com\/vn\/mua-vi-tru-lanh\/\",\"name\":\"Mua V\u00ed Tr\u1eef L\u1ea1nh Ch\u00ednh H\u00e3ng - V\u00ed C\u1ee9ng Seedsecu\",\"isPartOf\":{\"@id\":\"https:\/\/seedsecu.com\/vn\/#website\"},\"datePublished\":\"2022-11-23T07:43:37+00:00\",\"dateModified\":\"2024-12-12T07:26:09+00:00\",\"description\":\"Danh s\u00e1ch c\u00e1c s\u1ea3n ph\u1ea9m v\u00ed c\u1ee9ng, v\u00ed l\u1ea1nh ch\u00ednh h\u00e3ng SeedSecu - D\u1ee5ng c\u1ee5, thi\u1ebft b\u1ecb l\u01b0u tr\u1eef kh\u00f3a c\u00e1 nh\u00e2n, Seed phrase. Mua v\u00ed l\u1ea1nh ch\u00ednh h\u00e3ng\",\"breadcrumb\":{\"@id\":\"https:\/\/seedsecu.com\/vn\/mua-vi-tru-lanh\/#breadcrumb\"},\"inLanguage\":\"vi\",\"potentialAction\":[{\"@type\":\"ReadAction\",\"target\":[\"https:\/\/seedsecu.com\/vn\/mua-vi-tru-lanh\/\"]}]},{\"@type\":\"BreadcrumbList\",\"@id\":\"https:\/\/seedsecu.com\/vn\/mua-vi-tru-lanh\/#breadcrumb\",\"itemListElement\":[{\"@type\":\"ListItem\",\"position\":1,\"name\":\"Home\",\"item\":\"https:\/\/seedsecu.com\/vn\/\"},{\"@type\":\"ListItem\",\"position\":2,\"name\":\"Mua V\u00ed Tr\u1eef L\u1ea1nh Ch\u00ednh H\u00e3ng\"}]},{\"@type\":\"WebSite\",\"@id\":\"https:\/\/seedsecu.com\/vn\/#website\",\"url\":\"https:\/\/seedsecu.com\/vn\/\",\"name\":\"V\u00ed C\u1ee9ng Seedsecu\",\"description\":\"V\u00ed C\u1ee9ng - V\u00ed L\u1ea1nh L\u01b0u Tr\u1eef Seed Phrase\",\"publisher\":{\"@id\":\"https:\/\/seedsecu.com\/vn\/#organization\"},\"potentialAction\":[{\"@type\":\"SearchAction\",\"target\":{\"@type\":\"EntryPoint\",\"urlTemplate\":\"https:\/\/seedsecu.com\/vn\/?s={search_term_string}\"},\"query-input\":\"required name=search_term_string\"}],\"inLanguage\":\"vi\"},{\"@type\":\"Organization\",\"@id\":\"https:\/\/seedsecu.com\/vn\/#organization\",\"name\":\"Seedsecu\",\"url\":\"https:\/\/seedsecu.com\/vn\/\",\"logo\":{\"@type\":\"ImageObject\",\"inLanguage\":\"vi\",\"@id\":\"https:\/\/seedsecu.com\/vn\/#\/schema\/logo\/image\/\",\"url\":\"https:\/\/seedsecu.com\/vn\/wp-content\/uploads\/sites\/5\/2022\/12\/seed-phrase-safe-1.png\",\"contentUrl\":\"https:\/\/seedsecu.com\/vn\/wp-content\/uploads\/sites\/5\/2022\/12\/seed-phrase-safe-1.png\",\"width\":311,\"height\":370,\"caption\":\"Seedsecu\"},\"image\":{\"@id\":\"https:\/\/seedsecu.com\/vn\/#\/schema\/logo\/image\/\"}}]}<\/script>\n<!-- \/ Yoast SEO plugin. -->","yoast_head_json":{"title":"Mua V\u00ed Tr\u1eef L\u1ea1nh Ch\u00ednh H\u00e3ng - V\u00ed C\u1ee9ng Seedsecu","description":"Danh s\u00e1ch c\u00e1c s\u1ea3n ph\u1ea9m v\u00ed c\u1ee9ng, v\u00ed l\u1ea1nh ch\u00ednh h\u00e3ng SeedSecu - D\u1ee5ng c\u1ee5, thi\u1ebft b\u1ecb l\u01b0u tr\u1eef kh\u00f3a c\u00e1 nh\u00e2n, Seed phrase. Mua v\u00ed l\u1ea1nh ch\u00ednh h\u00e3ng","robots":{"index":"index","follow":"follow","max-snippet":"max-snippet:-1","max-image-preview":"max-image-preview:large","max-video-preview":"max-video-preview:-1"},"canonical":"https:\/\/seedsecu.com\/vn\/mua-vi-tru-lanh\/","og_locale":"vi_VN","og_type":"article","og_title":"Mua V\u00ed Tr\u1eef L\u1ea1nh Ch\u00ednh H\u00e3ng - V\u00ed C\u1ee9ng Seedsecu","og_description":"Danh s\u00e1ch c\u00e1c s\u1ea3n ph\u1ea9m v\u00ed c\u1ee9ng, v\u00ed l\u1ea1nh ch\u00ednh h\u00e3ng SeedSecu - D\u1ee5ng c\u1ee5, thi\u1ebft b\u1ecb l\u01b0u tr\u1eef kh\u00f3a c\u00e1 nh\u00e2n, Seed phrase. Mua v\u00ed l\u1ea1nh ch\u00ednh h\u00e3ng","og_url":"https:\/\/seedsecu.com\/vn\/mua-vi-tru-lanh\/","og_site_name":"V\u00ed C\u1ee9ng Seedsecu","article_modified_time":"2024-12-12T07:26:09+00:00","twitter_card":"summary_large_image","twitter_misc":{"\u01af\u1edbc t\u00ednh th\u1eddi gian \u0111\u1ecdc":"1 ph\u00fat"},"schema":{"@context":"https:\/\/schema.org","@graph":[{"@type":"WebPage","@id":"https:\/\/seedsecu.com\/vn\/mua-vi-tru-lanh\/","url":"https:\/\/seedsecu.com\/vn\/mua-vi-tru-lanh\/","name":"Mua V\u00ed Tr\u1eef L\u1ea1nh Ch\u00ednh H\u00e3ng - V\u00ed C\u1ee9ng Seedsecu","isPartOf":{"@id":"https:\/\/seedsecu.com\/vn\/#website"},"datePublished":"2022-11-23T07:43:37+00:00","dateModified":"2024-12-12T07:26:09+00:00","description":"Danh s\u00e1ch c\u00e1c s\u1ea3n ph\u1ea9m v\u00ed c\u1ee9ng, v\u00ed l\u1ea1nh ch\u00ednh h\u00e3ng SeedSecu - D\u1ee5ng c\u1ee5, thi\u1ebft b\u1ecb l\u01b0u tr\u1eef kh\u00f3a c\u00e1 nh\u00e2n, Seed phrase. Mua v\u00ed l\u1ea1nh ch\u00ednh h\u00e3ng","breadcrumb":{"@id":"https:\/\/seedsecu.com\/vn\/mua-vi-tru-lanh\/#breadcrumb"},"inLanguage":"vi","potentialAction":[{"@type":"ReadAction","target":["https:\/\/seedsecu.com\/vn\/mua-vi-tru-lanh\/"]}]},{"@type":"BreadcrumbList","@id":"https:\/\/seedsecu.com\/vn\/mua-vi-tru-lanh\/#breadcrumb","itemListElement":[{"@type":"ListItem","position":1,"name":"Home","item":"https:\/\/seedsecu.com\/vn\/"},{"@type":"ListItem","position":2,"name":"Mua V\u00ed Tr\u1eef L\u1ea1nh Ch\u00ednh H\u00e3ng"}]},{"@type":"WebSite","@id":"https:\/\/seedsecu.com\/vn\/#website","url":"https:\/\/seedsecu.com\/vn\/","name":"V\u00ed C\u1ee9ng Seedsecu","description":"V\u00ed C\u1ee9ng - V\u00ed L\u1ea1nh L\u01b0u Tr\u1eef Seed Phrase","publisher":{"@id":"https:\/\/seedsecu.com\/vn\/#organization"},"potentialAction":[{"@type":"SearchAction","target":{"@type":"EntryPoint","urlTemplate":"https:\/\/seedsecu.com\/vn\/?s={search_term_string}"},"query-input":"required name=search_term_string"}],"inLanguage":"vi"},{"@type":"Organization","@id":"https:\/\/seedsecu.com\/vn\/#organization","name":"Seedsecu","url":"https:\/\/seedsecu.com\/vn\/","logo":{"@type":"ImageObject","inLanguage":"vi","@id":"https:\/\/seedsecu.com\/vn\/#\/schema\/logo\/image\/","url":"https:\/\/seedsecu.com\/vn\/wp-content\/uploads\/sites\/5\/2022\/12\/seed-phrase-safe-1.png","contentUrl":"https:\/\/seedsecu.com\/vn\/wp-content\/uploads\/sites\/5\/2022\/12\/seed-phrase-safe-1.png","width":311,"height":370,"caption":"Seedsecu"},"image":{"@id":"https:\/\/seedsecu.com\/vn\/#\/schema\/logo\/image\/"}}]}},"_links":{"self":[{"href":"https:\/\/seedsecu.com\/vn\/wp-json\/wp\/v2\/pages\/2059"}],"collection":[{"href":"https:\/\/seedsecu.com\/vn\/wp-json\/wp\/v2\/pages"}],"about":[{"href":"https:\/\/seedsecu.com\/vn\/wp-json\/wp\/v2\/types\/page"}],"author":[{"embeddable":true,"href":"https:\/\/seedsecu.com\/vn\/wp-json\/wp\/v2\/users\/1"}],"replies":[{"embeddable":true,"href":"https:\/\/seedsecu.com\/vn\/wp-json\/wp\/v2\/comments?post=2059"}],"version-history":[{"count":11,"href":"https:\/\/seedsecu.com\/vn\/wp-json\/wp\/v2\/pages\/2059\/revisions"}],"predecessor-version":[{"id":2936,"href":"https:\/\/seedsecu.com\/vn\/wp-json\/wp\/v2\/pages\/2059\/revisions\/2936"}],"wp:attachment":[{"href":"https:\/\/seedsecu.com\/vn\/wp-json\/wp\/v2\/media?parent=2059"}],"curies":[{"name":"wp","href":"https:\/\/api.w.org\/{rel}","templated":true}]}}