{"id":2052,"date":"2022-11-23T07:03:32","date_gmt":"2022-11-23T07:03:32","guid":{"rendered":"http:\/\/192.168.1.113\/seedsecu\/?page_id=2052"},"modified":"2022-12-16T08:40:25","modified_gmt":"2022-12-16T08:40:25","slug":"become-a-reseller","status":"publish","type":"page","link":"https:\/\/seedsecu.com\/vn\/become-a-reseller\/","title":{"rendered":"Tr\u1edf Th\u00e0nh Nh\u00e0 Ph\u00e2n Ph\u1ed1i"},"content":{"rendered":"<p><img decoding=\"async\" loading=\"lazy\" class=\"aligncenter wp-image-2579 size-full\" src=\"https:\/\/seedsecu.com\/vn\/wp-content\/uploads\/sites\/5\/2022\/12\/hardware-wallet-bitcoin-distribution.png\" alt=\"\" width=\"1366\" height=\"241\" srcset=\"https:\/\/seedsecu.com\/vn\/wp-content\/uploads\/sites\/5\/2022\/12\/hardware-wallet-bitcoin-distribution.png 1366w, https:\/\/seedsecu.com\/vn\/wp-content\/uploads\/sites\/5\/2022\/12\/hardware-wallet-bitcoin-distribution-600x106.png 600w, https:\/\/seedsecu.com\/vn\/wp-content\/uploads\/sites\/5\/2022\/12\/hardware-wallet-bitcoin-distribution-1024x181.png 1024w, https:\/\/seedsecu.com\/vn\/wp-content\/uploads\/sites\/5\/2022\/12\/hardware-wallet-bitcoin-distribution-768x135.png 768w\" sizes=\"(max-width: 1366px) 100vw, 1366px\" \/>\u0110\u1ec3 \u0111\u1ee7 \u0111i\u1ec1u ki\u1ec7n tham gia ph\u00e2n ph\u1ed1i s\u1ea3n ph\u1ea9m, b\u1ea1n vui l\u00f2ng d\u00e0nh ch\u00fat th\u1eddi gian \u0111\u1ec3 tr\u1ea3 l\u1eddi m\u1ed9t s\u1ed1 c\u00e2u h\u1ecfi. Ch\u00fang t\u00f4i hy v\u1ecdng s\u1ebd li\u00ean h\u1ec7 l\u1ea1i b\u1ea1n v\u1edbi m\u1ed9t s\u1ed1 ph\u1ea3n h\u1ed3i t\u00edch c\u1ef1c.<\/p>\n<div class=\"wpcf7 no-js\" id=\"wpcf7-f2191-o1\" lang=\"vi\" dir=\"ltr\">\n<div class=\"screen-reader-response\"><p role=\"status\" aria-live=\"polite\" aria-atomic=\"true\"><\/p> <ul><\/ul><\/div>\n<form action=\"\/vn\/wp-json\/wp\/v2\/pages\/2052#wpcf7-f2191-o1\" method=\"post\" class=\"wpcf7-form init\" aria-label=\"Contact form\" novalidate=\"novalidate\" data-status=\"init\">\n<div style=\"display: none;\">\n<input type=\"hidden\" name=\"_wpcf7\" value=\"2191\" \/>\n<input type=\"hidden\" name=\"_wpcf7_version\" value=\"5.7\" \/>\n<input type=\"hidden\" name=\"_wpcf7_locale\" value=\"vi\" \/>\n<input type=\"hidden\" name=\"_wpcf7_unit_tag\" value=\"wpcf7-f2191-o1\" \/>\n<input type=\"hidden\" name=\"_wpcf7_container_post\" value=\"0\" \/>\n<input type=\"hidden\" name=\"_wpcf7_posted_data_hash\" value=\"\" \/>\n<input type=\"hidden\" name=\"_wpcf7_recaptcha_response\" value=\"\" \/>\n<\/div>\n<p><label> T\u00ean c\u1ee7a b\u1ea1n*<br \/>\n<span class=\"wpcf7-form-control-wrap\" data-name=\"your-name\"><input size=\"40\" class=\"wpcf7-form-control wpcf7-text wpcf7-validates-as-required\" aria-required=\"true\" aria-invalid=\"false\" value=\"\" type=\"text\" name=\"your-name\" \/><\/span> <\/label><br \/>\n<label> \u0110\u1ecba ch\u1ec9 c\u1ee7a b\u1ea1n*<br \/>\n<span class=\"wpcf7-form-control-wrap\" data-name=\"your-addr\"><input size=\"40\" class=\"wpcf7-form-control wpcf7-text wpcf7-validates-as-required\" aria-required=\"true\" aria-invalid=\"false\" value=\"\" type=\"text\" name=\"your-addr\" \/><\/span> <\/label><br \/>\n<label> T\u00ean c\u00f4ng ty, th\u01b0\u01a1ng hi\u1ec7u, ho\u1eb7c nh\u00f3m c\u1ee7a b\u1ea1n (n\u1ebfu c\u00f3)<br \/>\n<span class=\"wpcf7-form-control-wrap\" data-name=\"your-company-name\"><input size=\"40\" class=\"wpcf7-form-control wpcf7-text\" aria-invalid=\"false\" value=\"\" type=\"text\" name=\"your-company-name\" \/><\/span> <\/label><br \/>\n<label> \u0110\u1ecba ch\u1ec9 c\u00f4ng ty, n\u01a1i l\u00e0m vi\u1ec7c c\u1ee7a nh\u00f3m (n\u1ebfu c\u00f3)<br \/>\n<span class=\"wpcf7-form-control-wrap\" data-name=\"your-company-addr\"><input size=\"40\" class=\"wpcf7-form-control wpcf7-text\" aria-invalid=\"false\" value=\"\" type=\"text\" name=\"your-company-addr\" \/><\/span> <\/label><br \/>\n<label> Email c\u1ee7a b\u1ea1n*<br \/>\n<span class=\"wpcf7-form-control-wrap\" data-name=\"your-email\"><input size=\"40\" class=\"wpcf7-form-control wpcf7-text wpcf7-email wpcf7-validates-as-required wpcf7-validates-as-email\" aria-required=\"true\" aria-invalid=\"false\" value=\"\" type=\"email\" name=\"your-email\" \/><\/span> <\/label><br \/>\n<label> S\u1ed1 \u0111i\u1ec7n tho\u1ea1i ch\u00fang t\u00f4i c\u00f3 th\u1ec3 li\u00ean h\u1ec7 b\u1ea1n*<br \/>\n<span class=\"wpcf7-form-control-wrap\" data-name=\"your-phone\"><input size=\"40\" class=\"wpcf7-form-control wpcf7-text wpcf7-tel wpcf7-validates-as-required wpcf7-validates-as-tel\" aria-required=\"true\" aria-invalid=\"false\" value=\"\" type=\"tel\" name=\"your-phone\" \/><\/span> <\/label><br \/>\n<label> K\u1ebf ho\u1ea1ch v\u1ec1 s\u1ed1 l\u01b0\u1ee3ng s\u1ea3n ph\u1ea9m b\u1ea1n s\u1ebd b\u00e1n trong 1 th\u00e1ng l\u00e0 nh\u01b0 th\u1ebf n\u00e0o?*<br \/>\n<span class=\"wpcf7-form-control-wrap\" data-name=\"psc_monthly\"><textarea cols=\"40\" rows=\"10\" class=\"wpcf7-form-control wpcf7-textarea wpcf7-validates-as-required\" aria-required=\"true\" aria-invalid=\"false\" name=\"psc_monthly\"><\/textarea><\/span> <\/label><br \/>\n<label> B\u1ea1n c\u00f3 ch\u0103m s\u00f3c kh\u00e1ch h\u00e0ng sau khi b\u00e1n kh\u00f4ng?*<br \/>\n<span class=\"wpcf7-form-control-wrap\" data-name=\"take_care\"><input size=\"40\" class=\"wpcf7-form-control wpcf7-text wpcf7-validates-as-required\" aria-required=\"true\" aria-invalid=\"false\" value=\"\" type=\"text\" name=\"take_care\" \/><\/span> <\/label><br \/>\n<label> B\u1ea1n c\u00f3 b\u00e1n tr\u00ean website kh\u00f4ng? N\u1ebfu c\u00f3 th\u00ec website b\u00e1n h\u00e0ng c\u1ee7a b\u1ea1n l\u00e0 g\u00ec?*<br \/>\n<span class=\"wpcf7-form-control-wrap\" data-name=\"website\"><textarea cols=\"40\" rows=\"10\" class=\"wpcf7-form-control wpcf7-textarea wpcf7-validates-as-required\" aria-required=\"true\" aria-invalid=\"false\" name=\"website\"><\/textarea><\/span> <\/label><br \/>\n<label> H\u00e3y n\u00f3i cho ch\u00fang t\u00f4i bi\u1ebft th\u00f4ng tin v\u1ec1 c\u1ed9ng \u0111\u1ed3ng c\u1ee7a b\u1ea1n, l\u01b0\u1ee3ng follower c\u1ee7a b\u1ea1n*<br \/>\n<span class=\"wpcf7-form-control-wrap\" data-name=\"follower\"><textarea cols=\"40\" rows=\"10\" class=\"wpcf7-form-control wpcf7-textarea wpcf7-validates-as-required\" aria-required=\"true\" aria-invalid=\"false\" name=\"follower\"><\/textarea><\/span> <\/label><br \/>\n<label> Tin nh\u1eafn*<br \/>\n<span class=\"wpcf7-form-control-wrap\" data-name=\"your-message\"><textarea cols=\"40\" rows=\"10\" class=\"wpcf7-form-control wpcf7-textarea wpcf7-validates-as-required\" aria-required=\"true\" aria-invalid=\"false\" name=\"your-message\"><\/textarea><\/span> <\/label><br \/>\n<span class=\"wpcf7-form-control-wrap\" data-name=\"checkbox-accept\"><span class=\"wpcf7-form-control wpcf7-checkbox\"><span class=\"wpcf7-list-item first last\"><label><input type=\"checkbox\" name=\"checkbox-accept[]\" value=\"T\u00f4i \u0111\u00e3 \u0111\u1ecdc v\u00e0 \u0111\u1ed3ng \u00fd v\u1edbi\" tabindex=\"\" \/><span class=\"wpcf7-list-item-label\">T\u00f4i \u0111\u00e3 \u0111\u1ecdc v\u00e0 \u0111\u1ed3ng \u00fd v\u1edbi<\/span><\/label><\/span><\/span><\/span> <a href='https:\/\/seedsecu.com\/vn\/privacy-notice\/' target='_blank'>Th\u00f4ng b\u00e1o v\u1ec1 quy\u1ec1n ri\u00eang t\u01b0<\/a><br \/>\n<\/p>\n<span class=\"wpcf7-form-control-wrap recaptcha\" data-name=\"recaptcha\"><span data-sitekey=\"6LfCGUAjAAAAAMOGa-HFyRHi0MDj-yzz9NxadLA4\" class=\"wpcf7-form-control g-recaptcha wpcf7-recaptcha\"><\/span>\r\n<noscript>\r\n\t<div class=\"grecaptcha-noscript\">\r\n\t\t<iframe src=\"https:\/\/www.google.com\/recaptcha\/api\/fallback?k=6LfCGUAjAAAAAMOGa-HFyRHi0MDj-yzz9NxadLA4\" frameborder=\"0\" scrolling=\"no\" width=\"310\" height=\"430\">\r\n\t\t<\/iframe>\r\n\t\t<textarea name=\"g-recaptcha-response\" rows=\"3\" cols=\"40\" placeholder=\"reCaptcha Response Here\">\r\n\t\t<\/textarea>\r\n\t<\/div>\r\n<\/noscript>\r\n<\/span>\n<p><input class=\"wpcf7-form-control has-spinner wpcf7-submit\" type=\"submit\" value=\"G\u1eedi\" \/>\n<\/p><div class=\"wpcf7-response-output\" aria-hidden=\"true\"><\/div><\/form><\/div>\n<p>&nbsp;<\/p>\n","protected":false},"excerpt":{"rendered":"<p>\u0110\u1ec3 \u0111\u1ee7 \u0111i\u1ec1u ki\u1ec7n tham gia ph\u00e2n ph\u1ed1i s\u1ea3n ph\u1ea9m, b\u1ea1n vui l\u00f2ng d\u00e0nh ch\u00fat th\u1eddi gian \u0111\u1ec3 tr\u1ea3 l\u1eddi m\u1ed9t s\u1ed1 c\u00e2u h\u1ecfi. Ch\u00fang t\u00f4i hy v\u1ecdng s\u1ebd li\u00ean h\u1ec7 l\u1ea1i b\u1ea1n v\u1edbi m\u1ed9t s\u1ed1 ph\u1ea3n h\u1ed3i t\u00edch c\u1ef1c. &nbsp;<\/p>\n","protected":false},"author":1,"featured_media":0,"parent":0,"menu_order":0,"comment_status":"closed","ping_status":"closed","template":"","meta":{"_mi_skip_tracking":false},"yoast_head":"<!-- This site is optimized with the Yoast SEO plugin v19.12 - https:\/\/yoast.com\/wordpress\/plugins\/seo\/ -->\n<title>Tr\u1edf Th\u00e0nh Nh\u00e0 Ph\u00e2n Ph\u1ed1i - V\u00ed C\u1ee9ng Seedsecu<\/title>\n<meta name=\"description\" content=\"\u0110\u0103ng k\u00fd tr\u1edf th\u00e0nh nh\u00e0 ph\u00e2n ph\u1ed1i v\u00ed c\u1ee9ng l\u01b0u tr\u1eef crypto seed phrase c\u1ee7a v\u00ed tr\u1eef l\u1ea1nh, v\u00ed n\u00f3ng - SeedSecu\" \/>\n<meta name=\"robots\" content=\"index, follow, max-snippet:-1, max-image-preview:large, max-video-preview:-1\" \/>\n<link rel=\"canonical\" href=\"https:\/\/seedsecu.com\/vn\/become-a-reseller\/\" \/>\n<meta property=\"og:locale\" content=\"vi_VN\" \/>\n<meta property=\"og:type\" content=\"article\" \/>\n<meta property=\"og:title\" content=\"Tr\u1edf Th\u00e0nh Nh\u00e0 Ph\u00e2n Ph\u1ed1i - V\u00ed C\u1ee9ng Seedsecu\" \/>\n<meta property=\"og:description\" content=\"\u0110\u0103ng k\u00fd tr\u1edf th\u00e0nh nh\u00e0 ph\u00e2n ph\u1ed1i v\u00ed c\u1ee9ng l\u01b0u tr\u1eef crypto seed phrase c\u1ee7a v\u00ed tr\u1eef l\u1ea1nh, v\u00ed n\u00f3ng - SeedSecu\" \/>\n<meta property=\"og:url\" content=\"https:\/\/seedsecu.com\/vn\/become-a-reseller\/\" \/>\n<meta property=\"og:site_name\" content=\"V\u00ed C\u1ee9ng Seedsecu\" \/>\n<meta property=\"article:modified_time\" content=\"2022-12-16T08:40:25+00:00\" \/>\n<meta property=\"og:image\" content=\"https:\/\/seedsecu.com\/vn\/wp-content\/uploads\/sites\/5\/2022\/12\/hardware-wallet-bitcoin-distribution.png\" \/>\n<meta name=\"twitter:card\" content=\"summary_large_image\" \/>\n<meta name=\"twitter:label1\" content=\"\u01af\u1edbc t\u00ednh th\u1eddi gian \u0111\u1ecdc\" \/>\n\t<meta name=\"twitter:data1\" content=\"1 ph\u00fat\" \/>\n<script type=\"application\/ld+json\" class=\"yoast-schema-graph\">{\"@context\":\"https:\/\/schema.org\",\"@graph\":[{\"@type\":\"WebPage\",\"@id\":\"https:\/\/seedsecu.com\/vn\/become-a-reseller\/\",\"url\":\"https:\/\/seedsecu.com\/vn\/become-a-reseller\/\",\"name\":\"Tr\u1edf Th\u00e0nh Nh\u00e0 Ph\u00e2n Ph\u1ed1i - V\u00ed C\u1ee9ng Seedsecu\",\"isPartOf\":{\"@id\":\"https:\/\/seedsecu.com\/vn\/#website\"},\"datePublished\":\"2022-11-23T07:03:32+00:00\",\"dateModified\":\"2022-12-16T08:40:25+00:00\",\"description\":\"\u0110\u0103ng k\u00fd tr\u1edf th\u00e0nh nh\u00e0 ph\u00e2n ph\u1ed1i v\u00ed c\u1ee9ng l\u01b0u tr\u1eef crypto seed phrase c\u1ee7a v\u00ed tr\u1eef l\u1ea1nh, v\u00ed n\u00f3ng - SeedSecu\",\"breadcrumb\":{\"@id\":\"https:\/\/seedsecu.com\/vn\/become-a-reseller\/#breadcrumb\"},\"inLanguage\":\"vi\",\"potentialAction\":[{\"@type\":\"ReadAction\",\"target\":[\"https:\/\/seedsecu.com\/vn\/become-a-reseller\/\"]}]},{\"@type\":\"BreadcrumbList\",\"@id\":\"https:\/\/seedsecu.com\/vn\/become-a-reseller\/#breadcrumb\",\"itemListElement\":[{\"@type\":\"ListItem\",\"position\":1,\"name\":\"Home\",\"item\":\"https:\/\/seedsecu.com\/vn\/\"},{\"@type\":\"ListItem\",\"position\":2,\"name\":\"Tr\u1edf Th\u00e0nh Nh\u00e0 Ph\u00e2n Ph\u1ed1i\"}]},{\"@type\":\"WebSite\",\"@id\":\"https:\/\/seedsecu.com\/vn\/#website\",\"url\":\"https:\/\/seedsecu.com\/vn\/\",\"name\":\"V\u00ed C\u1ee9ng Seedsecu\",\"description\":\"V\u00ed C\u1ee9ng - V\u00ed L\u1ea1nh L\u01b0u Tr\u1eef Seed Phrase\",\"publisher\":{\"@id\":\"https:\/\/seedsecu.com\/vn\/#organization\"},\"potentialAction\":[{\"@type\":\"SearchAction\",\"target\":{\"@type\":\"EntryPoint\",\"urlTemplate\":\"https:\/\/seedsecu.com\/vn\/?s={search_term_string}\"},\"query-input\":\"required name=search_term_string\"}],\"inLanguage\":\"vi\"},{\"@type\":\"Organization\",\"@id\":\"https:\/\/seedsecu.com\/vn\/#organization\",\"name\":\"Seedsecu\",\"url\":\"https:\/\/seedsecu.com\/vn\/\",\"logo\":{\"@type\":\"ImageObject\",\"inLanguage\":\"vi\",\"@id\":\"https:\/\/seedsecu.com\/vn\/#\/schema\/logo\/image\/\",\"url\":\"https:\/\/seedsecu.com\/vn\/wp-content\/uploads\/sites\/5\/2022\/12\/seed-phrase-safe-1.png\",\"contentUrl\":\"https:\/\/seedsecu.com\/vn\/wp-content\/uploads\/sites\/5\/2022\/12\/seed-phrase-safe-1.png\",\"width\":311,\"height\":370,\"caption\":\"Seedsecu\"},\"image\":{\"@id\":\"https:\/\/seedsecu.com\/vn\/#\/schema\/logo\/image\/\"}}]}<\/script>\n<!-- \/ Yoast SEO plugin. -->","yoast_head_json":{"title":"Tr\u1edf Th\u00e0nh Nh\u00e0 Ph\u00e2n Ph\u1ed1i - V\u00ed C\u1ee9ng Seedsecu","description":"\u0110\u0103ng k\u00fd tr\u1edf th\u00e0nh nh\u00e0 ph\u00e2n ph\u1ed1i v\u00ed c\u1ee9ng l\u01b0u tr\u1eef crypto seed phrase c\u1ee7a v\u00ed tr\u1eef l\u1ea1nh, v\u00ed n\u00f3ng - SeedSecu","robots":{"index":"index","follow":"follow","max-snippet":"max-snippet:-1","max-image-preview":"max-image-preview:large","max-video-preview":"max-video-preview:-1"},"canonical":"https:\/\/seedsecu.com\/vn\/become-a-reseller\/","og_locale":"vi_VN","og_type":"article","og_title":"Tr\u1edf Th\u00e0nh Nh\u00e0 Ph\u00e2n Ph\u1ed1i - V\u00ed C\u1ee9ng Seedsecu","og_description":"\u0110\u0103ng k\u00fd tr\u1edf th\u00e0nh nh\u00e0 ph\u00e2n ph\u1ed1i v\u00ed c\u1ee9ng l\u01b0u tr\u1eef crypto seed phrase c\u1ee7a v\u00ed tr\u1eef l\u1ea1nh, v\u00ed n\u00f3ng - SeedSecu","og_url":"https:\/\/seedsecu.com\/vn\/become-a-reseller\/","og_site_name":"V\u00ed C\u1ee9ng Seedsecu","article_modified_time":"2022-12-16T08:40:25+00:00","og_image":[{"url":"https:\/\/seedsecu.com\/vn\/wp-content\/uploads\/sites\/5\/2022\/12\/hardware-wallet-bitcoin-distribution.png"}],"twitter_card":"summary_large_image","twitter_misc":{"\u01af\u1edbc t\u00ednh th\u1eddi gian \u0111\u1ecdc":"1 ph\u00fat"},"schema":{"@context":"https:\/\/schema.org","@graph":[{"@type":"WebPage","@id":"https:\/\/seedsecu.com\/vn\/become-a-reseller\/","url":"https:\/\/seedsecu.com\/vn\/become-a-reseller\/","name":"Tr\u1edf Th\u00e0nh Nh\u00e0 Ph\u00e2n Ph\u1ed1i - V\u00ed C\u1ee9ng Seedsecu","isPartOf":{"@id":"https:\/\/seedsecu.com\/vn\/#website"},"datePublished":"2022-11-23T07:03:32+00:00","dateModified":"2022-12-16T08:40:25+00:00","description":"\u0110\u0103ng k\u00fd tr\u1edf th\u00e0nh nh\u00e0 ph\u00e2n ph\u1ed1i v\u00ed c\u1ee9ng l\u01b0u tr\u1eef crypto seed phrase c\u1ee7a v\u00ed tr\u1eef l\u1ea1nh, v\u00ed n\u00f3ng - SeedSecu","breadcrumb":{"@id":"https:\/\/seedsecu.com\/vn\/become-a-reseller\/#breadcrumb"},"inLanguage":"vi","potentialAction":[{"@type":"ReadAction","target":["https:\/\/seedsecu.com\/vn\/become-a-reseller\/"]}]},{"@type":"BreadcrumbList","@id":"https:\/\/seedsecu.com\/vn\/become-a-reseller\/#breadcrumb","itemListElement":[{"@type":"ListItem","position":1,"name":"Home","item":"https:\/\/seedsecu.com\/vn\/"},{"@type":"ListItem","position":2,"name":"Tr\u1edf Th\u00e0nh Nh\u00e0 Ph\u00e2n Ph\u1ed1i"}]},{"@type":"WebSite","@id":"https:\/\/seedsecu.com\/vn\/#website","url":"https:\/\/seedsecu.com\/vn\/","name":"V\u00ed C\u1ee9ng Seedsecu","description":"V\u00ed C\u1ee9ng - V\u00ed L\u1ea1nh L\u01b0u Tr\u1eef Seed Phrase","publisher":{"@id":"https:\/\/seedsecu.com\/vn\/#organization"},"potentialAction":[{"@type":"SearchAction","target":{"@type":"EntryPoint","urlTemplate":"https:\/\/seedsecu.com\/vn\/?s={search_term_string}"},"query-input":"required name=search_term_string"}],"inLanguage":"vi"},{"@type":"Organization","@id":"https:\/\/seedsecu.com\/vn\/#organization","name":"Seedsecu","url":"https:\/\/seedsecu.com\/vn\/","logo":{"@type":"ImageObject","inLanguage":"vi","@id":"https:\/\/seedsecu.com\/vn\/#\/schema\/logo\/image\/","url":"https:\/\/seedsecu.com\/vn\/wp-content\/uploads\/sites\/5\/2022\/12\/seed-phrase-safe-1.png","contentUrl":"https:\/\/seedsecu.com\/vn\/wp-content\/uploads\/sites\/5\/2022\/12\/seed-phrase-safe-1.png","width":311,"height":370,"caption":"Seedsecu"},"image":{"@id":"https:\/\/seedsecu.com\/vn\/#\/schema\/logo\/image\/"}}]}},"_links":{"self":[{"href":"https:\/\/seedsecu.com\/vn\/wp-json\/wp\/v2\/pages\/2052"}],"collection":[{"href":"https:\/\/seedsecu.com\/vn\/wp-json\/wp\/v2\/pages"}],"about":[{"href":"https:\/\/seedsecu.com\/vn\/wp-json\/wp\/v2\/types\/page"}],"author":[{"embeddable":true,"href":"https:\/\/seedsecu.com\/vn\/wp-json\/wp\/v2\/users\/1"}],"replies":[{"embeddable":true,"href":"https:\/\/seedsecu.com\/vn\/wp-json\/wp\/v2\/comments?post=2052"}],"version-history":[{"count":1,"href":"https:\/\/seedsecu.com\/vn\/wp-json\/wp\/v2\/pages\/2052\/revisions"}],"predecessor-version":[{"id":2657,"href":"https:\/\/seedsecu.com\/vn\/wp-json\/wp\/v2\/pages\/2052\/revisions\/2657"}],"wp:attachment":[{"href":"https:\/\/seedsecu.com\/vn\/wp-json\/wp\/v2\/media?parent=2052"}],"curies":[{"name":"wp","href":"https:\/\/api.w.org\/{rel}","templated":true}]}}